{"id":14031,"date":"2024-02-06T02:33:34","date_gmt":"2024-02-06T02:33:34","guid":{"rendered":"https:\/\/protonpaper.com\/?page_id=14031"},"modified":"2024-10-03T10:54:00","modified_gmt":"2024-10-03T05:24:00","slug":"home","status":"publish","type":"page","link":"https:\/\/protonpaper.com\/de\/","title":{"rendered":"Heim"},"content":{"rendered":"<section class=\"wpb-content-wrapper\"><p><\/p>\n<p>[vc_row full_width=&#8220;stretch_row&#8220; css=&#8220;.vc_custom_1707423368536{background-color: #24315e !important;background-position: 0 0 !important;background-repeat: repeat !important;}&#8220; el_class=&#8220;spaced about_us_home&#8220;][vc_column css_animation=&#8220;fadeInLeft&#8220; width=&#8220;1\/2&#8243; css=&#8220;.vc_custom_1705564531647{margin-bottom: 20px !important;}&#8220; el_class=&#8220;animate&#8220;][vc_single_image image=&#8220;14219&#8243; alignment=&#8220;center&#8220; style=&#8220;vc_box_rounded&#8220;][\/vc_column][vc_column css_animation=&#8220;fadeInRight&#8220; width=&#8220;1\/2&#8243; el_class=&#8220;animate animate-1&#8243;][vc_custom_heading text=&#8220;\u00dcber Proton&#8220; font_container=&#8220;tag:h1|text_align:left|color:%23ffffff&#8220; use_theme_fonts=&#8220;yes&#8220;][vc_column_text]<\/p>\n<div id=\"pgc-7788-1-1\" class=\"panel-grid-cell\" style=\"color: #f5f5f5;\">\n<div id=\"panel-7788-1-1-0\" class=\"so-panel widget widget_black-studio-tinymce widget_black_studio_tinymce panel-first-child panel-last-child\" data-index=\"5\">\n<div class=\"animate animate-2 panel-widget-style panel-widget-style-for-7788-1-1-0 visible\">\n<div class=\"textwidget\" style=\"text-align: justify;\">Seit 2004 sind wir der f\u00fchrende Hersteller von Duplex-Karton in Morbi. Wir liefern unser Duplex-Papier in ganz Indien und weltweit. Unser Ziel ist es, die Anforderungen jedes Kunden durch zuverl\u00e4ssige, kreative und umweltfreundliche L\u00f6sungen zu erf\u00fcllen. Mit einem Jahrzehnt Erfahrung im Bereich der Papierindustrie hat sich Proton Paper eine Glaubw\u00fcrdigkeit auf dem Markt erworben. Unsere Gruppe hochqualifizierter Mitarbeiter ist bestrebt, unsere erstklassigen Produkte und Dienstleistungen anzubieten. Unser Duplex-Karton wird mit moderner Technologie und nachhaltigen Herstellungsprozessen hergestellt.<\/div>\n<\/div>\n<\/div>\n<\/div>\n<p>[\/vc_column_text]<p class=\"text-left\"><a href=\"https:\/\/protonpaper.com\/company-profile\/\" class=\"btn btn-regular arrow-right\"><span>Mehr lesen<\/span><\/a><\/p>[\/vc_column][\/vc_row][vc_row full_width=&#8220;stretch_row&#8220; css=&#8220;.vc_custom_1705566226397{background-position: 0 0 !important;background-repeat: repeat !important;}&#8220; el_class=&#8220;spaced&#8220;][vc_column css_animation=&#8220;fadeInUp&#8220; css=&#8220;.vc_custom_1705564550727{padding-top: 0px !important;}&#8220;][vc_custom_heading text=&#8220;Unsere Produkte&#8220; font_container=&#8220;tag:h2|text_align:center&#8220; use_theme_fonts=&#8220;yes&#8220;]<div class=\"dash style-dark centered\"><\/div>[vc_row_inner el_class=&#8220;home_product_box&#8220;][vc_column_inner width=&#8220;1\/3&#8243;][vc_hoverbox image=&#8220;14193&#8243; primary_title=&#8220;&#8220; hover_title=&#8220;&#8220; hover_align=&#8220;left&#8220; hover_title_font_container=&#8220;font_size:20px&#8220; hover_title_use_theme_fonts=&#8220;yes&#8220; shape=&#8220;square&#8220; hover_background_color=&#8220;custom&#8220; hover_btn_title=&#8220;Mehr lesen&#8220; hover_btn_color=&#8220;warning&#8220; hover_btn_align=&#8220;left&#8220; use_custom_fonts_hover_title=&#8220;true&#8220; hover_add_button=&#8220;true&#8220; hover_custom_background=&#8220;#24315e&#8220; hover_btn_link=&#8220;url:https%3A%2F%2Fprotonpaper.com%2Fproducts%2Fpixel-navvy%2F|title:Pixel%20Navvy&#8220;]<\/p>\n<h2>Pixel Navvy<\/h2>\n<h3>Duplex-Platine mit grauer R\u00fcckseite<\/h3>\n<p>Verf\u00fcgbar in<\/p>\n<h2>230 bis 450 GSM<\/h2>\n<p>[\/vc_hoverbox][vc_custom_heading text=&#8220;Pixel-Marine&#8220; font_container=&#8220;tag:h3|text_align:center&#8220; use_theme_fonts=&#8220;yes&#8220; css=&#8220;.vc_custom_1712987100885{padding-top: 30px !important;padding-bottom: 30px !important;}&#8220;][\/vc_column_inner][vc_column_inner width=&#8220;1\/3&#8243;][vc_hoverbox image=&#8220;14192&#8243; primary_title=&#8220;&#8220; primary_align=&#8220;justify&#8220; hover_title=&#8220;&#8220; hover_align=&#8220;left&#8220; hover_title_font_container=&#8220;font_size:20px&#8220; hover_title_use_theme_fonts=&#8220;yes&#8220; shape=&#8220;square&#8220; hover_background_color=&#8220;custom&#8220; hover_btn_title=&#8220;Mehr lesen&#8220; hover_btn_color=&#8220;warning&#8220; hover_btn_align=&#8220;left&#8220; use_custom_fonts_hover_title=&#8220;true&#8220; hover_add_button=&#8220;true&#8220; hover_custom_background=&#8220;#24315e&#8220; hover_btn_link=&#8220;url:https%3A%2F%2Fprotonpaper.com%2Fproducts%2Fpixel-classic%2F|title:Pixel%20Classic&#8220;]<\/p>\n<h2>Pixel Classic<\/h2>\n<h3>Duplex-Platine mit grauer R\u00fcckseite<\/h3>\n<p>Verf\u00fcgbar in<\/p>\n<h2>180 bis 450 GSM<\/h2>\n<p>[\/vc_hoverbox][vc_custom_heading text=&#8220;Pixel-Klassiker&#8220; font_container=&#8220;tag:h3|text_align:center&#8220; use_theme_fonts=&#8220;yes&#8220; css=&#8220;.vc_custom_1712987132892{padding-top: 30px !important;padding-bottom: 30px !important;}&#8220;][\/vc_column_inner][vc_column_inner width=&#8220;1\/3&#8243;][vc_hoverbox image=&#8220;14195&#8243; primary_title=&#8220;&#8220; primary_align=&#8220;justify&#8220; hover_title=&#8220;&#8220; hover_align=&#8220;left&#8220; hover_title_font_container=&#8220;font_size:20&#8243; hover_title_use_theme_fonts=&#8220;yes&#8220; shape=&#8220;square&#8220; hover_background_color=&#8220;custom&#8220; hover_btn_title=&#8220;Mehr lesen&#8220; hover_btn_color=&#8220;warning&#8220; hover_btn_align=&#8220;left&#8220; use_custom_fonts_hover_title=&#8220;true&#8220; hover_add_button=&#8220;true&#8220; hover_custom_background=&#8220;#24315e&#8220; hover_btn_link=&#8220;url:https%3A%2F%2Fprotonpaper.com%2Fproducts%2Fpixel-prime%2F|title:Pixel%20Prime&#8220;]<\/p>\n<h2>Pixel Prime<\/h2>\n<h3>Duplex-Platine mit grauer R\u00fcckseite<\/h3>\n<p>Verf\u00fcgbar in<\/p>\n<h2>180 bis 450 GSM<\/h2>\n<p>[\/vc_hoverbox][vc_custom_heading text=&#8220;Pixel Prime&#8220; font_container=&#8220;tag:h3|text_align:center&#8220; use_theme_fonts=&#8220;yes&#8220; css=&#8220;.vc_custom_1712987161468{padding-top: 30px !important;padding-bottom: 30px !important;}&#8220;][\/vc_column_inner][\/vc_row_inner][vc_row_inner css=&#8220;.vc_custom_1707575745790{margin-top: 60px !important;}&#8220; el_class=&#8220;home_product_box&#8220;][vc_column_inner width=&#8220;1\/6&#8243;][\/vc_column_inner][vc_column_inner width=&#8220;1\/3&#8243;][vc_hoverbox image=&#8220;14196&#8243; primary_title=&#8220;&#8220; primary_align=&#8220;justify&#8220; hover_title=&#8220;&#8220; hover_align=&#8220;left&#8220; hover_title_font_container=&#8220;font_size:20&#8243; hover_title_use_theme_fonts=&#8220;yes&#8220; shape=&#8220;square&#8220; hover_background_color=&#8220;custom&#8220; hover_btn_title=&#8220;Mehr lesen&#8220; hover_btn_color=&#8220;warning&#8220; hover_btn_align=&#8220;left&#8220; use_custom_fonts_hover_title=&#8220;true&#8220; hover_add_button=&#8220;true&#8220; hover_custom_background=&#8220;#24315e&#8220; hover_btn_link=&#8220;url:https%3A%2F%2Fprotonpaper.com%2Fproducts%2Fpixel-shield%2F|title:Pixel%20Shield&#8220;]<\/p>\n<h2>Pixelschild<\/h2>\n<h3>Duplex-Platine mit wei\u00dfer R\u00fcckseite<\/h3>\n<p>Verf\u00fcgbar in<\/p>\n<h2>200 bis 450 GSM<\/h2>\n<p>[\/vc_hoverbox][vc_custom_heading text=&#8220;Pixelschild&#8220; font_container=&#8220;tag:h3|text_align:center&#8220; use_theme_fonts=&#8220;yes&#8220; css=&#8220;.vc_custom_1712987192199{padding-top: 30px !important;padding-bottom: 30px !important;}&#8220;][\/vc_column_inner][vc_column_inner width=&#8220;1\/3&#8243;][vc_hoverbox image=&#8220;14194&#8243; primary_title=&#8220;&#8220; primary_align=&#8220;justify&#8220; hover_title=&#8220;&#8220; hover_align=&#8220;left&#8220; hover_title_font_container=&#8220;font_size:20&#8243; hover_title_use_theme_fonts=&#8220;yes&#8220; shape=&#8220;square&#8220; hover_background_color=&#8220;custom&#8220; hover_btn_title=&#8220;Mehr lesen&#8220; hover_btn_color=&#8220;warning&#8220; hover_btn_align=&#8220;left&#8220; use_custom_fonts_hover_title=&#8220;true&#8220; hover_add_button=&#8220;true&#8220; hover_custom_background=&#8220;#24315e&#8220; hover_btn_link=&#8220;url:https%3A%2F%2Fprotonpaper.com%2Fproducts%2Fpixel-platinum%2F|title:Pixel%20Platinum&#8220;]<\/p>\n<h2>Pixel Platin<\/h2>\n<h3>Duplex-Karton mit Kraftr\u00fcckseite<\/h3>\n<p>Verf\u00fcgbar in<\/p>\n<h2>280 bis 450 GSM<\/h2>\n<p>[\/vc_hoverbox][vc_custom_heading text=&#8220;Pixel Platin&#8220; font_container=&#8220;tag:h3|text_align:center&#8220; use_theme_fonts=&#8220;yes&#8220; css=&#8220;.vc_custom_1712987225644{padding-top: 30px !important;padding-bottom: 30px !important;}&#8220;][\/vc_column_inner][vc_column_inner width=&#8220;1\/6&#8243;][\/vc_column_inner][\/vc_row_inner][\/vc_column][\/vc_row][vc_row full_width=&#8220;stretch_row&#8220; css=&#8220;.vc_custom_1707162401422{padding-top: 90px !important;padding-bottom: 90px !important;background-color: #24315e !important;}&#8220;][vc_column css_animation=&#8220;fadeIn&#8220;][vc_custom_heading text=&#8220;Attribut&#8220; font_container=&#8220;tag:h2|text_align:center|color:%23ffffff&#8220; use_theme_fonts=&#8220;yes&#8220; css_animation=&#8220;fadeInUp&#8220;]<div class=\"dash style-light centered\"><\/div>[vc_row_inner][vc_column_inner width=&#8220;1\/4&#8243;][vc_single_image image=&#8220;14001&#8243;][vc_custom_heading text=&#8220;Beste Druckqualit\u00e4t&#8220; font_container=&#8220;tag:h3|text_align:center|color:%23ffffff&#8220; use_theme_fonts=&#8220;yes&#8220;][\/vc_column_inner][vc_column_inner width=&#8220;1\/4&#8243;][vc_single_image image=&#8220;14009&#8243;][vc_custom_heading text=&#8220;Freischneiden&#8220; font_container=&#8220;tag:h3|text_align:center|color:%23ffffff&#8220; use_theme_fonts=&#8220;yes&#8220;][\/vc_column_inner][vc_column_inner width=&#8220;1\/4&#8243;][vc_single_image image=&#8220;14003&#8243;][vc_custom_heading text=&#8220;Umweltfreundliches Papier&#8220; font_container=&#8220;tag:h3|text_align:center|color:%23ffffff&#8220; use_theme_fonts=&#8220;yes&#8220;][\/vc_column_inner][vc_column_inner width=&#8220;1\/4&#8243;][vc_single_image image=&#8220;14007&#8243;][vc_custom_heading text=&#8220;L\u00e4uft einwandfrei auf einem Hochgeschwindigkeitsdrucker&#8220; font_container=&#8220;tag:h3|text_align:center|color:%23ffffff&#8220; use_theme_fonts=&#8220;yes&#8220;][\/vc_column_inner][\/vc_row_inner][vc_row_inner][vc_column_inner width=&#8220;1\/4&#8243;][vc_single_image image=&#8220;14437&#8243;][vc_custom_heading text=&#8220;Hohe Helligkeit&#8220; font_container=&#8220;tag:h3|text_align:center|color:%23ffffff&#8220; use_theme_fonts=&#8220;yes&#8220;][\/vc_column_inner][vc_column_inner width=&#8220;1\/4&#8243;][vc_single_image image=&#8220;14226&#8243;][vc_custom_heading text=&#8220;Staubfrei&#8220; font_container=&#8220;tag:h3|text_align:center|color:%23ffffff&#8220; use_theme_fonts=&#8220;yes&#8220;][\/vc_column_inner][vc_column_inner width=&#8220;1\/4&#8243;][vc_single_image image=&#8220;14228&#8243;][vc_custom_heading text=&#8220;Hohe Festigkeit und hohe Steifigkeit&#8220; font_container=&#8220;tag:h3|text_align:center|color:%23ffffff&#8220; use_theme_fonts=&#8220;yes&#8220;][\/vc_column_inner][vc_column_inner width=&#8220;1\/4&#8243;][vc_single_image image=&#8220;14438&#8243;][vc_custom_heading text=&#8220;Glatte Oberfl\u00e4che&#8220; font_container=&#8220;tag:h3|text_align:center|color:%23ffffff&#8220; use_theme_fonts=&#8220;yes&#8220;][\/vc_column_inner][\/vc_row_inner][\/vc_column][\/vc_row][vc_row full_width=&#8220;stretch_row&#8220; disable_element=&#8220;yes&#8220; css=&#8220;.vc_custom_1707162410628{background: #24315e url(https:\/\/protonpaper.com\/wp-content\/uploads\/2018\/10\/vertical-grid-5.png?id=12972) !important;background-position: 0 0 !important;background-repeat: repeat !important;}&#8220; el_class=&#8220;spaced&#8220;][vc_column css_animation=&#8220;fadeInUp&#8220; css=&#8220;.vc_custom_1705564625071{margin-bottom: 20px !important;}&#8220; el_class=&#8220;animate&#8220;][vc_column_text]<\/p>\n<h2 style=\"text-align: center;\"><span style=\"color: #ffffff;\">Green Business Initiatives<\/span><\/h2>\n<p>[\/vc_column_text]<div class=\"dash style-light centered\"><\/div>[vc_column_text css=&#8220;.vc_custom_1705522413717{padding-bottom: 40px !important;}&#8220;]<\/p>\n<h3 style=\"text-align: center;\"><span style=\"color: #ffffff;\">At proton paper product, profit do not take a front seat at the cost of our environment<\/span><\/h3>\n<p>[\/vc_column_text][vc_row_inner][vc_column_inner width=&#8220;1\/3&#8243;][vc_single_image image=&#8220;13962&#8243; alignment=&#8220;center&#8220;][vc_custom_heading text=&#8220;100% Reuse of water&#8220; font_container=&#8220;tag:h3|text_align:center|color:%23ffffff&#8220; use_theme_fonts=&#8220;yes&#8220;][vc_column_text]<\/p>\n<p style=\"text-align: center; color: #fff;\">Paper mulls are often blamed for excessive water wastage. At Proton paper product, We recycle 100% of the water discharged from the factory<\/p>\n<p>[\/vc_column_text][\/vc_column_inner][vc_column_inner width=&#8220;1\/3&#8243;][vc_single_image image=&#8220;13957&#8243; alignment=&#8220;center&#8220;][vc_custom_heading text=&#8220;Reusing Recycled Materials&#8220; font_container=&#8220;tag:h3|text_align:center|color:%23ffffff&#8220; use_theme_fonts=&#8220;yes&#8220;][vc_column_text]<\/p>\n<p style=\"text-align: center; color: #fff;\">All our products are made from recyclable material\/paper waste. Recycled Raw Material Put To Use<\/p>\n<p>[\/vc_column_text][\/vc_column_inner][vc_column_inner width=&#8220;1\/3&#8243;][vc_single_image image=&#8220;13958&#8243; alignment=&#8220;center&#8220;][vc_custom_heading text=&#8220;Sustainable Future&#8220; font_container=&#8220;tag:h3|text_align:center|color:%23ffffff&#8220; use_theme_fonts=&#8220;yes&#8220;][vc_column_text]<\/p>\n<p style=\"text-align: center; color: #fff;\">Not only our products are made from Recyclable material, our products can be 100% recycled after use. Which makes it apt for a sustainable future<\/p>\n<p>[\/vc_column_text][\/vc_column_inner][\/vc_row_inner][\/vc_column][\/vc_row][vc_row full_width=&#8220;stretch_row&#8220; css=&#8220;.vc_custom_1707576504178{background-position: 0 0 !important;background-repeat: repeat !important;}&#8220; el_class=&#8220;spaced&#8220;][vc_column css_animation=&#8220;fadeInUp&#8220; css=&#8220;.vc_custom_1705564625071{margin-bottom: 20px !important;}&#8220; el_class=&#8220;animate&#8220;][vc_column_text]<\/p>\n<h2 style=\"text-align: center;\"><span data-sheets-root=\"1\" data-sheets-value=\"{&quot;1&quot;:2,&quot;2&quot;:&quot;Herstellungsprozess&quot;}\" data-sheets-formula=\"=GOOGLETRANSLATE(R[0]C[-1],&quot;en&quot;,&quot;de&quot;)\">Herstellungsprozess<\/span><\/h2>\n<p>[\/vc_column_text]<div class=\"dash style-light centered\"><\/div>[vc_row_inner][vc_column_inner][vc_single_image image=&#8220;14318&#8243; alignment=&#8220;center&#8220;][\/vc_column_inner][\/vc_row_inner][\/vc_column][\/vc_row][vc_row full_width=&#8220;stretch_row&#8220; gap=&#8220;30&#8243; content_placement=&#8220;middle&#8220; css=&#8220;.vc_custom_1709752505953{background-position: 0 0 !important;background-repeat: repeat !important;}&#8220; el_class=&#8220;spaced&#8220;][vc_column css_animation=&#8220;fadeInLeft&#8220; width=&#8220;1\/2&#8243;]<span class=\"subtitle dash-false style-dark text-default\">KONTAKTIERE UNS<\/span>[vc_column_text]<\/p>\n<h2><span data-sheets-root=\"1\" data-sheets-value=\"{&quot;1&quot;:2,&quot;2&quot;:&quot;Nehmen Sie Kontakt mit uns auf&quot;}\" data-sheets-formula=\"=GOOGLETRANSLATE(R[0]C[-1],&quot;en&quot;,&quot;de&quot;)\">Nehmen Sie Kontakt mit uns auf<\/span><\/h2>\n<p>[\/vc_column_text]<div class=\"dash style-dark default\"><\/div>[vc_column_text]<span data-sheets-root=\"1\" data-sheets-value=\"{&quot;1&quot;:2,&quot;2&quot;:&quot;Wir sch\u00e4tzen Ihr Feedback, Ihre Anfragen und die M\u00f6glichkeit, mit Ihnen in Kontakt zu treten. Kontaktieren Sie uns gerne \u00fcber die Kontaktinformationen&quot;}\" data-sheets-formula=\"=GOOGLETRANSLATE(R[0]C[-1],&quot;en&quot;,&quot;de&quot;)\">Wir sch\u00e4tzen Ihr Feedback, Ihre Anfragen und die M\u00f6glichkeit, mit Ihnen in Kontakt zu treten. Kontaktieren Sie uns gerne \u00fcber die Kontaktinformationen<\/span>[\/vc_column_text][\/vc_column][vc_column css_animation=&#8220;fadeInRight&#8220; width=&#8220;1\/2&#8243;][vc_row_inner][vc_column_inner el_class=&#8220;shadow-box&#8220; css=&#8220;.vc_custom_1536751808789{margin-bottom: 30px !important;}&#8220;]\n<div class=\"wpcf7 no-js\" id=\"wpcf7-f13434-o2\" lang=\"en-US\" dir=\"ltr\" data-wpcf7-id=\"13434\">\n<div class=\"screen-reader-response\"><p role=\"status\" aria-live=\"polite\" aria-atomic=\"true\"><\/p> <ul><\/ul><\/div>\n<form action=\"\/de\/wp-json\/wp\/v2\/pages\/14031#wpcf7-f13434-o2\" method=\"post\" class=\"wpcf7-form init\" aria-label=\"Contact form\" novalidate=\"novalidate\" data-status=\"init\">\n<fieldset class=\"hidden-fields-container\"><input type=\"hidden\" name=\"_wpcf7\" value=\"13434\" \/><input type=\"hidden\" name=\"_wpcf7_version\" value=\"6.1.5\" \/><input type=\"hidden\" name=\"_wpcf7_locale\" value=\"en_US\" \/><input type=\"hidden\" name=\"_wpcf7_unit_tag\" value=\"wpcf7-f13434-o2\" \/><input type=\"hidden\" name=\"_wpcf7_container_post\" value=\"0\" \/><input type=\"hidden\" name=\"_wpcf7_posted_data_hash\" value=\"\" \/><input type=\"hidden\" name=\"_wpcf7_recaptcha_response\" value=\"\" \/>\n<\/fieldset>\n<p><label>Name<br \/>\n<span class=\"wpcf7-form-control-wrap\" data-name=\"your-name\"><input size=\"40\" maxlength=\"400\" class=\"wpcf7-form-control wpcf7-text wpcf7-validates-as-required\" autocomplete=\"name\" aria-required=\"true\" aria-invalid=\"false\" placeholder=\"Name\" value=\"\" type=\"text\" name=\"your-name\" \/><\/span> <\/label>\n<\/p>\n<p><label>Phone<br \/>\n<span class=\"wpcf7-form-control-wrap\" data-name=\"tel-341\"><input size=\"40\" maxlength=\"15\" minlength=\"7\" class=\"wpcf7-form-control wpcf7-tel wpcf7-validates-as-required wpcf7-text wpcf7-validates-as-tel\" aria-required=\"true\" aria-invalid=\"false\" placeholder=\"Phone Number\" value=\"\" type=\"tel\" name=\"tel-341\" \/><\/span> <\/label>\n<\/p>\n<p><label>Email<br \/>\n<span class=\"wpcf7-form-control-wrap\" data-name=\"your-email\"><input size=\"40\" maxlength=\"400\" class=\"wpcf7-form-control wpcf7-email wpcf7-validates-as-required wpcf7-text wpcf7-validates-as-email\" autocomplete=\"email\" aria-required=\"true\" aria-invalid=\"false\" placeholder=\"Email\" value=\"\" type=\"email\" name=\"your-email\" \/><\/span> <\/label>\n<\/p>\n<p><label>Message<br \/>\n<span class=\"wpcf7-form-control-wrap\" data-name=\"message\"><textarea cols=\"40\" rows=\"10\" maxlength=\"2000\" class=\"wpcf7-form-control wpcf7-textarea\" aria-invalid=\"false\" placeholder=\"Message\" name=\"message\"><\/textarea><\/span><\/label>\n<\/p>\n<p><input class=\"wpcf7-form-control wpcf7-submit has-spinner blue_back\" type=\"submit\" value=\"Send\" \/>\n<\/p><div class=\"wpcf7-response-output\" aria-hidden=\"true\"><\/div>\n<\/form>\n<\/div>\n[\/vc_column_inner][\/vc_row_inner][\/vc_column][\/vc_row]<\/p>\n<p><\/p>\n<\/section>","protected":false},"excerpt":{"rendered":"<p>[vc_row full_width=&#8220;stretch_row&#8220; css=&#8220;.vc_custom_1707423368536{background-color: #24315e !important;background-position: 0 0 !important;background-repeat: repeat !important;}&#8220; el_class=&#8220;spaced about_us_home&#8220;][vc_column css_animation=&#8220;fadeInLeft&#8220; width=&#8220;1\/2&#8243; css=&#8220;.vc_custom_1705564531647{margin-bottom: 20px !important;}&#8220; el_class=&#8220;animate&#8220;][vc_single_image image=&#8220;14219&#8243; alignment=&#8220;center&#8220; style=&#8220;vc_box_rounded&#8220;][\/vc_column][vc_column css_animation=&#8220;fadeInRight&#8220; width=&#8220;1\/2&#8243; el_class=&#8220;animate animate-1&#8243;][vc_custom_heading text=&#8220;\u00dcber Proton&#8220; font_container=&#8220;tag:h1|text_align:left|color:%23ffffff&#8220; use_theme_fonts=&#8220;yes&#8220;][vc_column_text] Seit 2004 sind wir der f\u00fchrende Hersteller von Duplex-Karton in Morbi. Wir liefern unser Duplex-Papier in ganz Indien und weltweit. Unser Ziel ist es, die Anforderungen [&hellip;]<\/p>\n","protected":false},"author":1,"featured_media":0,"parent":0,"menu_order":0,"comment_status":"closed","ping_status":"closed","template":"page-slider.php","meta":{"footnotes":""},"class_list":["post-14031","page","type-page","status-publish","hentry"],"acf":[],"_links":{"self":[{"href":"https:\/\/protonpaper.com\/de\/wp-json\/wp\/v2\/pages\/14031","targetHints":{"allow":["GET"]}}],"collection":[{"href":"https:\/\/protonpaper.com\/de\/wp-json\/wp\/v2\/pages"}],"about":[{"href":"https:\/\/protonpaper.com\/de\/wp-json\/wp\/v2\/types\/page"}],"author":[{"embeddable":true,"href":"https:\/\/protonpaper.com\/de\/wp-json\/wp\/v2\/users\/1"}],"replies":[{"embeddable":true,"href":"https:\/\/protonpaper.com\/de\/wp-json\/wp\/v2\/comments?post=14031"}],"version-history":[{"count":107,"href":"https:\/\/protonpaper.com\/de\/wp-json\/wp\/v2\/pages\/14031\/revisions"}],"predecessor-version":[{"id":16254,"href":"https:\/\/protonpaper.com\/de\/wp-json\/wp\/v2\/pages\/14031\/revisions\/16254"}],"wp:attachment":[{"href":"https:\/\/protonpaper.com\/de\/wp-json\/wp\/v2\/media?parent=14031"}],"curies":[{"name":"wp","href":"https:\/\/api.w.org\/{rel}","templated":true}]}}