{"id":14180,"date":"2024-02-10T14:04:44","date_gmt":"2024-02-10T14:04:44","guid":{"rendered":"https:\/\/protonpaper.com\/?page_id=14180"},"modified":"2025-01-30T12:35:21","modified_gmt":"2025-01-30T07:05:21","slug":"pixel-navvy","status":"publish","type":"page","link":"https:\/\/protonpaper.com\/de\/products\/pixel-navvy\/","title":{"rendered":"Duplex-Karton mit grauer R\u00fcckseite &#8211; Pixel Navvy"},"content":{"rendered":"<section class=\"wpb-content-wrapper\"><p>[vc_row][vc_column width=&#8220;1\/2&#8243;][vc_column_text][\/vc_column_text][\/vc_column][vc_column width=&#8220;1\/2&#8243;][vc_custom_heading text=&#8220;Pixel Navvy&#8220; use_theme_fonts=&#8220;yes&#8220;][vc_column_text]Pixel Navvy Duplex-Platine von Proton Paper mit grauer R\u00fcckseite von GSM 230 bis 450 in verschiedenen Gr\u00f6\u00dfen je nach Kundenwunsch. Pixel Navvy zeichnet sich durch hohe Steifigkeit, hohe Helligkeit und eine glatte Oberfl\u00e4che f\u00fcr feinste Druckausgabe aus perfekte Verpackungsl\u00f6sung. Duplexkarton ist aufgrund seiner dauerhaften Haltbarkeit, Festigkeit und Flexibilit\u00e4t eine bevorzugte Wahl f\u00fcr eine Vielzahl von Branchen. Ob beim Drucken, Verpacken oder in anderen Anwendungen. Duplexkarton ist eine preisg\u00fcnstige, umweltbewusste und zuverl\u00e4ssige Option, die Ihnen bei der Verwirklichung Ihrer Ziele helfen kann.<\/p>\n<h3><b>Produktdetails:<\/b><\/h3>\n<table class=\"a1\">\n<tbody>\n<tr class=\"icoo\">\n<th>Produktname<\/th>\n<td>Duplex-Platine mit grauer R\u00fcckseite<\/td>\n<\/tr>\n<tr class=\"icoo\">\n<th>GSM<\/th>\n<td>230\u2013450 GSM<\/td>\n<\/tr>\n<tr class=\"icoo\">\n<th>Anwendung<\/th>\n<td>1. Verpackungskarton<br \/>\n2. Druckauftrag<\/td>\n<\/tr>\n<\/tbody>\n<\/table>\n<p>[\/vc_column_text]<p class=\"text-left\"><a href=\"\" class=\"btn btn-primary arrow-right order_sample_kit\"><span>Musterkit bestellen<\/span><\/a><\/p>[\/vc_column][\/vc_row][vc_row][vc_column css=&#8220;.vc_custom_1707542969686{margin- oben: 60px !important;}&#8220;][vc_custom_heading text=&#8220;SPEZIFIKATIONSBLATT&#8220; use_theme_fonts=&#8220;yes&#8220;][vc_row_inner][vc_column_inner width=&#8220;2\/3&#8243;][vc_single_image image=&#8220;14506&#8243; align=&#8220;center&#8220;][vc_column_inner width=&#8220;1\/3&#8243;][\/vc_column_inner][\/vc_column_inner][vc_column_inner width=&#8220;1\/3&#8243;][vc_single_image image=&#8220;14502&#8243; align=&#8220;center&#8220;][vc_media_grid element_width=&#8220;6&#8243; gap=&#8220;2&#8243; item=&#8220;14532&#8243; grid_id=&#8220;vc_gid:1713266602890-39472e8b-c53a-10&#8243; include=&#8220;14548,14551,14550,14554&#8243; el_class=&#8220;proton-feature&#8220;][\/vc_column_inner][\/vc_row_inner][\/vc_column][\/vc_row][vc_row][vc_column width=&#8220;1\/4&#8243;][\/vc_column][vc_column width=&#8220;1\/2&#8243;]<p class=\"text-center\"><a href=\"https:\/\/protonpaper.com\/wp-content\/uploads\/2024\/03\/PIXEL-NAVVY.pdf\" target=\"_blank\" class=\"btn btn-primary arrow-right\"><span>Herunterladen<\/span><\/a><\/p>[\/vc_column][vc_column width=&#8220;1\/4&#8243;][\/vc_column][\/vc_row]<\/p>\n<\/section>","protected":false},"excerpt":{"rendered":"<p>[vc_row][vc_column width=&#8220;1\/2&#8243;][vc_column_text][\/vc_column_text][\/vc_column][vc_column width=&#8220;1\/2&#8243;][vc_custom_heading text=&#8220;Pixel Navvy&#8220; use_theme_fonts=&#8220;yes&#8220;][vc_column_text]Pixel Navvy Duplex-Platine von Proton Paper mit grauer R\u00fcckseite von GSM 230 bis 450 in verschiedenen Gr\u00f6\u00dfen je nach Kundenwunsch. Pixel Navvy zeichnet sich durch hohe Steifigkeit, hohe Helligkeit und eine glatte Oberfl\u00e4che f\u00fcr feinste Druckausgabe aus perfekte Verpackungsl\u00f6sung. Duplexkarton ist aufgrund seiner dauerhaften Haltbarkeit, Festigkeit und Flexibilit\u00e4t eine bevorzugte [&hellip;]<\/p>\n","protected":false},"author":1,"featured_media":14501,"parent":44,"menu_order":0,"comment_status":"closed","ping_status":"closed","template":"","meta":{"footnotes":""},"class_list":["post-14180","page","type-page","status-publish","has-post-thumbnail","hentry"],"acf":[],"_links":{"self":[{"href":"https:\/\/protonpaper.com\/de\/wp-json\/wp\/v2\/pages\/14180","targetHints":{"allow":["GET"]}}],"collection":[{"href":"https:\/\/protonpaper.com\/de\/wp-json\/wp\/v2\/pages"}],"about":[{"href":"https:\/\/protonpaper.com\/de\/wp-json\/wp\/v2\/types\/page"}],"author":[{"embeddable":true,"href":"https:\/\/protonpaper.com\/de\/wp-json\/wp\/v2\/users\/1"}],"replies":[{"embeddable":true,"href":"https:\/\/protonpaper.com\/de\/wp-json\/wp\/v2\/comments?post=14180"}],"version-history":[{"count":46,"href":"https:\/\/protonpaper.com\/de\/wp-json\/wp\/v2\/pages\/14180\/revisions"}],"predecessor-version":[{"id":16676,"href":"https:\/\/protonpaper.com\/de\/wp-json\/wp\/v2\/pages\/14180\/revisions\/16676"}],"up":[{"embeddable":true,"href":"https:\/\/protonpaper.com\/de\/wp-json\/wp\/v2\/pages\/44"}],"wp:featuredmedia":[{"embeddable":true,"href":"https:\/\/protonpaper.com\/de\/wp-json\/wp\/v2\/media\/14501"}],"wp:attachment":[{"href":"https:\/\/protonpaper.com\/de\/wp-json\/wp\/v2\/media?parent=14180"}],"curies":[{"name":"wp","href":"https:\/\/api.w.org\/{rel}","templated":true}]}}