{"id":14254,"date":"2024-02-10T17:46:30","date_gmt":"2024-02-10T17:46:30","guid":{"rendered":"https:\/\/protonpaper.com\/?page_id=14254"},"modified":"2025-07-08T09:43:14","modified_gmt":"2025-07-08T04:13:14","slug":"applications","status":"publish","type":"page","link":"https:\/\/protonpaper.com\/de\/applications\/","title":{"rendered":"Anwendungen"},"content":{"rendered":"<section class=\"wpb-content-wrapper\"><p>[vc_row][vc_column][vc_row_inner][vc_column_inner width=&#8220;1\/3&#8243;][vc_single_image image=&#8220;14268&#8243; alignment=&#8220;center&#8220;][vc_custom_heading text=&#8220;Drucken &#8211; UV-Druck&#8220; font_container=&#8220;tag:h3|text_align:center&#8220; use_theme_fonts=&#8220;yes&#8220;][vc_column_text]<\/p>\n<p style=\"text-align: center;\">Duplexpapier ist eine gute Wahl f\u00fcr den UV-Druck, da es eine verbesserte Druckqualit\u00e4t und Festigkeit bietet.<\/p>\n<p>[\/vc_column_text][\/vc_column_inner][vc_column_inner width=&#8220;1\/3&#8243;][vc_single_image image=&#8220;14264&#8243; alignment=&#8220;center&#8220;][vc_custom_heading text=&#8220;Drucken \u2013 Metalldruck&#8220; font_container=&#8220;tag:h3|text_align:center&#8220; use_theme_fonts=&#8220;yes&#8220;][vc_column_text]<\/p>\n<p style=\"text-align: center;\">Wenn es um den Metallic-Druck geht, ist Duplexpapier eine gute Option, da es eine stabile Grundlage f\u00fcr die Herstellung optisch auff\u00e4lliger Artikel bietet.<\/p>\n<p>[\/vc_column_text][\/vc_column_inner][vc_column_inner width=&#8220;1\/3&#8243;][vc_single_image image=&#8220;14265&#8243; alignment=&#8220;center&#8220;][vc_custom_heading text=&#8220;Verpackungsindustrie&#8220; font_container=&#8220;tag:h3|text_align:center&#8220; use_theme_fonts=&#8220;yes&#8220;][vc_column_text]<\/p>\n<p style=\"text-align: center;\">Proton Paper unterst\u00fctzt die Verpackungsindustrie mit hochwertigem und attraktivem Verpackungspapier, um die Kundenzufriedenheit zu steigern. Unabh\u00e4ngig von der Gr\u00f6\u00dfe der Anforderung k\u00f6nnen wir diese f\u00fcr Sie \u00fcbernehmen<\/p>\n<p>[\/vc_column_text][\/vc_column_inner][\/vc_row_inner][\/vc_column][\/vc_row][vc_row][vc_column][vc_row_inner][vc_column_inner width=&#8220;1\/3&#8243;][vc_single_image image=&#8220;14262&#8243; alignment=&#8220;center&#8220;][vc_custom_heading text=&#8220;Verpackung \u2013 FMCG&#8220; font_container=&#8220;tag:h3|text_align:center&#8220; use_theme_fonts=&#8220;yes&#8220;][vc_column_text]<\/p>\n<p style=\"text-align: center;\">Recyclingpapiere sind bei Proton Papers nicht immer von minderer Qualit\u00e4t; Es eignet sich f\u00fcr jedes FMCG-Unternehmen im ganzen Land.<\/p>\n<p>[\/vc_column_text][\/vc_column_inner][vc_column_inner width=&#8220;1\/3&#8243;][vc_single_image image=&#8220;14266&#8243; alignment=&#8220;center&#8220;][vc_custom_heading text=&#8220;Verpackung \u2013 Pharma&#8220; font_container=&#8220;tag:h3|text_align:center&#8220; use_theme_fonts=&#8220;yes&#8220;][vc_column_text]<\/p>\n<p style=\"text-align: center;\">Wir bei Proton Paper erkennen die Bedeutung der Medizin an und unterst\u00fctzen ihren Schutz aufgrund ihrer Natur, Menschen zu heilen. Daher stellen wir hochwertige Kartonagen f\u00fcr Verpackungen her.<\/p>\n<p>[\/vc_column_text][\/vc_column_inner][vc_column_inner width=&#8220;1\/3&#8243;][vc_single_image image=&#8220;14263&#8243; alignment=&#8220;center&#8220;][vc_custom_heading text=&#8220;Verpackung \u2013 Kleidungsetiketten&#8220; font_container=&#8220;tag:h3|text_align:center&#8220; use_theme_fonts=&#8220;yes&#8220;][vc_column_text]<\/p>\n<p style=\"text-align: center;\">Proton Paper produziert hochwertiges Papier f\u00fcr Kleidungsetiketten, das den Bedarf an eindeutiger Kennzeichnung erf\u00fcllt.<\/p>\n<p>[\/vc_column_text][\/vc_column_inner][\/vc_row_inner][\/vc_column][\/vc_row]<\/p>\n<\/section>","protected":false},"excerpt":{"rendered":"<p>[vc_row][vc_column][vc_row_inner][vc_column_inner width=&#8220;1\/3&#8243;][vc_single_image image=&#8220;14268&#8243; alignment=&#8220;center&#8220;][vc_custom_heading text=&#8220;Drucken &#8211; UV-Druck&#8220; font_container=&#8220;tag:h3|text_align:center&#8220; use_theme_fonts=&#8220;yes&#8220;][vc_column_text] Duplexpapier ist eine gute Wahl f\u00fcr den UV-Druck, da es eine verbesserte Druckqualit\u00e4t und Festigkeit bietet. [\/vc_column_text][\/vc_column_inner][vc_column_inner width=&#8220;1\/3&#8243;][vc_single_image image=&#8220;14264&#8243; alignment=&#8220;center&#8220;][vc_custom_heading text=&#8220;Drucken \u2013 Metalldruck&#8220; font_container=&#8220;tag:h3|text_align:center&#8220; use_theme_fonts=&#8220;yes&#8220;][vc_column_text] Wenn es um den Metallic-Druck geht, ist Duplexpapier eine gute Option, da es eine stabile Grundlage f\u00fcr die Herstellung optisch auff\u00e4lliger [&hellip;]<\/p>\n","protected":false},"author":1,"featured_media":0,"parent":0,"menu_order":0,"comment_status":"closed","ping_status":"closed","template":"","meta":{"footnotes":""},"class_list":["post-14254","page","type-page","status-publish","hentry"],"acf":[],"_links":{"self":[{"href":"https:\/\/protonpaper.com\/de\/wp-json\/wp\/v2\/pages\/14254","targetHints":{"allow":["GET"]}}],"collection":[{"href":"https:\/\/protonpaper.com\/de\/wp-json\/wp\/v2\/pages"}],"about":[{"href":"https:\/\/protonpaper.com\/de\/wp-json\/wp\/v2\/types\/page"}],"author":[{"embeddable":true,"href":"https:\/\/protonpaper.com\/de\/wp-json\/wp\/v2\/users\/1"}],"replies":[{"embeddable":true,"href":"https:\/\/protonpaper.com\/de\/wp-json\/wp\/v2\/comments?post=14254"}],"version-history":[{"count":31,"href":"https:\/\/protonpaper.com\/de\/wp-json\/wp\/v2\/pages\/14254\/revisions"}],"predecessor-version":[{"id":16991,"href":"https:\/\/protonpaper.com\/de\/wp-json\/wp\/v2\/pages\/14254\/revisions\/16991"}],"wp:attachment":[{"href":"https:\/\/protonpaper.com\/de\/wp-json\/wp\/v2\/media?parent=14254"}],"curies":[{"name":"wp","href":"https:\/\/api.w.org\/{rel}","templated":true}]}}