{"id":7950,"date":"2016-07-28T10:46:34","date_gmt":"2016-07-28T10:46:34","guid":{"rendered":"http:\/\/themicart.com\/interico-wp\/?page_id=15"},"modified":"2025-12-09T11:45:38","modified_gmt":"2025-12-09T06:15:38","slug":"company-profile","status":"publish","type":"page","link":"https:\/\/protonpaper.com\/de\/company-profile\/","title":{"rendered":"\u00dcber uns"},"content":{"rendered":"<section class=\"wpb-content-wrapper\"><p>[vc_row gap=&#8220;15&#8243; css=&#8220;.vc_custom_1536842181479{margin-bottom: 80px !important;}&#8220;][vc_column][vc_custom_heading text=&#8220;Auf einen Blick (\u00dcber die Proton-Papierindustrie)&#8220; font_container=&#8220;tag:h2|text_align:center&#8220; use_theme_fonts=&#8220;yes&#8220;][vc_column_text]<span data-sheets-root=\"1\" data-sheets-value=\"{&quot;1&quot;:2,&quot;2&quot;:&quot;Wir sind ein PROTON PAPER INDUSTRY-Hersteller von Duplexkarton in verschiedenen Grammaturen und Varianten, der haupts\u00e4chlich f\u00fcr verschiedene Druck- und Verpackungsanwendungen verwendet wird. Unser Papier ist eine nachhaltige und zuverl\u00e4ssige L\u00f6sung, um die Verpackungsbed\u00fcrfnisse unserer Kunden zu erf\u00fcllen.\\r\\n\\r\\nMit jahrelanger Branchenerfahrung haben wir uns als vertrauensw\u00fcrdiger Hersteller auf dem Markt etabliert. Wir verf\u00fcgen \u00fcber ein Team \u00e4u\u00dferst professioneller Experten, die sich daf\u00fcr einsetzen, unseren Kunden erstklassige Papiere und Dienstleistungen zu pr\u00e4sentieren. Zur Herstellung von Duplexkarton nutzen wir moderne Technologie und nachhaltige Produktionsstrategien\\r\\n\\r\\nUnser Papier gibt es in verschiedenen Grammaturen, Qualit\u00e4ten, Gr\u00f6\u00dfen und Gewichten, um den besonderen Bed\u00fcrfnissen unserer Kunden gerecht zu werden. Wir bieten eine gro\u00dfe Auswahl an Duplex-Karton, einschlie\u00dflich grauer, wei\u00dfer und Kraftpapier-R\u00fcckseite.\\r\\n\\r\\nIn unserem Engagement f\u00fcr \u00f6kologische Nachhaltigkeit sind wir stolz auf unsere Rolle als Hersteller von hundertprozentigem Recyclingpapier. Im Mittelpunkt unserer Herstellungstechnik steht der Wille, unseren \u00f6kologischen Fu\u00dfabdruck zu minimieren. Jedes Blatt, das wir herstellen, spiegelt unser unersch\u00fctterliches Engagement f\u00fcr ein umweltfreundlicheres Schicksal wider, da wir vollst\u00e4ndig recycelte Materialien verwenden. Wenn Sie sich f\u00fcr unser zu 100 % recyceltes Papier entscheiden, entscheiden Sie sich nicht nur f\u00fcr ein Produkt h\u00f6chster Qualit\u00e4t, sondern beteiligen sich auch aktiv an der internationalen Bewegung f\u00fcr einen verantwortungsvollen Umgang mit Hilfsg\u00fctern. Unsere Produktionslinie entspricht den Standards eines zirkul\u00e4ren Finanzsystems und f\u00f6rdert die Wiederverwendung und das Recycling von Materialien. Mit jedem Kauf tragen Sie dazu bei, Abfall zu reduzieren und umweltfreundliche Praktiken zu unterst\u00fctzen. Unser zu 100 % recyceltes Papier ist eine konkrete Verk\u00f6rperung unserer unternehmerischen Verpflichtung und stellt einen nachhaltigen Wunsch sowohl f\u00fcr unsere Kunden als auch f\u00fcr den Planeten dar. Begleiten Sie uns auf dieser Reise zu einem umweltbewussteren Ziel, bei dem die einfache Verwendung von Papier zu einem wirksamen Bekenntnis zur Nachhaltigkeit wird. Erleben Sie den Unterschied mit unserem zu 100 % recycelten Papier, bei dem Qualit\u00e4t, Moral und Umweltfreundlichkeit nahtlos ineinander \u00fcbergehen.\\r\\n\\r\\nWir sind bestrebt, unseren Kunden das bestm\u00f6gliche Ma\u00df an Transportleistungen zu bieten, von der Produktanpassung bis hin zur p\u00fcnktlichen Lieferung. Unser Kundensupport-Team steht Ihnen jederzeit zur Verf\u00fcgung, um Ihre Fragen oder Bedenken zu beantworten.\\r\\n\\r\\nVielen Dank, dass Sie sich f\u00fcr uns als Ihren Duplex-Karton-PARTNER entschieden haben. Wir freuen uns darauf, mit Ihnen zusammenzuarbeiten und au\u00dfergew\u00f6hnliche Antworten auf Ihre Druck- und Verpackungsanforderungen zu liefern.&quot;}\" data-sheets-formula=\"=GOOGLETRANSLATE(R[0]C[-1],&quot;en&quot;,&quot;de&quot;)\">Wir sind ein PROTON PAPER INDUSTRY-Hersteller von Duplexkarton in verschiedenen Grammaturen und Varianten, der haupts\u00e4chlich f\u00fcr verschiedene Druck- und Verpackungsanwendungen verwendet wird. Unser Papier ist eine nachhaltige und zuverl\u00e4ssige L\u00f6sung, um die Verpackungsbed\u00fcrfnisse unserer Kunden zu erf\u00fcllen.<\/span><\/p>\n<p>Mit jahrelanger Branchenerfahrung haben wir uns als vertrauensw\u00fcrdiger Hersteller auf dem Markt etabliert. Wir verf\u00fcgen \u00fcber ein Team \u00e4u\u00dferst professioneller Experten, die sich daf\u00fcr einsetzen, unseren Kunden erstklassige Papiere und Dienstleistungen zu pr\u00e4sentieren. Zur Herstellung von Duplexkarton nutzen wir moderne Technologie und nachhaltige Produktionsstrategien<\/p>\n<p>Unser Papier gibt es in verschiedenen Grammaturen, Qualit\u00e4ten, Gr\u00f6\u00dfen und Gewichten, um den besonderen Bed\u00fcrfnissen unserer Kunden gerecht zu werden. Wir bieten eine gro\u00dfe Auswahl an Duplex-Karton, einschlie\u00dflich grauer, wei\u00dfer und Kraftpapier-R\u00fcckseite.<\/p>\n<p>In unserem Engagement f\u00fcr \u00f6kologische Nachhaltigkeit sind wir stolz auf unsere Rolle als Hersteller von hundertprozentigem Recyclingpapier. Im Mittelpunkt unserer Herstellungstechnik steht der Wille, unseren \u00f6kologischen Fu\u00dfabdruck zu minimieren. Jedes Blatt, das wir herstellen, spiegelt unser unersch\u00fctterliches Engagement f\u00fcr ein umweltfreundlicheres Schicksal wider, da wir vollst\u00e4ndig recycelte Materialien verwenden. Wenn Sie sich f\u00fcr unser zu 100 % recyceltes Papier entscheiden, entscheiden Sie sich nicht nur f\u00fcr ein Produkt h\u00f6chster Qualit\u00e4t, sondern beteiligen sich auch aktiv an der internationalen Bewegung f\u00fcr einen verantwortungsvollen Umgang mit Hilfsg\u00fctern. Unsere Produktionslinie entspricht den Standards eines zirkul\u00e4ren Finanzsystems und f\u00f6rdert die Wiederverwendung und das Recycling von Materialien. Mit jedem Kauf tragen Sie dazu bei, Abfall zu reduzieren und umweltfreundliche Praktiken zu unterst\u00fctzen. Unser zu 100 % recyceltes Papier ist eine konkrete Verk\u00f6rperung unserer unternehmerischen Verpflichtung und stellt einen nachhaltigen Wunsch sowohl f\u00fcr unsere Kunden als auch f\u00fcr den Planeten dar. Begleiten Sie uns auf dieser Reise zu einem umweltbewussteren Ziel, bei dem die einfache Verwendung von Papier zu einem wirksamen Bekenntnis zur Nachhaltigkeit wird. Erleben Sie den Unterschied mit unserem zu 100 % recycelten Papier, bei dem Qualit\u00e4t, Moral und Umweltfreundlichkeit nahtlos ineinander \u00fcbergehen.<\/p>\n<p>Wir sind bestrebt, unseren Kunden das bestm\u00f6gliche Ma\u00df an Transportleistungen zu bieten, von der Produktanpassung bis hin zur p\u00fcnktlichen Lieferung. Unser Kundensupport-Team steht Ihnen jederzeit zur Verf\u00fcgung, um Ihre Fragen oder Bedenken zu beantworten.<\/p>\n<p>Vielen Dank, dass Sie sich f\u00fcr uns als Ihren Duplex-Karton-PARTNER entschieden haben. Wir freuen uns darauf, mit Ihnen zusammenzuarbeiten und au\u00dfergew\u00f6hnliche Antworten auf Ihre Druck- und Verpackungsanforderungen zu liefern.[\/vc_column_text][\/vc_column][\/vc_row][vc_row][vc_column width=&#8220;1\/2&#8243;][vc_custom_heading text=&#8220;Unsere Vision&#8220; use_theme_fonts=&#8220;yes&#8220;][vc_column_text]<span data-sheets-root=\"1\" data-sheets-value=\"{&quot;1&quot;:2,&quot;2&quot;:&quot;Sich in der Druck- und Verpackungsindustrie als Anbieter moderner, nachhaltiger Duplex-Kartonl\u00f6sungen durchzusetzen. Unser Ziel ist unsere Entschlossenheit zu Umweltbewusstsein, fortschrittlicher Produktqualit\u00e4t und hervorragendem Kundensupport. Unser Ziel ist es, unsere Produktionsmethoden und unser Warensortiment kontinuierlich zu verbessern, um den Verarbeitungsbed\u00fcrfnissen unserer Kunden und der Welt gerecht zu werden. Durch die Unterst\u00fctzung umweltfreundlicher Strategien und die Unterst\u00fctzung unserer Kunden bei der Erreichung ihrer Nachhaltigkeitsziele hoffen wir, einen positiven Einfluss auf das Unternehmen als Ganzes zu haben. Unser Ziel ist es, ein verl\u00e4sslicher und vertrauensw\u00fcrdiger Partner im Duplex-Kartongesch\u00e4ft zu sein, indem wir unseren Kunden die Ressourcen zur Verf\u00fcgung stellen, die sie ben\u00f6tigen, um ihre Abl\u00e4ufe ordnungsgem\u00e4\u00df zu f\u00fchren und einen gro\u00dfen Beitrag zu einer nachhaltigeren Zukunft f\u00fcr alle zu leisten.&quot;}\" data-sheets-formula=\"=GOOGLETRANSLATE(R[0]C[-1],&quot;en&quot;,&quot;de&quot;)\">Sich in der Druck- und Verpackungsindustrie als Anbieter moderner, nachhaltiger Duplex-Kartonl\u00f6sungen durchzusetzen. Unser Ziel ist unsere Entschlossenheit zu Umweltbewusstsein, fortschrittlicher Produktqualit\u00e4t und hervorragendem Kundensupport. Unser Ziel ist es, unsere Produktionsmethoden und unser Warensortiment kontinuierlich zu verbessern, um den Verarbeitungsbed\u00fcrfnissen unserer Kunden und der Welt gerecht zu werden. Durch die Unterst\u00fctzung umweltfreundlicher Strategien und die Unterst\u00fctzung unserer Kunden bei der Erreichung ihrer Nachhaltigkeitsziele hoffen wir, einen positiven Einfluss auf das Unternehmen als Ganzes zu haben. Unser Ziel ist es, ein verl\u00e4sslicher und vertrauensw\u00fcrdiger Partner im Duplex-Kartongesch\u00e4ft zu sein, indem wir unseren Kunden die Ressourcen zur Verf\u00fcgung stellen, die sie ben\u00f6tigen, um ihre Abl\u00e4ufe ordnungsgem\u00e4\u00df zu f\u00fchren und einen gro\u00dfen Beitrag zu einer nachhaltigeren Zukunft f\u00fcr alle zu leisten.<\/span>[\/vc_column_text][\/vc_column][vc_column width=&#8220;1\/2&#8243;][vc_single_image image=&#8220;14017&#8243; img_size=&#8220;large&#8220; alignment=&#8220;center&#8220; style=&#8220;vc_box_rounded&#8220;][\/vc_column][\/vc_row][vc_row css=&#8220;.vc_custom_1707248344038{margin-top: 60px !important;}&#8220;][vc_column width=&#8220;1\/2&#8243;][vc_single_image image=&#8220;14016&#8243; img_size=&#8220;large&#8220; alignment=&#8220;center&#8220; style=&#8220;vc_box_rounded&#8220;][\/vc_column][vc_column width=&#8220;1\/2&#8243;][vc_custom_heading text=&#8220;Unsere Aufgabe&#8220; use_theme_fonts=&#8220;yes&#8220;][vc_column_text]<span data-sheets-root=\"1\" data-sheets-value=\"{&quot;1&quot;:2,&quot;2&quot;:&quot;UNSERE MISSION besteht darin, die genauen Anforderungen jedes Kunden zu erf\u00fcllen, indem wir zuverl\u00e4ssige, hochmoderne und nachhaltige Duplex-Kartonl\u00f6sungen anbieten. Wir \u00fcbernehmen nicht nur die Verantwortung f\u00fcr unsere Umweltauswirkungen, sondern widmen uns auch der Herstellung wunderbarer Duplex-Kartonprodukte unter Verwendung moderner Technologie und umweltfreundlicher Herstellungstechniken. Unser Ziel ist es, die Erwartungen unserer Kunden zu \u00fcbertreffen, indem wir einen gro\u00dfartigen Kundensupport, spezialisierte Antworten und einen reibungslosen Transport bieten. Unser Ziel ist es, der \u201eMove-to-Partner\u201c unserer Kunden zu werden und ihnen die Ressourcen zu bieten, die sie f\u00fcr die effiziente F\u00fchrung ihrer Unternehmen ben\u00f6tigen. Wir sind bestrebt, im Druck- und Verpackungsbereich geeignete Alternativen zu schaffen und dazu beizutragen, dass jeder ein nachhaltigeres Schicksal hat.&quot;}\" data-sheets-formula=\"=GOOGLETRANSLATE(R[0]C[-1],&quot;en&quot;,&quot;de&quot;)\">UNSERE MISSION besteht darin, die genauen Anforderungen jedes Kunden zu erf\u00fcllen, indem wir zuverl\u00e4ssige, hochmoderne und nachhaltige Duplex-Kartonl\u00f6sungen anbieten. Wir \u00fcbernehmen nicht nur die Verantwortung f\u00fcr unsere Umweltauswirkungen, sondern widmen uns auch der Herstellung wunderbarer Duplex-Kartonprodukte unter Verwendung moderner Technologie und umweltfreundlicher Herstellungstechniken. Unser Ziel ist es, die Erwartungen unserer Kunden zu \u00fcbertreffen, indem wir einen gro\u00dfartigen Kundensupport, spezialisierte Antworten und einen reibungslosen Transport bieten. Unser Ziel ist es, der \u201eMove-to-Partner\u201c unserer Kunden zu werden und ihnen die Ressourcen zu bieten, die sie f\u00fcr die effiziente F\u00fchrung ihrer Unternehmen ben\u00f6tigen. Wir sind bestrebt, im Druck- und Verpackungsbereich geeignete Alternativen zu schaffen und dazu beizutragen, dass jeder ein nachhaltigeres Schicksal hat.<\/span>[\/vc_column_text][\/vc_column][\/vc_row][vc_row full_width=&#8220;stretch_row_content_no_spaces&#8220; css=&#8220;.vc_custom_1707585079947{background-color: #24315e !important;}&#8220;][vc_column width=&#8220;1\/2&#8243;][vc_row_inner el_class=&#8220;overlap-right&#8220; css=&#8220;.vc_custom_1707585109458{background-color: #24315e !important;}&#8220;][vc_column_inner width=&#8220;1\/4&#8243;][\/vc_column_inner][vc_column_inner el_class=&#8220;shadow-box&#8220; width=&#8220;3\/4&#8243; css=&#8220;.vc_custom_1707585127003{background-color: #24315e !important;}&#8220;]<span style=\"color:#ffffff\" class=\"subtitle dash-false style-dark text-default\">PROTONENPAPIER<\/span>[vc_column_text]<\/p>\n<h2>INNERHALB DER PROTONENPAPIERINDUSTRIE<\/h2>\n<p>[\/vc_column_text][vc_column_text]<span data-sheets-root=\"1\" data-sheets-value=\"{&quot;1&quot;:2,&quot;2&quot;:&quot;Entdecken Sie PROTON PAPER INDUSTRY in dieser fesselnden Videoreise. Erleben Sie die Papierproduktion mit moderner Technologie. Wir verwandeln Zellstoff in exquisiten DUPLEX-PAPIER. Erleben Sie die Essenz unseres Engagements f\u00fcr Qualit\u00e4t und Nachhaltigkeit&quot;}\" data-sheets-formula=\"=GOOGLETRANSLATE(R[0]C[-1],&quot;en&quot;,&quot;de&quot;)\">Entdecken Sie PROTON PAPER INDUSTRY in dieser fesselnden Videoreise. Erleben Sie die Papierproduktion mit moderner Technologie. Wir verwandeln Zellstoff in exquisiten DUPLEX-PAPIER. Erleben Sie die Essenz unseres Engagements f\u00fcr Qualit\u00e4t und Nachhaltigkeit<\/span>[\/vc_column_text][\/vc_column_inner][\/vc_row_inner][\/vc_column][vc_column width=&#8220;1\/2&#8243; el_class=&#8220;cross_shape&#8220; css=&#8220;.vc_custom_1707585719517{margin-top: 0px !important;margin-bottom: 0px !important;}&#8220;][vc_single_image image=&#8220;14460&#8243; onclick=&#8220;custom_link&#8220; img_link_target=&#8220;_blank&#8220; link=&#8220;https:\/\/www.youtube.com\/watch?v=Ur6QSSkcf0M&amp;t=33s&#8220; css=&#8220;.vc_custom_1710915383551{margin-top: 0px !important;margin-bottom: 0px !important;}&#8220;][\/vc_column][\/vc_row][vc_row full_width=&#8220;stretch_row&#8220; css=&#8220;.vc_custom_1705566226397{background-position: 0 0 !important;background-repeat: repeat !important;}&#8220; el_class=&#8220;spaced&#8220;][vc_column css_animation=&#8220;fadeInUp&#8220; css=&#8220;.vc_custom_1705564550727{padding-top: 0px !important;}&#8220;][vc_custom_heading text=&#8220;Unser Wert&#8220; font_container=&#8220;tag:h2|text_align:center&#8220; use_theme_fonts=&#8220;yes&#8220;]<div class=\"dash style-dark centered\"><\/div>[vc_row_inner][vc_column_inner width=&#8220;1\/3&#8243;]<div class=\"feature-box icon-top-centered box-unboxed spacing-30 spacing-mob-30\" style=\"background-color:#24315e\"><i class=\"fa fa-hand-paper-o\" style=\"color:#ffffff\"><\/i><div class=\"content-wrapper\"><h3 class=\"feature-title\" style=\"color:#ffffff\">Respektieren<\/h3><p class=\"feature-text\" style=\"color:#ffffff\">Wir respektieren unsere Kunden, Mitarbeiter, Partner und Lieferanten. Wir respektieren die Umwelt, unsere soziale Pflicht und das Gesetz<\/p><\/div><\/div>[\/vc_column_inner][vc_column_inner width=&#8220;1\/3&#8243;]<div class=\"feature-box icon-top-centered box-default spacing-30 spacing-mob-30\" style=\"background-color:#24315e\"><i class=\"fa fa-retweet\" style=\"color:#ffffff\"><\/i><div class=\"content-wrapper\"><h3 class=\"feature-title\" style=\"color:#ffffff\">Integrit\u00e4t<\/h3><p class=\"feature-text\" style=\"color:#ffffff\">Wir glauben an Integrit\u00e4t im Gesch\u00e4ftsleben und vertrauen darauf, dass unsere Mitarbeiter ethisch und ehrlich sind<\/p><\/div><\/div>[\/vc_column_inner][vc_column_inner width=&#8220;1\/3&#8243;]<div class=\"feature-box icon-top-centered box-default spacing-30 spacing-mob-30\" style=\"background-color:#24315e\"><i class=\"fa fa-balance-scale\" style=\"color:#ffffff\"><\/i><div class=\"content-wrapper\"><h3 class=\"feature-title\" style=\"color:#ffffff\">Gerechtigkeit<\/h3><p class=\"feature-text\" style=\"color:#ffffff\">Wir behandeln alle unsere Mitarbeiter gleich und entwickeln und f\u00f6rdern sie fair<\/p><\/div><\/div>[\/vc_column_inner][\/vc_row_inner][\/vc_column][\/vc_row][vc_row][vc_column][vc_custom_heading text=&#8220;Unsere Reise&#8220; font_container=&#8220;tag:h2|text_align:center&#8220; use_theme_fonts=&#8220;yes&#8220;][vc_row_inner][vc_column_inner][vc_single_image image=&#8220;14027&#8243; alignment=&#8220;center&#8220;][\/vc_column_inner][\/vc_row_inner][\/vc_column][\/vc_row][vc_row css=&#8220;.vc_custom_1707248281671{margin-top: 60px !important;}&#8220;][vc_column][vc_custom_heading text=&#8220;Zertifikat&#8220; font_container=&#8220;tag:h2|text_align:center&#8220; use_theme_fonts=&#8220;yes&#8220;][vc_row_inner][vc_column_inner width=&#8220;1\/5&#8243;][vc_single_image image=&#8220;14332&#8243; img_size=&#8220;300&#215;425&#8243; alignment=&#8220;center&#8220; style=&#8220;vc_box_border&#8220; border_color=&#8220;white&#8220; el_class=&#8220;certificate&#8220;][\/vc_column_inner][vc_column_inner width=&#8220;1\/5&#8243;][vc_single_image image=&#8220;14329&#8243; img_size=&#8220;300&#215;425&#8243; alignment=&#8220;center&#8220; style=&#8220;vc_box_border&#8220; border_color=&#8220;white&#8220;][\/vc_column_inner][vc_column_inner width=&#8220;1\/5&#8243;][vc_single_image image=&#8220;14331&#8243; img_size=&#8220;300&#215;425&#8243; alignment=&#8220;center&#8220; style=&#8220;vc_box_border&#8220; border_color=&#8220;white&#8220;][\/vc_column_inner][vc_column_inner width=&#8220;1\/5&#8243;][vc_single_image image=&#8220;14430&#8243; img_size=&#8220;300&#215;425&#8243; alignment=&#8220;center&#8220; style=&#8220;vc_box_border&#8220; border_color=&#8220;white&#8220;][\/vc_column_inner][vc_column_inner width=&#8220;1\/5&#8243;][vc_single_image image=&#8220;14431&#8243; img_size=&#8220;300&#215;425&#8243; alignment=&#8220;center&#8220; style=&#8220;vc_box_border&#8220; border_color=&#8220;white&#8220;][\/vc_column_inner][\/vc_row_inner][\/vc_column][\/vc_row][vc_row disable_element=&#8220;yes&#8220;][vc_column][vc_custom_heading text=&#8220;Our Journey&#8220; font_container=&#8220;tag:h2|text_align:center&#8220; use_theme_fonts=&#8220;yes&#8220;][vc_column_text][cool-timeline layout=&#8220;default&#8220; skin=&#8220;default&#8220; date-format=&#8220;Y&#8220; show-posts=&#8220;10&#8243; animation=&#8220;none&#8220; icons=&#8220;YES&#8220; order=&#8220;DESC&#8220; story-content=&#8220;short&#8220;][\/vc_column_text][\/vc_column][\/vc_row]<\/p>\n<\/section>","protected":false},"excerpt":{"rendered":"<p>[vc_row gap=&#8220;15&#8243; css=&#8220;.vc_custom_1536842181479{margin-bottom: 80px !important;}&#8220;][vc_column][vc_custom_heading text=&#8220;Auf einen Blick (\u00dcber die Proton-Papierindustrie)&#8220; font_container=&#8220;tag:h2|text_align:center&#8220; use_theme_fonts=&#8220;yes&#8220;][vc_column_text]Wir sind ein PROTON PAPER INDUSTRY-Hersteller von Duplexkarton in verschiedenen Grammaturen und Varianten, der haupts\u00e4chlich f\u00fcr verschiedene Druck- und Verpackungsanwendungen verwendet wird. Unser Papier ist eine nachhaltige und zuverl\u00e4ssige L\u00f6sung, um die Verpackungsbed\u00fcrfnisse unserer Kunden zu erf\u00fcllen. Mit jahrelanger Branchenerfahrung haben wir uns [&hellip;]<\/p>\n","protected":false},"author":1,"featured_media":13688,"parent":0,"menu_order":0,"comment_status":"closed","ping_status":"closed","template":"","meta":{"footnotes":""},"class_list":["post-7950","page","type-page","status-publish","has-post-thumbnail","hentry"],"acf":[],"_links":{"self":[{"href":"https:\/\/protonpaper.com\/de\/wp-json\/wp\/v2\/pages\/7950","targetHints":{"allow":["GET"]}}],"collection":[{"href":"https:\/\/protonpaper.com\/de\/wp-json\/wp\/v2\/pages"}],"about":[{"href":"https:\/\/protonpaper.com\/de\/wp-json\/wp\/v2\/types\/page"}],"author":[{"embeddable":true,"href":"https:\/\/protonpaper.com\/de\/wp-json\/wp\/v2\/users\/1"}],"replies":[{"embeddable":true,"href":"https:\/\/protonpaper.com\/de\/wp-json\/wp\/v2\/comments?post=7950"}],"version-history":[{"count":120,"href":"https:\/\/protonpaper.com\/de\/wp-json\/wp\/v2\/pages\/7950\/revisions"}],"predecessor-version":[{"id":17058,"href":"https:\/\/protonpaper.com\/de\/wp-json\/wp\/v2\/pages\/7950\/revisions\/17058"}],"wp:featuredmedia":[{"embeddable":true,"href":"https:\/\/protonpaper.com\/de\/wp-json\/wp\/v2\/media\/13688"}],"wp:attachment":[{"href":"https:\/\/protonpaper.com\/de\/wp-json\/wp\/v2\/media?parent=7950"}],"curies":[{"name":"wp","href":"https:\/\/api.w.org\/{rel}","templated":true}]}}