{"id":8552,"date":"2018-02-21T14:08:08","date_gmt":"2018-02-21T14:08:08","guid":{"rendered":"https:\/\/www.demo.themicart.com\/interico-wp\/?page_id=8552"},"modified":"2024-04-18T18:00:35","modified_gmt":"2024-04-18T12:30:35","slug":"duplex-board-paper-exporter","status":"publish","type":"page","link":"https:\/\/protonpaper.com\/de\/duplex-board-paper-exporter\/","title":{"rendered":"Exporte"},"content":{"rendered":"<section class=\"wpb-content-wrapper\"><p>[vc_row full_width=&#8220;stretch_row&#8220; equal_height=&#8220;yes&#8220; content_placement=&#8220;middle&#8220; el_class=&#8220;spaced&#8220;][vc_column width=&#8220;7\/12&#8243;][vc_single_image image=&#8220;14356&#8243; alignment=&#8220;center&#8220;][\/vc_column][vc_column width=&#8220;5\/12&#8243;][vc_row_inner css=&#8220;.vc_custom_1710174049486{margin-left: 0px !important;}&#8220;][vc_column_inner el_class=&#8220;shadow-box&#8220;]<span style=\"color:# ffffff\" class=\"subtitle dash-false style-dark text-default\"><\/span>[vc_column_text]<\/p>\n<p>Protonenpapier<\/p>\n<p>Proton Paper ist ein bekannter Hersteller und Exporteur hochwertiger Papierprodukte. Unsere Herstellungsprozesse, unterst\u00fctzt durch fortschrittliche Technologie und qualifizierte Fachkr\u00e4fte, gew\u00e4hrleisten die Produktion einer Vielzahl von Papierprodukten f\u00fcr verschiedene Branchen auf der ganzen Welt.<\/p>\n<p>Wir halten uns in jeder Phase der Herstellung an strenge Qualit\u00e4tskontrollma\u00dfnahmen, von der Rohstoffauswahl bis zum Endprodukt. Dieses Bekenntnis zur Qualit\u00e4t hat uns einen hervorragenden Ruf auf dem Weltmarkt eingebracht.<\/p>\n<p>Wir verf\u00fcgen \u00fcber ein gut ausgebautes Logistiknetzwerk, um unsere Produkte schnell und effizient an unsere Kunden auf der ganzen Welt zu liefern. Wir halten alle internationalen Exportbestimmungen und -standards ein, um einen reibungslosen und problemlosen Exportprozess zu gew\u00e4hrleisten.<\/p>\n<p>Unser Engagement f\u00fcr die Kundenzufriedenheit, kombiniert mit unserer Fertigungs- und Exportkompetenz, macht uns zu Ihrem vertrauensw\u00fcrdigen Partner f\u00fcr alle Ihre Anforderungen an Papierprodukte.[\/vc_column_text][\/vc_column_inner][\/vc_row_inner][\/vc_column][\/vc_row][vc_row][vc_column][vc_column_text]<\/p>\n<h2 style=\"text-align: center;\">Weltklasse-Verpackungsstandards<\/h2>\n<p>[\/vc_column_text][vc_column_text]Bei Proton Paper Products sind wir sehr stolz auf unser Engagement f\u00fcr die Einhaltung h\u00f6chster Verpackungsstandards f\u00fcr jede einzelne unserer Sendungen. Ein wichtiger Bestandteil unserer Gesch\u00e4ftsstrategie ist unser Engagement f\u00fcr die Einhaltung internationaler Verpackungsstandards, wodurch sichergestellt wird, dass unsere Produkte in ausgezeichnetem Zustand und mit minimaler Umweltbelastung ankommen.[\/vc_column_text][\/vc_column][\/vc_row][vc_row][vc_column width=&#8220;1\/4&#8243;][vc_single_image image=&#8220;14057&#8243; alignment=&#8220;center&#8220; css_animation=&#8220;fadeInRightBig&#8220;][\/vc_column][vc_column width=&#8220;1\/4&#8243;][vc_single_image image=&#8220;14054&#8243; alignment=&#8220;center&#8220; css_animation=&#8220;fadeInRightBig&#8220;][\/vc_column][vc_column width=&#8220;1\/4&#8243;][vc_single_image image=&#8220;14055&#8243; css_animation=&#8220;fadeInRightBig&#8220; align=&#8220;center&#8220;][\/vc_column][vc_column width=&#8220;1\/4&#8243;][vc_single_image image=&#8220;14056&#8243; alignment=&#8220;center&#8220; css_animation=&#8220;fadeInRightBig&#8220;][\/vc_column][\/vc_row][vc_row][vc_column css=&#8220;.vc_custom_1707245868818{margin-top: 60px !important;}&#8220;][vc_column_text]<\/p>\n<h2 style=\"text-align: center;\">Duplexpapier weltweit<\/h2>\n<p>[\/vc_column_text][vc_column_text]<\/p>\n<p style=\"text-align: center;\">Belieferung von Kunden auf der ganzen Welt mit hochwertigem Duplexpapier<\/p>\n<p>[\/vc_column_text][vc_basic_grid post_type=&#8220;post&#8220; max_items=&#8220;-1&#8243; grid_id=&#8220;vc_gid:1713434977073-fd4085ad-31b2-1&#8243; taxonomies=&#8220;68&#8243;][\/vc_column][\/vc_row]<\/p>\n<\/section>","protected":false},"excerpt":{"rendered":"<p>[vc_row full_width=&#8220;stretch_row&#8220; equal_height=&#8220;yes&#8220; content_placement=&#8220;middle&#8220; el_class=&#8220;spaced&#8220;][vc_column width=&#8220;7\/12&#8243;][vc_single_image image=&#8220;14356&#8243; alignment=&#8220;center&#8220;][\/vc_column][vc_column width=&#8220;5\/12&#8243;][vc_row_inner css=&#8220;.vc_custom_1710174049486{margin-left: 0px !important;}&#8220;][vc_column_inner el_class=&#8220;shadow-box&#8220;][vc_column_text] Protonenpapier Proton Paper ist ein bekannter Hersteller und Exporteur hochwertiger Papierprodukte. Unsere Herstellungsprozesse, unterst\u00fctzt durch fortschrittliche Technologie und qualifizierte Fachkr\u00e4fte, gew\u00e4hrleisten die Produktion einer Vielzahl von Papierprodukten f\u00fcr verschiedene Branchen auf der ganzen Welt. Wir halten uns in jeder Phase der Herstellung [&hellip;]<\/p>\n","protected":false},"author":1,"featured_media":0,"parent":0,"menu_order":0,"comment_status":"closed","ping_status":"closed","template":"","meta":{"footnotes":""},"class_list":["post-8552","page","type-page","status-publish","hentry"],"acf":[],"_links":{"self":[{"href":"https:\/\/protonpaper.com\/de\/wp-json\/wp\/v2\/pages\/8552","targetHints":{"allow":["GET"]}}],"collection":[{"href":"https:\/\/protonpaper.com\/de\/wp-json\/wp\/v2\/pages"}],"about":[{"href":"https:\/\/protonpaper.com\/de\/wp-json\/wp\/v2\/types\/page"}],"author":[{"embeddable":true,"href":"https:\/\/protonpaper.com\/de\/wp-json\/wp\/v2\/users\/1"}],"replies":[{"embeddable":true,"href":"https:\/\/protonpaper.com\/de\/wp-json\/wp\/v2\/comments?post=8552"}],"version-history":[{"count":68,"href":"https:\/\/protonpaper.com\/de\/wp-json\/wp\/v2\/pages\/8552\/revisions"}],"predecessor-version":[{"id":14821,"href":"https:\/\/protonpaper.com\/de\/wp-json\/wp\/v2\/pages\/8552\/revisions\/14821"}],"wp:attachment":[{"href":"https:\/\/protonpaper.com\/de\/wp-json\/wp\/v2\/media?parent=8552"}],"curies":[{"name":"wp","href":"https:\/\/api.w.org\/{rel}","templated":true}]}}