{"id":14031,"date":"2024-02-06T02:33:34","date_gmt":"2024-02-06T02:33:34","guid":{"rendered":"https:\/\/protonpaper.com\/?page_id=14031"},"modified":"2024-10-03T10:54:00","modified_gmt":"2024-10-03T05:24:00","slug":"home","status":"publish","type":"page","link":"https:\/\/protonpaper.com\/es\/","title":{"rendered":"Hogar"},"content":{"rendered":"<section class=\"wpb-content-wrapper\"><p>[vc_row full_width=\u00bbstretch_row\u00bb css=\u00bb.vc_custom_1707423368536{background-color: #24315e !important;background-position: 0 0 !important;background-repeat: repeat !important;}\u00bb el_class=\u00bbspaced about_us_home\u00bb][vc_column css_animation=\u00bbfadeInLeft\u00bb width=\u00bb1\/2&#8243; css=\u00bb.vc_custom_1705564531647{margin-bottom: 20px !important;}\u00bb el_class=\u00bbanimate\u00bb][vc_single_image image=\u00bb14219&#8243; alignment=\u00bbcenter\u00bb style=\u00bbvc_box_rounded\u00bb][\/vc_column][vc_column css_animation=\u00bbfadeInRight\u00bb width=\u00bb1\/2&#8243; el_class=\u00bbanimate animate-1&#8243;][vc_custom_heading text=\u00bbAcerca del prot\u00f3n\u00bb font_container=\u00bbtag:h1|text_align:left|color:%23ffffff\u00bb use_theme_fonts=\u00bbyes\u00bb][vc_column_text]<\/p>\n<div id=\"pgc-7788-1-1\" class=\"panel-grid-cell\" style=\"color: #f5f5f5;\">\n<div id=\"panel-7788-1-1-0\" class=\"so-panel widget widget_black-studio-tinymce widget_black_studio_tinymce panel-first-child panel-last-child\" data-index=\"5\">\n<div class=\"animate animate-2 panel-widget-style panel-widget-style-for-7788-1-1-0 visible\">\n<div class=\"textwidget\" style=\"text-align: justify;\">Desde 2004, somos el principal fabricante de cart\u00f3n d\u00faplex en Morbi. Servimos nuestro papel d\u00faplex en toda la India y en todo el mundo. Nuestro objetivo es satisfacer los requisitos de cada cliente a trav\u00e9s de una soluci\u00f3n confiable, creativa y ecol\u00f3gica. Con una d\u00e9cada de experiencia en el campo de la industria papelera, Proton Paper ha establecido credibilidad en el mercado. Nuestro grupo de personas altamente calificadas se dedica a ofrecer nuestros productos y servicios de primer nivel. Nuestros cart\u00f3n Duplex se fabrican con tecnolog\u00eda moderna y procesos de fabricaci\u00f3n sostenibles.<\/div>\n<\/div>\n<\/div>\n<\/div>\n<p>[\/vc_column_text]<p class=\"text-left\"><a href=\"https:\/\/protonpaper.com\/company-profile\/\" class=\"btn btn-regular arrow-right\"><span>Leer m\u00e1s<\/span><\/a><\/p>[\/vc_column][\/vc_row][vc_row full_width=\u00bbstretch_row\u00bb css=\u00bb.vc_custom_1705566226397{background-position: 0 0 !important;background-repeat: repeat !important;}\u00bb el_class=\u00bbspaced\u00bb][vc_column css_animation=\u00bbfadeInUp\u00bb css=\u00bb.vc_custom_1705564550727{padding-top: 0px !important;}\u00bb][vc_custom_heading text=\u00bbNuestros productos\u00bb font_container=\u00bbtag:h2|text_align:center\u00bb use_theme_fonts=\u00bbyes\u00bb]<div class=\"dash style-dark centered\"><\/div>[vc_row_inner el_class=\u00bbhome_product_box\u00bb][vc_column_inner width=\u00bb1\/3&#8243;][vc_hoverbox image=\u00bb14193&#8243; primary_title=\u00bb\u00bb hover_title=\u00bb\u00bb hover_align=\u00bbleft\u00bb hover_title_font_container=\u00bbfont_size:20px\u00bb hover_title_use_theme_fonts=\u00bbyes\u00bb shape=\u00bbsquare\u00bb hover_background_color=\u00bbcustom\u00bb hover_btn_title=\u00bbLeer m\u00e1s\u00bb hover_btn_color=\u00bbwarning\u00bb hover_btn_align=\u00bbleft\u00bb use_custom_fonts_hover_title=\u00bbtrue\u00bb hover_add_button=\u00bbtrue\u00bb hover_custom_background=\u00bb#24315e\u00bb hover_btn_link=\u00bburl:https%3A%2F%2Fprotonpaper.com%2Fproducts%2Fpixel-navvy%2F|title:Pixel%20Navvy\u00bb]<\/p>\n<h2>Navvy de p\u00edxeles<\/h2>\n<h3>Tablero D\u00faplex Dorso Gris<\/h3>\n<p>Disponible en<\/p>\n<h2>230 a 450 g\/m\u00b2<\/h2>\n<p>[\/vc_hoverbox][vc_custom_heading text=\u00bbP\u00edxel azul marino\u00bb font_container=\u00bbtag:h3|text_align:center\u00bb use_theme_fonts=\u00bbyes\u00bb css=\u00bb.vc_custom_1712987838812{padding-top: 30px !important;padding-bottom: 30px !important;}\u00bb][\/vc_column_inner][vc_column_inner width=\u00bb1\/3&#8243;][vc_hoverbox image=\u00bb14192&#8243; primary_title=\u00bb\u00bb primary_align=\u00bbjustify\u00bb hover_title=\u00bb\u00bb hover_align=\u00bbleft\u00bb hover_title_font_container=\u00bbfont_size:20px\u00bb hover_title_use_theme_fonts=\u00bbyes\u00bb shape=\u00bbsquare\u00bb hover_background_color=\u00bbcustom\u00bb hover_btn_title=\u00bbLeer m\u00e1s\u00bb hover_btn_color=\u00bbwarning\u00bb hover_btn_align=\u00bbleft\u00bb use_custom_fonts_hover_title=\u00bbtrue\u00bb hover_add_button=\u00bbtrue\u00bb hover_custom_background=\u00bb#24315e\u00bb hover_btn_link=\u00bburl:https%3A%2F%2Fprotonpaper.com%2Fproducts%2Fpixel-classic%2F|title:Pixel%20Classic\u00bb]<\/p>\n<h2>P\u00edxel cl\u00e1sico<\/h2>\n<h3>Tablero D\u00faplex Dorso Gris<\/h3>\n<p>Disponible en<\/p>\n<h2>180 a 450 g\/m2<\/h2>\n<p>[\/vc_hoverbox][vc_custom_heading text=\u00bbP\u00edxel cl\u00e1sico\u00bb font_container=\u00bbtag:h3|text_align:center\u00bb use_theme_fonts=\u00bbyes\u00bb css=\u00bb.vc_custom_1712987966276{padding-top: 30px !important;padding-bottom: 30px !important;}\u00bb][\/vc_column_inner][vc_column_inner width=\u00bb1\/3&#8243;][vc_hoverbox image=\u00bb14195&#8243; primary_title=\u00bb\u00bb primary_align=\u00bbjustify\u00bb hover_title=\u00bb\u00bb hover_align=\u00bbleft\u00bb hover_title_font_container=\u00bbfont_size:20&#8243; hover_title_use_theme_fonts=\u00bbyes\u00bb shape=\u00bbsquare\u00bb hover_background_color=\u00bbcustom\u00bb hover_btn_title=\u00bbLeer m\u00e1s\u00bb hover_btn_color=\u00bbwarning\u00bb hover_btn_align=\u00bbleft\u00bb use_custom_fonts_hover_title=\u00bbtrue\u00bb hover_add_button=\u00bbtrue\u00bb hover_custom_background=\u00bb#24315e\u00bb hover_btn_link=\u00bburl:https%3A%2F%2Fprotonpaper.com%2Fproducts%2Fpixel-prime%2F|title:Pixel%20Prime\u00bb]<\/p>\n<h2>P\u00edxel Prime<\/h2>\n<h3>Tablero D\u00faplex Dorso Gris<\/h3>\n<p>Disponible en<\/p>\n<h2>180 a 450 g\/m2<\/h2>\n<p>[\/vc_hoverbox][vc_custom_heading text=\u00bbP\u00edxel Prime\u00bb font_container=\u00bbtag:h3|text_align:center\u00bb use_theme_fonts=\u00bbyes\u00bb css=\u00bb.vc_custom_1712987998668{padding-top: 30px !important;padding-bottom: 30px !important;}\u00bb][\/vc_column_inner][\/vc_row_inner][vc_row_inner css=\u00bb.vc_custom_1707575745790{margin-top: 60px !important;}\u00bb el_class=\u00bbhome_product_box\u00bb][vc_column_inner width=\u00bb1\/6&#8243;][\/vc_column_inner][vc_column_inner width=\u00bb1\/3&#8243;][vc_hoverbox image=\u00bb14196&#8243; primary_title=\u00bb\u00bb primary_align=\u00bbjustify\u00bb hover_title=\u00bb\u00bb hover_align=\u00bbleft\u00bb hover_title_font_container=\u00bbfont_size:20&#8243; hover_title_use_theme_fonts=\u00bbyes\u00bb shape=\u00bbsquare\u00bb hover_background_color=\u00bbcustom\u00bb hover_btn_title=\u00bbLeer m\u00e1s\u00bb hover_btn_color=\u00bbwarning\u00bb hover_btn_align=\u00bbleft\u00bb use_custom_fonts_hover_title=\u00bbtrue\u00bb hover_add_button=\u00bbtrue\u00bb hover_custom_background=\u00bb#24315e\u00bb hover_btn_link=\u00bburl:https%3A%2F%2Fprotonpaper.com%2Fproducts%2Fpixel-shield%2F|title:Pixel%20Shield\u00bb]<\/p>\n<h2>Escudo de p\u00edxeles<\/h2>\n<h3>Tablero d\u00faplex con respaldo blanco<\/h3>\n<p>Disponible en<\/p>\n<h2>200 a 450 g\/m\u00b2<\/h2>\n<p>[\/vc_hoverbox][vc_custom_heading text=\u00bbEscudo de p\u00edxeles\u00bb font_container=\u00bbtag:h3|text_align:center\u00bb use_theme_fonts=\u00bbyes\u00bb css=\u00bb.vc_custom_1712988022044{padding-top: 30px !important;padding-bottom: 30px !important;}\u00bb][\/vc_column_inner][vc_column_inner width=\u00bb1\/3&#8243;][vc_hoverbox image=\u00bb14194&#8243; primary_title=\u00bb\u00bb primary_align=\u00bbjustify\u00bb hover_title=\u00bb\u00bb hover_align=\u00bbleft\u00bb hover_title_font_container=\u00bbfont_size:20&#8243; hover_title_use_theme_fonts=\u00bbyes\u00bb shape=\u00bbsquare\u00bb hover_background_color=\u00bbcustom\u00bb hover_btn_title=\u00bbLeer m\u00e1s\u00bb hover_btn_color=\u00bbwarning\u00bb hover_btn_align=\u00bbleft\u00bb use_custom_fonts_hover_title=\u00bbtrue\u00bb hover_add_button=\u00bbtrue\u00bb hover_custom_background=\u00bb#24315e\u00bb hover_btn_link=\u00bburl:https%3A%2F%2Fprotonpaper.com%2Fproducts%2Fpixel-platinum%2F|title:Pixel%20Platinum\u00bb]<\/p>\n<h2>P\u00edxel Platino<\/h2>\n<h3>Parte posterior de cart\u00f3n d\u00faplex<\/h3>\n<p>Disponible en<\/p>\n<h2>280 a 450 g\/m2<\/h2>\n<p>[\/vc_hoverbox][vc_custom_heading text=\u00bbP\u00edxel Platino\u00bb font_container=\u00bbtag:h3|text_align:center\u00bb use_theme_fonts=\u00bbyes\u00bb css=\u00bb.vc_custom_1712988043317{padding-top: 30px !important;padding-bottom: 30px !important;}\u00bb][\/vc_column_inner][vc_column_inner width=\u00bb1\/6&#8243;][\/vc_column_inner][\/vc_row_inner][\/vc_column][\/vc_row][vc_row full_width=\u00bbstretch_row\u00bb css=\u00bb.vc_custom_1707162401422{padding-top: 90px !important;padding-bottom: 90px !important;background-color: #24315e !important;}\u00bb][vc_column css_animation=\u00bbfadeIn\u00bb][vc_custom_heading text=\u00bbAtributos\u00bb font_container=\u00bbtag:h2|text_align:center|color:%23ffffff\u00bb use_theme_fonts=\u00bbyes\u00bb css_animation=\u00bbfadeInUp\u00bb]<div class=\"dash style-light centered\"><\/div>[vc_row_inner][vc_column_inner width=\u00bb1\/4&#8243;][vc_single_image image=\u00bb14001&#8243;][vc_custom_heading text=\u00bbLas mejores calidades de impresi\u00f3n\u00bb font_container=\u00bbtag:h3|text_align:center|color:%23ffffff\u00bb use_theme_fonts=\u00bbyes\u00bb][\/vc_column_inner][vc_column_inner width=\u00bb1\/4&#8243;][vc_single_image image=\u00bb14009&#8243;][vc_custom_heading text=\u00bbRecortar gratis\u00bb font_container=\u00bbtag:h3|text_align:center|color:%23ffffff\u00bb use_theme_fonts=\u00bbyes\u00bb][\/vc_column_inner][vc_column_inner width=\u00bb1\/4&#8243;][vc_single_image image=\u00bb14003&#8243;][vc_custom_heading text=\u00bbPapel ecol\u00f3gico\u00bb font_container=\u00bbtag:h3|text_align:center|color:%23ffffff\u00bb use_theme_fonts=\u00bbyes\u00bb][\/vc_column_inner][vc_column_inner width=\u00bb1\/4&#8243;][vc_single_image image=\u00bb14007&#8243;][vc_custom_heading text=\u00bbEjecute sin problemas en una impresora de alta velocidad\u00bb font_container=\u00bbtag:h3|text_align:center|color:%23ffffff\u00bb use_theme_fonts=\u00bbyes\u00bb][\/vc_column_inner][\/vc_row_inner][vc_row_inner][vc_column_inner width=\u00bb1\/4&#8243;][vc_single_image image=\u00bb14437&#8243;][vc_custom_heading text=\u00bbBrillo alto\u00bb font_container=\u00bbtag:h3|text_align:center|color:%23ffffff\u00bb use_theme_fonts=\u00bbyes\u00bb][\/vc_column_inner][vc_column_inner width=\u00bb1\/4&#8243;][vc_single_image image=\u00bb14226&#8243;][vc_custom_heading text=\u00bbLibre de polvo\u00bb font_container=\u00bbtag:h3|text_align:center|color:%23ffffff\u00bb use_theme_fonts=\u00bbyes\u00bb][\/vc_column_inner][vc_column_inner width=\u00bb1\/4&#8243;][vc_single_image image=\u00bb14228&#8243;][vc_custom_heading text=\u00bbAlta resistencia y alta rigidez\u00bb font_container=\u00bbtag:h3|text_align:center|color:%23ffffff\u00bb use_theme_fonts=\u00bbyes\u00bb][\/vc_column_inner][vc_column_inner width=\u00bb1\/4&#8243;][vc_single_image image=\u00bb14438&#8243;][vc_custom_heading text=\u00bbSuperficie lisa\u00bb font_container=\u00bbtag:h3|text_align:center|color:%23ffffff\u00bb use_theme_fonts=\u00bbyes\u00bb][\/vc_column_inner][\/vc_row_inner][\/vc_column][\/vc_row][vc_row full_width=\u00bbstretch_row\u00bb disable_element=\u00bbyes\u00bb css=\u00bb.vc_custom_1707162410628{background: #24315e url(https:\/\/protonpaper.com\/wp-content\/uploads\/2018\/10\/vertical-grid-5.png?id=12972) !important;background-position: 0 0 !important;background-repeat: repeat !important;}\u00bb el_class=\u00bbspaced\u00bb][vc_column css_animation=\u00bbfadeInUp\u00bb css=\u00bb.vc_custom_1705564625071{margin-bottom: 20px !important;}\u00bb el_class=\u00bbanimate\u00bb][vc_column_text]<\/p>\n<h2 style=\"text-align: center;\"><span style=\"color: #ffffff;\">Green Business Initiatives<\/span><\/h2>\n<p>[\/vc_column_text]<div class=\"dash style-light centered\"><\/div>[vc_column_text css=\u00bb.vc_custom_1705522413717{padding-bottom: 40px !important;}\u00bb]<\/p>\n<h3 style=\"text-align: center;\"><span style=\"color: #ffffff;\">At proton paper product, profit do not take a front seat at the cost of our environment<\/span><\/h3>\n<p>[\/vc_column_text][vc_row_inner][vc_column_inner width=\u00bb1\/3&#8243;][vc_single_image image=\u00bb13962&#8243; alignment=\u00bbcenter\u00bb][vc_custom_heading text=\u00bb100% Reuse of water\u00bb font_container=\u00bbtag:h3|text_align:center|color:%23ffffff\u00bb use_theme_fonts=\u00bbyes\u00bb][vc_column_text]<\/p>\n<p style=\"text-align: center; color: #fff;\">Paper mulls are often blamed for excessive water wastage. At Proton paper product, We recycle 100% of the water discharged from the factory<\/p>\n<p>[\/vc_column_text][\/vc_column_inner][vc_column_inner width=\u00bb1\/3&#8243;][vc_single_image image=\u00bb13957&#8243; alignment=\u00bbcenter\u00bb][vc_custom_heading text=\u00bbReusing Recycled Materials\u00bb font_container=\u00bbtag:h3|text_align:center|color:%23ffffff\u00bb use_theme_fonts=\u00bbyes\u00bb][vc_column_text]<\/p>\n<p style=\"text-align: center; color: #fff;\">All our products are made from recyclable material\/paper waste. Recycled Raw Material Put To Use<\/p>\n<p>[\/vc_column_text][\/vc_column_inner][vc_column_inner width=\u00bb1\/3&#8243;][vc_single_image image=\u00bb13958&#8243; alignment=\u00bbcenter\u00bb][vc_custom_heading text=\u00bbSustainable Future\u00bb font_container=\u00bbtag:h3|text_align:center|color:%23ffffff\u00bb use_theme_fonts=\u00bbyes\u00bb][vc_column_text]<\/p>\n<p style=\"text-align: center; color: #fff;\">Not only our products are made from Recyclable material, our products can be 100% recycled after use. Which makes it apt for a sustainable future<\/p>\n<p>[\/vc_column_text][\/vc_column_inner][\/vc_row_inner][\/vc_column][\/vc_row][vc_row full_width=\u00bbstretch_row\u00bb css=\u00bb.vc_custom_1707576504178{background-position: 0 0 !important;background-repeat: repeat !important;}\u00bb el_class=\u00bbspaced\u00bb][vc_column css_animation=\u00bbfadeInUp\u00bb css=\u00bb.vc_custom_1705564625071{margin-bottom: 20px !important;}\u00bb el_class=\u00bbanimate\u00bb][vc_column_text]<\/p>\n<h2 style=\"text-align: center;\"><span data-sheets-root=\"1\" data-sheets-value=\"{&quot;1&quot;:2,&quot;2&quot;:&quot;Proceso de manufactura&quot;}\" data-sheets-formula=\"=GOOGLETRANSLATE(R[0]C[-5],&quot;en&quot;,&quot;es&quot;)\">Proceso de manufactura<\/span><\/h2>\n<p>[\/vc_column_text]<div class=\"dash style-light centered\"><\/div>[vc_row_inner][vc_column_inner][vc_single_image image=\u00bb14318&#8243; alignment=\u00bbcenter\u00bb][\/vc_column_inner][\/vc_row_inner][\/vc_column][\/vc_row][vc_row full_width=\u00bbstretch_row\u00bb gap=\u00bb30&#8243; content_placement=\u00bbmiddle\u00bb css=\u00bb.vc_custom_1709752505953{background-position: 0 0 !important;background-repeat: repeat !important;}\u00bb el_class=\u00bbspaced\u00bb][vc_column css_animation=\u00bbfadeInLeft\u00bb width=\u00bb1\/2&#8243;]<span class=\"subtitle dash-false style-dark text-default\">CONT\u00c1CTENOS<\/span>[vc_column_text]<\/p>\n<h2><span data-sheets-root=\"1\" data-sheets-value=\"{&quot;1&quot;:2,&quot;2&quot;:&quot;P\u00f3ngase en contacto con nosotros&quot;}\" data-sheets-formula=\"=GOOGLETRANSLATE(R[0]C[-5],&quot;en&quot;,&quot;es&quot;)\">P\u00f3ngase en contacto con nosotros<\/span><\/h2>\n<p>[\/vc_column_text]<div class=\"dash style-dark default\"><\/div>[vc_column_text]<span data-sheets-root=\"1\" data-sheets-value=\"{&quot;1&quot;:2,&quot;2&quot;:&quot;Valoramos sus comentarios, consultas y la oportunidad de conectarnos con usted. No dude en comunicarse con nosotros utilizando la informaci\u00f3n de contacto&quot;}\" data-sheets-formula=\"=GOOGLETRANSLATE(R[0]C[-5],&quot;en&quot;,&quot;es&quot;)\">Valoramos sus comentarios, consultas y la oportunidad de conectarnos con usted. No dude en comunicarse con nosotros utilizando la informaci\u00f3n de contacto<\/span>[\/vc_column_text][\/vc_column][vc_column css_animation=\u00bbfadeInRight\u00bb width=\u00bb1\/2&#8243;][vc_row_inner][vc_column_inner el_class=\u00bbshadow-box\u00bb css=\u00bb.vc_custom_1536751808789{margin-bottom: 30px !important;}\u00bb]\n<div class=\"wpcf7 no-js\" id=\"wpcf7-f13434-o6\" lang=\"en-US\" dir=\"ltr\" data-wpcf7-id=\"13434\">\n<div class=\"screen-reader-response\"><p role=\"status\" aria-live=\"polite\" aria-atomic=\"true\"><\/p> <ul><\/ul><\/div>\n<form action=\"\/es\/wp-json\/wp\/v2\/pages\/14031#wpcf7-f13434-o6\" method=\"post\" class=\"wpcf7-form init\" aria-label=\"Contact form\" novalidate=\"novalidate\" data-status=\"init\">\n<fieldset class=\"hidden-fields-container\"><input type=\"hidden\" name=\"_wpcf7\" value=\"13434\" \/><input type=\"hidden\" name=\"_wpcf7_version\" value=\"6.1.5\" \/><input type=\"hidden\" name=\"_wpcf7_locale\" value=\"en_US\" \/><input type=\"hidden\" name=\"_wpcf7_unit_tag\" value=\"wpcf7-f13434-o6\" \/><input type=\"hidden\" name=\"_wpcf7_container_post\" value=\"0\" \/><input type=\"hidden\" name=\"_wpcf7_posted_data_hash\" value=\"\" \/><input type=\"hidden\" name=\"_wpcf7_recaptcha_response\" value=\"\" \/>\n<\/fieldset>\n<p><label>Name<br \/>\n<span class=\"wpcf7-form-control-wrap\" data-name=\"your-name\"><input size=\"40\" maxlength=\"400\" class=\"wpcf7-form-control wpcf7-text wpcf7-validates-as-required\" autocomplete=\"name\" aria-required=\"true\" aria-invalid=\"false\" placeholder=\"Name\" value=\"\" type=\"text\" name=\"your-name\" \/><\/span> <\/label>\n<\/p>\n<p><label>Phone<br \/>\n<span class=\"wpcf7-form-control-wrap\" data-name=\"tel-341\"><input size=\"40\" maxlength=\"15\" minlength=\"7\" class=\"wpcf7-form-control wpcf7-tel wpcf7-validates-as-required wpcf7-text wpcf7-validates-as-tel\" aria-required=\"true\" aria-invalid=\"false\" placeholder=\"Phone Number\" value=\"\" type=\"tel\" name=\"tel-341\" \/><\/span> <\/label>\n<\/p>\n<p><label>Email<br \/>\n<span class=\"wpcf7-form-control-wrap\" data-name=\"your-email\"><input size=\"40\" maxlength=\"400\" class=\"wpcf7-form-control wpcf7-email wpcf7-validates-as-required wpcf7-text wpcf7-validates-as-email\" autocomplete=\"email\" aria-required=\"true\" aria-invalid=\"false\" placeholder=\"Email\" value=\"\" type=\"email\" name=\"your-email\" \/><\/span> <\/label>\n<\/p>\n<p><label>Message<br \/>\n<span class=\"wpcf7-form-control-wrap\" data-name=\"message\"><textarea cols=\"40\" rows=\"10\" maxlength=\"2000\" class=\"wpcf7-form-control wpcf7-textarea\" aria-invalid=\"false\" placeholder=\"Message\" name=\"message\"><\/textarea><\/span><\/label>\n<\/p>\n<p><input class=\"wpcf7-form-control wpcf7-submit has-spinner blue_back\" type=\"submit\" value=\"Send\" \/>\n<\/p><div class=\"wpcf7-response-output\" aria-hidden=\"true\"><\/div>\n<\/form>\n<\/div>\n[\/vc_column_inner][\/vc_row_inner][\/vc_column][\/vc_row]<\/p>\n<\/section>","protected":false},"excerpt":{"rendered":"<p>[vc_row full_width=\u00bbstretch_row\u00bb css=\u00bb.vc_custom_1707423368536{background-color: #24315e !important;background-position: 0 0 !important;background-repeat: repeat !important;}\u00bb el_class=\u00bbspaced about_us_home\u00bb][vc_column css_animation=\u00bbfadeInLeft\u00bb width=\u00bb1\/2&#8243; css=\u00bb.vc_custom_1705564531647{margin-bottom: 20px !important;}\u00bb el_class=\u00bbanimate\u00bb][vc_single_image image=\u00bb14219&#8243; alignment=\u00bbcenter\u00bb style=\u00bbvc_box_rounded\u00bb][\/vc_column][vc_column css_animation=\u00bbfadeInRight\u00bb width=\u00bb1\/2&#8243; el_class=\u00bbanimate animate-1&#8243;][vc_custom_heading text=\u00bbAcerca del prot\u00f3n\u00bb font_container=\u00bbtag:h1|text_align:left|color:%23ffffff\u00bb use_theme_fonts=\u00bbyes\u00bb][vc_column_text] Desde 2004, somos el principal fabricante de cart\u00f3n d\u00faplex en Morbi. Servimos nuestro papel d\u00faplex en toda la India y en todo el mundo. Nuestro [&hellip;]<\/p>\n","protected":false},"author":1,"featured_media":0,"parent":0,"menu_order":0,"comment_status":"closed","ping_status":"closed","template":"page-slider.php","meta":{"footnotes":""},"class_list":["post-14031","page","type-page","status-publish","hentry"],"acf":[],"_links":{"self":[{"href":"https:\/\/protonpaper.com\/es\/wp-json\/wp\/v2\/pages\/14031","targetHints":{"allow":["GET"]}}],"collection":[{"href":"https:\/\/protonpaper.com\/es\/wp-json\/wp\/v2\/pages"}],"about":[{"href":"https:\/\/protonpaper.com\/es\/wp-json\/wp\/v2\/types\/page"}],"author":[{"embeddable":true,"href":"https:\/\/protonpaper.com\/es\/wp-json\/wp\/v2\/users\/1"}],"replies":[{"embeddable":true,"href":"https:\/\/protonpaper.com\/es\/wp-json\/wp\/v2\/comments?post=14031"}],"version-history":[{"count":107,"href":"https:\/\/protonpaper.com\/es\/wp-json\/wp\/v2\/pages\/14031\/revisions"}],"predecessor-version":[{"id":16254,"href":"https:\/\/protonpaper.com\/es\/wp-json\/wp\/v2\/pages\/14031\/revisions\/16254"}],"wp:attachment":[{"href":"https:\/\/protonpaper.com\/es\/wp-json\/wp\/v2\/media?parent=14031"}],"curies":[{"name":"wp","href":"https:\/\/api.w.org\/{rel}","templated":true}]}}