{"id":14182,"date":"2024-02-10T14:05:21","date_gmt":"2024-02-10T14:05:21","guid":{"rendered":"https:\/\/protonpaper.com\/?page_id=14182"},"modified":"2025-01-30T12:35:16","modified_gmt":"2025-01-30T07:05:16","slug":"pixel-prime","status":"publish","type":"page","link":"https:\/\/protonpaper.com\/es\/products\/pixel-prime\/","title":{"rendered":"Tablero de papel con respaldo gris d\u00faplex &#8211; P\u00edxel Prime"},"content":{"rendered":"<section class=\"wpb-content-wrapper\"><p>[vc_row][vc_column width=\u00bb1\/2&#8243;][vc_column_text][\/vc_column_text][\/vc_column][vc_column width=\u00bb1\/2&#8243;][vc_custom_heading text=\u00bbPixel Prime\u00bb use_theme_fonts=\u00bbyes\u00bb][vc_column_text]<\/p>\n<p>El tablero P\u00edxel Prime Duplex de Proton Paper con parte posterior gris de GSM 180 a 450 en varios tama\u00f1os seg\u00fan los requisitos del cliente. Pixel Prime tiene alta rigidez, alto brillo y alto recubrimiento, adem\u00e1s de una superficie lisa para una impresi\u00f3n m\u00e1s fina. producci\u00f3n y para una soluci\u00f3n de embalaje perfecta. El cart\u00f3n d\u00faplex es la opci\u00f3n preferida para una amplia gama de sectores debido a su durabilidad, resistencia y flexibilidad. Ya sea que se utilice en impresi\u00f3n, embalaje o aplicaciones variadas. El cart\u00f3n d\u00faplex es una opci\u00f3n econ\u00f3mica, ecol\u00f3gica y confiable que puede ayudarlo a lograr sus aspiraciones.<\/p>\n<h3><b>Detalles del producto:<\/b><\/h3>\n<table>\n<tbody>\n<tr>\n<th>Nombre del producto<\/th>\n<td>Tablero d\u00faplex con respaldo gris<\/td>\n<\/tr>\n<tr>\n<th>GSM<\/th>\n<td>180 a 450 g\/m\u00b2<\/td>\n<\/tr>\n<tr>\n<th>Aplicaci\u00f3n<\/th>\n<td>1. tablero de embalaje<br \/>\n2. Trabajo de impresi\u00f3n<\/td>\n<\/tr>\n<\/tbody>\n<\/table>\n<p>[\/vc_column_text]<p class=\"text-left\"><a href=\"#\" class=\"btn btn-primary arrow-right order_sample_kit\"><span>Solicitar kit de muestra<\/span><\/a><\/p>[\/vc_column][\/vc_row][vc_row][vc_column css=\u00bb.vc_custom_1707542969686{margin-top: 60px !important ;}\u00bb][vc_custom_heading text=\u00bbHOJA DE ESPECIFICACIONES\u00bb use_theme_fonts=\u00bbyes\u00bb][vc_row_inner][vc_column_inner width=\u00bb2\/3&#8243;][vc_single_image image=\u00bb14511&#8243; alignment=\u00bbcenter\u00bb][\/vc_column_inner][vc_column_inner width=\u00bb1\/3&#8243;][vc_single_image image=\u00bb14502&#8243;][vc_media_grid element_width=\u00bb6&#8243; gap=\u00bb2&#8243; item=\u00bb14532&#8243; grid_id=\u00bbvc_gid:1713275300139-6190a6d6-7655-10&#8243; include=\u00bb14548,14551,14550,14554&#8243; el_class=\u00bbproton-feature\u00bb][\/vc_column_inner][\/vc_row_inner][\/vc_column][\/vc_row][vc_row][vc_column]<p class=\"text-center\"><a href=\"https:\/\/protonpaper.com\/wp-content\/uploads\/2024\/03\/Proton-Pixel-Prime.pdf\" target=\"_blank\" class=\"btn btn-primary arrow-none\"><span>Descargar<\/span><\/a><\/p>[\/vc_column][\/vc_row]<\/p>\n<\/section>","protected":false},"excerpt":{"rendered":"<p>[vc_row][vc_column width=\u00bb1\/2&#8243;][vc_column_text][\/vc_column_text][\/vc_column][vc_column width=\u00bb1\/2&#8243;][vc_custom_heading text=\u00bbPixel Prime\u00bb use_theme_fonts=\u00bbyes\u00bb][vc_column_text] El tablero P\u00edxel Prime Duplex de Proton Paper con parte posterior gris de GSM 180 a 450 en varios tama\u00f1os seg\u00fan los requisitos del cliente. Pixel Prime tiene alta rigidez, alto brillo y alto recubrimiento, adem\u00e1s de una superficie lisa para una impresi\u00f3n m\u00e1s fina. producci\u00f3n y para una [&hellip;]<\/p>\n","protected":false},"author":1,"featured_media":11672,"parent":44,"menu_order":0,"comment_status":"closed","ping_status":"closed","template":"","meta":{"footnotes":""},"class_list":["post-14182","page","type-page","status-publish","has-post-thumbnail","hentry"],"acf":[],"_links":{"self":[{"href":"https:\/\/protonpaper.com\/es\/wp-json\/wp\/v2\/pages\/14182","targetHints":{"allow":["GET"]}}],"collection":[{"href":"https:\/\/protonpaper.com\/es\/wp-json\/wp\/v2\/pages"}],"about":[{"href":"https:\/\/protonpaper.com\/es\/wp-json\/wp\/v2\/types\/page"}],"author":[{"embeddable":true,"href":"https:\/\/protonpaper.com\/es\/wp-json\/wp\/v2\/users\/1"}],"replies":[{"embeddable":true,"href":"https:\/\/protonpaper.com\/es\/wp-json\/wp\/v2\/comments?post=14182"}],"version-history":[{"count":19,"href":"https:\/\/protonpaper.com\/es\/wp-json\/wp\/v2\/pages\/14182\/revisions"}],"predecessor-version":[{"id":16674,"href":"https:\/\/protonpaper.com\/es\/wp-json\/wp\/v2\/pages\/14182\/revisions\/16674"}],"up":[{"embeddable":true,"href":"https:\/\/protonpaper.com\/es\/wp-json\/wp\/v2\/pages\/44"}],"wp:featuredmedia":[{"embeddable":true,"href":"https:\/\/protonpaper.com\/es\/wp-json\/wp\/v2\/media\/11672"}],"wp:attachment":[{"href":"https:\/\/protonpaper.com\/es\/wp-json\/wp\/v2\/media?parent=14182"}],"curies":[{"name":"wp","href":"https:\/\/api.w.org\/{rel}","templated":true}]}}