{"id":14254,"date":"2024-02-10T17:46:30","date_gmt":"2024-02-10T17:46:30","guid":{"rendered":"https:\/\/protonpaper.com\/?page_id=14254"},"modified":"2025-07-08T09:43:14","modified_gmt":"2025-07-08T04:13:14","slug":"applications","status":"publish","type":"page","link":"https:\/\/protonpaper.com\/es\/applications\/","title":{"rendered":"Aplicaciones"},"content":{"rendered":"<section class=\"wpb-content-wrapper\"><p>[vc_row][vc_column][vc_row_inner][vc_column_inner width=\u00bb1\/3&#8243;][vc_single_image image=\u00bb14268&#8243; align=\u00bbcenter\u00bb][vc_custom_heading text=\u00bbImpresi\u00f3n &#8211; Impresi\u00f3n UV\u00bb font_container=\u00bbtag:h3|text_align :centro\u00bb use_theme_fonts=\u00bbyes\u00bb][vc_column_text]<\/p>\n<p style=\"text-align: center;\">El papel d\u00faplex es una excelente opci\u00f3n para la impresi\u00f3n UV porque ofrece una calidad de impresi\u00f3n mejorada adem\u00e1s de resistencia.<\/p>\n<p>[\/vc_column_text][\/vc_column_inner][vc_column_inner width=\u00bb1\/3&#8243;][vc_single_image image=\u00bb14264&#8243; align=\u00bbcenter\u00bb][vc_custom_heading text=\u00bbImpresi\u00f3n &#8211; Impresi\u00f3n met\u00e1lica\u00bb font_container=\u00bbtag:h3|text_align: centro\u00bb use_theme_fonts=\u00bbyes\u00bb][vc_column_text]<\/p>\n<p style=\"text-align: center;\">Cuando se trata de impresi\u00f3n met\u00e1lica, el papel d\u00faplex es una excelente opci\u00f3n ya que proporciona una base s\u00f3lida para producir art\u00edculos visualmente llamativos.<\/p>\n<p>[\/vc_column_text][\/vc_column_inner][vc_column_inner width=\u00bb1\/3&#8243;][vc_single_image image=\u00bb14265&#8243; align=\u00bbcenter\u00bb][vc_custom_heading text=\u00bbIndustria del embalaje\u00bb font_container=\u00bbtag:h3|text_align:center\u00bb use_theme_fonts=\u00bbyes\u00bb][vc_column_text]<\/p>\n<p style=\"text-align: center;\">Proton Paper ayuda a la industria del embalaje con papel de embalaje atractivo y de calidad para mejorar la satisfacci\u00f3n del cliente. Independientemente del tama\u00f1o del requisito, podemos encargarnos de ello por usted<\/p>\n<p>[\/vc_column_text][\/vc_column_inner][\/vc_row_inner][\/vc_column][\/vc_row][vc_row][vc_column][vc_row_inner][vc_column_inner width=\u00bb1\/3&#8243;][vc_single_image image=\u00bb14262&#8243;][vc_custom_heading text=\u00bbEmbalaje &#8211; FMCG\u00bb font_container=\u00bbtag:h3|text_align:center\u00bb use_theme_fonts=\u00bbyes\u00bb][vc_column_text]<\/p>\n<p style=\"text-align: center;\">Los papeles reciclados no siempre son de calidad inferior en Proton Papers; Es adecuado para todas las empresas de bienes de consumo a nivel nacional.<\/p>\n<p>[\/vc_column_text][\/vc_column_inner][vc_column_inner width=\u00bb1\/3&#8243;][vc_single_image image=\u00bb14266&#8243; align=\u00bbcenter\u00bb][vc_custom_heading text=\u00bbEmbalaje &#8211; Farmac\u00e9utica\u00bb font_container=\u00bbtag:h3|text_align:center\u00bb use_theme_fonts=\u00bbyes\u00bb][vc_column_text]<\/p>\n<p style=\"text-align: center;\">En Proton Paper reconocemos la importancia de la medicina y apoyamos su protecci\u00f3n debido a su naturaleza de curar a las personas. Por ello, fabricamos cartones de papel Superior para embalaje.<\/p>\n<p>[\/vc_column_text][\/vc_column_inner][vc_column_inner width=\u00bb1\/3&#8243;][vc_single_image image=\u00bb14263&#8243; align=\u00bbcenter\u00bb][vc_custom_heading text=\u00bbEmbalaje &#8211; Etiquetas de prendas\u00bb font_container=\u00bbtag:h3|text_align: centro\u00bb use_theme_fonts=\u00bbyes\u00bb][vc_column_text]<\/p>\n<p style=\"text-align: center;\">Proton Paper produce papel de alta calidad para etiquetas de ropa que satisfacen la necesidad de una identificaci\u00f3n distintiva.<\/p>\n<p>[\/vc_column_text][\/vc_column_inner][\/vc_row_inner][\/vc_column][\/vc_row]<\/p>\n<\/section>","protected":false},"excerpt":{"rendered":"<p>[vc_row][vc_column][vc_row_inner][vc_column_inner width=\u00bb1\/3&#8243;][vc_single_image image=\u00bb14268&#8243; align=\u00bbcenter\u00bb][vc_custom_heading text=\u00bbImpresi\u00f3n &#8211; Impresi\u00f3n UV\u00bb font_container=\u00bbtag:h3|text_align :centro\u00bb use_theme_fonts=\u00bbyes\u00bb][vc_column_text] El papel d\u00faplex es una excelente opci\u00f3n para la impresi\u00f3n UV porque ofrece una calidad de impresi\u00f3n mejorada adem\u00e1s de resistencia. [\/vc_column_text][\/vc_column_inner][vc_column_inner width=\u00bb1\/3&#8243;][vc_single_image image=\u00bb14264&#8243; align=\u00bbcenter\u00bb][vc_custom_heading text=\u00bbImpresi\u00f3n &#8211; Impresi\u00f3n met\u00e1lica\u00bb font_container=\u00bbtag:h3|text_align: centro\u00bb use_theme_fonts=\u00bbyes\u00bb][vc_column_text] Cuando se trata de impresi\u00f3n met\u00e1lica, el papel d\u00faplex es una excelente [&hellip;]<\/p>\n","protected":false},"author":1,"featured_media":0,"parent":0,"menu_order":0,"comment_status":"closed","ping_status":"closed","template":"","meta":{"footnotes":""},"class_list":["post-14254","page","type-page","status-publish","hentry"],"acf":[],"_links":{"self":[{"href":"https:\/\/protonpaper.com\/es\/wp-json\/wp\/v2\/pages\/14254","targetHints":{"allow":["GET"]}}],"collection":[{"href":"https:\/\/protonpaper.com\/es\/wp-json\/wp\/v2\/pages"}],"about":[{"href":"https:\/\/protonpaper.com\/es\/wp-json\/wp\/v2\/types\/page"}],"author":[{"embeddable":true,"href":"https:\/\/protonpaper.com\/es\/wp-json\/wp\/v2\/users\/1"}],"replies":[{"embeddable":true,"href":"https:\/\/protonpaper.com\/es\/wp-json\/wp\/v2\/comments?post=14254"}],"version-history":[{"count":31,"href":"https:\/\/protonpaper.com\/es\/wp-json\/wp\/v2\/pages\/14254\/revisions"}],"predecessor-version":[{"id":16991,"href":"https:\/\/protonpaper.com\/es\/wp-json\/wp\/v2\/pages\/14254\/revisions\/16991"}],"wp:attachment":[{"href":"https:\/\/protonpaper.com\/es\/wp-json\/wp\/v2\/media?parent=14254"}],"curies":[{"name":"wp","href":"https:\/\/api.w.org\/{rel}","templated":true}]}}