{"id":7950,"date":"2016-07-28T10:46:34","date_gmt":"2016-07-28T10:46:34","guid":{"rendered":"http:\/\/themicart.com\/interico-wp\/?page_id=15"},"modified":"2025-12-09T11:45:38","modified_gmt":"2025-12-09T06:15:38","slug":"company-profile","status":"publish","type":"page","link":"https:\/\/protonpaper.com\/es\/company-profile\/","title":{"rendered":"Sobre nosotros"},"content":{"rendered":"<section class=\"wpb-content-wrapper\"><p>[vc_row gap=\u00bb15&#8243; css=\u00bb.vc_custom_1536842181479{margin-bottom: 80px !important;}\u00bb][vc_column][vc_custom_heading text=\u00bbDe un vistazo (Acerca de la industria del papel Proton)\u00bb font_container=\u00bbtag:h2|text_align:center\u00bb use_theme_fonts=\u00bbyes\u00bb][vc_column_text]<span data-sheets-root=\"1\" data-sheets-value=\"{&quot;1&quot;:2,&quot;2&quot;:&quot;Somos un fabricante de PROTON PAPER INDUSTRY de cart\u00f3n d\u00faplex en varios GSM y variantes utilizadas principalmente para diversas aplicaciones de impresi\u00f3n y embalaje. Nuestro papel es una soluci\u00f3n sostenible y confiable para satisfacer las necesidades de embalaje de nuestros clientes.\\r\\n\\r\\nCon a\u00f1os de experiencia en la industria, nos hemos establecido como un fabricante confiable dentro del mercado. Contamos con un equipo de expertos tremendamente profesionales que est\u00e1n comprometidos a presentar el mejor papel y servicios de alta calidad a nuestros clientes. Utilizamos tecnolog\u00eda moderna y estrategias de producci\u00f3n sostenibles para producir cart\u00f3n d\u00faplex.\\r\\n\\r\\nNuestro papel se encuentra en varios gsm, grados, tama\u00f1os y pesos para satisfacer las necesidades particulares de nuestros clientes. Ofrecemos una amplia variedad de cartones de papel d\u00faplex, que incluyen dorso gris, dorso blanco, dorso kraft,\\r\\n\\r\\nEn nuestra dedicaci\u00f3n a la sostenibilidad medioambiental, nos enorgullecemos de nuestro papel como fabricantes de papel 100% reciclado. En el coraz\u00f3n de nuestra t\u00e9cnica de fabricaci\u00f3n se encuentra la fuerza de voluntad para minimizar nuestra huella ecol\u00f3gica. Cada l\u00e1mina que elaboramos refleja nuestro compromiso inquebrantable con un destino m\u00e1s ecol\u00f3gico, ya que utilizamos \u00edntegramente sustancias recicladas. Al elegir nuestro papel 100% reciclado, no solo est\u00e1 eligiendo un papel de calidad superior, sino que tambi\u00e9n participa activamente en el movimiento internacional para acercarse al uso responsable de la ayuda. Nuestra l\u00ednea de producci\u00f3n se adhiere a los est\u00e1ndares de un sistema financiero circular, promoviendo la reutilizaci\u00f3n y el reciclaje de materiales. Con cada compra, usted contribuye a reducir el desperdicio y ayudar a las pr\u00e1cticas ecol\u00f3gicas. Nuestro papel 100% reciclado es una encarnaci\u00f3n tangible de nuestra obligaci\u00f3n corporativa, representando un deseo sustentable tanto para los clientes como para el planeta. \u00danase a nosotros en este viaje m\u00e1s cercano a un destino m\u00e1s consciente con el medio ambiente, donde el simple hecho de utilizar el papel se convierta en una afirmaci\u00f3n efectiva de la sostenibilidad. Experimente la distinci\u00f3n con nuestro papel 100% reciclado, donde la calidad, el sentido moral y el respeto al medio ambiente convergen a la perfecci\u00f3n.\\r\\n\\r\\nNos dedicamos a brindar a nuestros clientes el mejor grado de transporte, desde la personalizaci\u00f3n del producto hasta la entrega oportuna. Nuestro equipo de atenci\u00f3n al cliente est\u00e1 constantemente disponible para responder cualquier pregunta o inquietud que pueda tener.\\r\\n\\r\\nGracias por elegirnos como su SOCIO de cart\u00f3n d\u00faplex. Nos preparamos para trabajar con usted y brindarle respuestas excepcionales a sus necesidades de impresi\u00f3n y embalaje.&quot;}\" data-sheets-formula=\"=GOOGLETRANSLATE(R[0]C[-5],&quot;en&quot;,&quot;es&quot;)\">Somos un fabricante de PROTON PAPER INDUSTRY de cart\u00f3n d\u00faplex en varios GSM y variantes utilizadas principalmente para diversas aplicaciones de impresi\u00f3n y embalaje. Nuestro papel es una soluci\u00f3n sostenible y confiable para satisfacer las necesidades de embalaje de nuestros clientes.<\/span><\/p>\n<p>Con a\u00f1os de experiencia en la industria, nos hemos establecido como un fabricante confiable dentro del mercado. Contamos con un equipo de expertos tremendamente profesionales que est\u00e1n comprometidos a presentar el mejor papel y servicios de alta calidad a nuestros clientes. Utilizamos tecnolog\u00eda moderna y estrategias de producci\u00f3n sostenibles para producir cart\u00f3n d\u00faplex.<\/p>\n<p>Nuestro papel se encuentra en varios gsm, grados, tama\u00f1os y pesos para satisfacer las necesidades particulares de nuestros clientes. Ofrecemos una amplia variedad de cartones de papel d\u00faplex, que incluyen dorso gris, dorso blanco, dorso kraft,<\/p>\n<p>En nuestra dedicaci\u00f3n a la sostenibilidad medioambiental, nos enorgullecemos de nuestro papel como fabricantes de papel 100% reciclado. En el coraz\u00f3n de nuestra t\u00e9cnica de fabricaci\u00f3n se encuentra la fuerza de voluntad para minimizar nuestra huella ecol\u00f3gica. Cada l\u00e1mina que elaboramos refleja nuestro compromiso inquebrantable con un destino m\u00e1s ecol\u00f3gico, ya que utilizamos \u00edntegramente sustancias recicladas. Al elegir nuestro papel 100% reciclado, no solo est\u00e1 eligiendo un papel de calidad superior, sino que tambi\u00e9n participa activamente en el movimiento internacional para acercarse al uso responsable de la ayuda. Nuestra l\u00ednea de producci\u00f3n se adhiere a los est\u00e1ndares de un sistema financiero circular, promoviendo la reutilizaci\u00f3n y el reciclaje de materiales. Con cada compra, usted contribuye a reducir el desperdicio y ayudar a las pr\u00e1cticas ecol\u00f3gicas. Nuestro papel 100% reciclado es una encarnaci\u00f3n tangible de nuestra obligaci\u00f3n corporativa, representando un deseo sustentable tanto para los clientes como para el planeta. \u00danase a nosotros en este viaje m\u00e1s cercano a un destino m\u00e1s consciente con el medio ambiente, donde el simple hecho de utilizar el papel se convierta en una afirmaci\u00f3n efectiva de la sostenibilidad. Experimente la distinci\u00f3n con nuestro papel 100% reciclado, donde la calidad, el sentido moral y el respeto al medio ambiente convergen a la perfecci\u00f3n.<\/p>\n<p>Nos dedicamos a brindar a nuestros clientes el mejor grado de transporte, desde la personalizaci\u00f3n del producto hasta la entrega oportuna. Nuestro equipo de atenci\u00f3n al cliente est\u00e1 constantemente disponible para responder cualquier pregunta o inquietud que pueda tener.<\/p>\n<p>Gracias por elegirnos como su SOCIO de cart\u00f3n d\u00faplex. Nos preparamos para trabajar con usted y brindarle respuestas excepcionales a sus necesidades de impresi\u00f3n y embalaje.[\/vc_column_text][\/vc_column][\/vc_row][vc_row][vc_column width=\u00bb1\/2&#8243;][vc_custom_heading text=\u00bbNuestra visi\u00f3n\u00bb use_theme_fonts=\u00bbyes\u00bb][vc_column_text]<span data-sheets-root=\"1\" data-sheets-value=\"{&quot;1&quot;:2,&quot;2&quot;:&quot;Prevalecer en las industrias de impresi\u00f3n y embalaje como emisor de soluciones modernas y sostenibles de cart\u00f3n d\u00faplex. Nuestro prop\u00f3sito es destacarnos por nuestra determinaci\u00f3n con la atenci\u00f3n al medio ambiente, el calibre avanzado de nuestros productos y una incre\u00edble atenci\u00f3n al cliente. Nuestro objetivo es embellecer constantemente nuestros m\u00e9todos de producci\u00f3n y nuestra gama de productos para satisfacer las necesidades de conversi\u00f3n de nuestros clientes y del mundo. Al apoyar estrategias respetuosas con el medio ambiente y apoyar a nuestros clientes para que alcancen sus objetivos de sostenibilidad, esperamos tener un impacto positivo en la empresa en su conjunto. Nuestro objetivo es convertirnos en un socio confiable y confiable dentro del negocio del cart\u00f3n d\u00faplex brindando a nuestros clientes los recursos que necesitan para ejecutar sus operaciones correctamente y logrando un gran impacto en un destino m\u00e1s sostenible para todos.&quot;}\" data-sheets-formula=\"=GOOGLETRANSLATE(R[0]C[-5],&quot;en&quot;,&quot;es&quot;)\">Prevalecer en las industrias de impresi\u00f3n y embalaje como emisor de soluciones modernas y sostenibles de cart\u00f3n d\u00faplex. Nuestro prop\u00f3sito es destacarnos por nuestra determinaci\u00f3n con la atenci\u00f3n al medio ambiente, el calibre avanzado de nuestros productos y una incre\u00edble atenci\u00f3n al cliente. Nuestro objetivo es embellecer constantemente nuestros m\u00e9todos de producci\u00f3n y nuestra gama de productos para satisfacer las necesidades de conversi\u00f3n de nuestros clientes y del mundo. Al apoyar estrategias respetuosas con el medio ambiente y apoyar a nuestros clientes para que alcancen sus objetivos de sostenibilidad, esperamos tener un impacto positivo en la empresa en su conjunto. Nuestro objetivo es convertirnos en un socio confiable y confiable dentro del negocio del cart\u00f3n d\u00faplex brindando a nuestros clientes los recursos que necesitan para ejecutar sus operaciones correctamente y logrando un gran impacto en un destino m\u00e1s sostenible para todos.<\/span>[\/vc_column_text][\/vc_column][vc_column width=\u00bb1\/2&#8243;][vc_single_image image=\u00bb14017&#8243; img_size=\u00bblarge\u00bb alignment=\u00bbcenter\u00bb style=\u00bbvc_box_rounded\u00bb][\/vc_column][\/vc_row][vc_row css=\u00bb.vc_custom_1707248344038{margin-top: 60px !important;}\u00bb][vc_column width=\u00bb1\/2&#8243;][vc_single_image image=\u00bb14016&#8243; img_size=\u00bblarge\u00bb alignment=\u00bbcenter\u00bb style=\u00bbvc_box_rounded\u00bb][\/vc_column][vc_column width=\u00bb1\/2&#8243;][vc_custom_heading text=\u00bbNuestra misi\u00f3n\u00bb use_theme_fonts=\u00bbyes\u00bb][vc_column_text]<span data-sheets-root=\"1\" data-sheets-value=\"{&quot;1&quot;:2,&quot;2&quot;:&quot;NUESTRA MISI\u00d3N es satisfacer las demandas precisas de cada cliente con la ayuda de suministrar soluciones de cart\u00f3n d\u00faplex confiables, de vanguardia y sostenibles. Adem\u00e1s de asumir la responsabilidad por nuestro impacto ambiental, nos dedicamos a producir excelentes productos de cart\u00f3n d\u00faplex utilizando tecnolog\u00eda moderna y t\u00e9cnicas de fabricaci\u00f3n ambientalmente excelentes. Al ofrecer una excelente atenci\u00f3n al cliente, respuestas especializadas y transporte innovador, nuestro objetivo es superar las expectativas de nuestros clientes. Nuestro compromiso es convertirnos en el socio de referencia de nuestros clientes, brind\u00e1ndoles los recursos que necesitan para administrar sus empresas de manera eficaz. Nos dedicamos a generar alternativas adecuadas dentro del \u00e1rea de impresi\u00f3n y embalaje y ayudar a garantizar que todos tengan un destino m\u00e1s sostenible.&quot;}\" data-sheets-formula=\"=GOOGLETRANSLATE(R[0]C[-5],&quot;en&quot;,&quot;es&quot;)\">NUESTRA MISI\u00d3N es satisfacer las demandas precisas de cada cliente con la ayuda de suministrar soluciones de cart\u00f3n d\u00faplex confiables, de vanguardia y sostenibles. Adem\u00e1s de asumir la responsabilidad por nuestro impacto ambiental, nos dedicamos a producir excelentes productos de cart\u00f3n d\u00faplex utilizando tecnolog\u00eda moderna y t\u00e9cnicas de fabricaci\u00f3n ambientalmente excelentes. Al ofrecer una excelente atenci\u00f3n al cliente, respuestas especializadas y transporte innovador, nuestro objetivo es superar las expectativas de nuestros clientes. Nuestro compromiso es convertirnos en el socio de referencia de nuestros clientes, brind\u00e1ndoles los recursos que necesitan para administrar sus empresas de manera eficaz. Nos dedicamos a generar alternativas adecuadas dentro del \u00e1rea de impresi\u00f3n y embalaje y ayudar a garantizar que todos tengan un destino m\u00e1s sostenible.<\/span>[\/vc_column_text][\/vc_column][\/vc_row][vc_row full_width=\u00bbstretch_row_content_no_spaces\u00bb css=\u00bb.vc_custom_1707585079947{background-color: #24315e !important;}\u00bb][vc_column width=\u00bb1\/2&#8243;][vc_row_inner el_class=\u00bboverlap-right\u00bb css=\u00bb.vc_custom_1707585109458{background-color: #24315e !important;}\u00bb][vc_column_inner width=\u00bb1\/4&#8243;][\/vc_column_inner][vc_column_inner el_class=\u00bbshadow-box\u00bb width=\u00bb3\/4&#8243; css=\u00bb.vc_custom_1707585127003{background-color: #24315e !important;}\u00bb]<span style=\"color:#ffffff\" class=\"subtitle dash-false style-dark text-default\">PAPEL PROT\u00d3N<\/span>[vc_column_text]<span data-sheets-root=\"1\" data-sheets-value=\"{&quot;1&quot;:2,&quot;2&quot;:&quot;DENTRO DE LA INDUSTRIA DEL PAPEL PROTON&quot;}\" data-sheets-formula=\"=GOOGLETRANSLATE(R[0]C[-5],&quot;en&quot;,&quot;es&quot;)\">DENTRO DE LA INDUSTRIA DEL PAPEL PROTON<\/span>[\/vc_column_text][vc_column_text]<span data-sheets-root=\"1\" data-sheets-value=\"{&quot;1&quot;:2,&quot;2&quot;:&quot;Descubra PROTON PAPER INDUSTRY en este cautivador viaje en v\u00eddeo. Sea testigo de la producci\u00f3n de papel con tecnolog\u00eda moderna, transformamos la PULPA en un exquisito CART\u00d3N DE PAPEL D\u00daPLEX. Experimente la esencia de nuestra dedicaci\u00f3n a la calidad y la sostenibilidad.&quot;}\" data-sheets-formula=\"=GOOGLETRANSLATE(R[0]C[-5],&quot;en&quot;,&quot;es&quot;)\">Descubra PROTON PAPER INDUSTRY en este cautivador viaje en v\u00eddeo. Sea testigo de la producci\u00f3n de papel con tecnolog\u00eda moderna, transformamos la PULPA en un exquisito CART\u00d3N DE PAPEL D\u00daPLEX. Experimente la esencia de nuestra dedicaci\u00f3n a la calidad y la sostenibilidad.<\/span>[\/vc_column_text][\/vc_column_inner][\/vc_row_inner][\/vc_column][vc_column width=\u00bb1\/2&#8243; el_class=\u00bbcross_shape\u00bb css=\u00bb.vc_custom_1707585719517{margin-top: 0px !important;margin-bottom: 0px !important;}\u00bb][vc_single_image image=\u00bb14460&#8243; onclick=\u00bbcustom_link\u00bb img_link_target=\u00bb_blank\u00bb link=\u00bbhttps:\/\/www.youtube.com\/watch?v=Ur6QSSkcf0M&amp;t=33s\u00bb css=\u00bb.vc_custom_1710915383551{margin-top: 0px !important;margin-bottom: 0px !important;}\u00bb][\/vc_column][\/vc_row][vc_row full_width=\u00bbstretch_row\u00bb css=\u00bb.vc_custom_1705566226397{background-position: 0 0 !important;background-repeat: repeat !important;}\u00bb el_class=\u00bbspaced\u00bb][vc_column css_animation=\u00bbfadeInUp\u00bb css=\u00bb.vc_custom_1705564550727{padding-top: 0px !important;}\u00bb][vc_custom_heading text=\u00bbNuestro Valor\u00bb font_container=\u00bbtag:h2|text_align:center\u00bb use_theme_fonts=\u00bbyes\u00bb]<div class=\"dash style-dark centered\"><\/div>[vc_row_inner][vc_column_inner width=\u00bb1\/3&#8243;]<div class=\"feature-box icon-top-centered box-unboxed spacing-30 spacing-mob-30\" style=\"background-color:#24315e\"><i class=\"fa fa-hand-paper-o\" style=\"color:#ffffff\"><\/i><div class=\"content-wrapper\"><h3 class=\"feature-title\" style=\"color:#ffffff\">Respeto<\/h3><p class=\"feature-text\" style=\"color:#ffffff\">Respetamos a nuestros clientes, empleados, socios y proveedores. Respetamos el medio ambiente, nuestro deber social y la ley.<\/p><\/div><\/div>[\/vc_column_inner][vc_column_inner width=\u00bb1\/3&#8243;]<div class=\"feature-box icon-top-centered box-default spacing-30 spacing-mob-30\" style=\"background-color:#24315e\"><i class=\"fa fa-retweet\" style=\"color:#ffffff\"><\/i><div class=\"content-wrapper\"><h3 class=\"feature-title\" style=\"color:#ffffff\">Integridad<\/h3><p class=\"feature-text\" style=\"color:#ffffff\">Creemos en la integridad en los negocios y confiamos en que nuestros empleados son \u00e9ticos y honestos.<\/p><\/div><\/div>[\/vc_column_inner][vc_column_inner width=\u00bb1\/3&#8243;]<div class=\"feature-box icon-top-centered box-default spacing-30 spacing-mob-30\" style=\"background-color:#24315e\"><i class=\"fa fa-balance-scale\" style=\"color:#ffffff\"><\/i><div class=\"content-wrapper\"><h3 class=\"feature-title\" style=\"color:#ffffff\">Justicia<\/h3><p class=\"feature-text\" style=\"color:#ffffff\">Tratamos a todos nuestros empleados por igual y los desarrollamos y promovemos con equidad.<\/p><\/div><\/div>[\/vc_column_inner][\/vc_row_inner][\/vc_column][\/vc_row][vc_row][vc_column][vc_custom_heading text=\u00bbNuestro viaje\u00bb font_container=\u00bbtag:h2|text_align:center\u00bb use_theme_fonts=\u00bbyes\u00bb][vc_row_inner][vc_column_inner][vc_single_image image=\u00bb14027&#8243; alignment=\u00bbcenter\u00bb][\/vc_column_inner][\/vc_row_inner][\/vc_column][\/vc_row][vc_row css=\u00bb.vc_custom_1707248281671{margin-top: 60px !important;}\u00bb][vc_column][vc_custom_heading text=\u00bbCertificado\u00bb font_container=\u00bbtag:h2|text_align:center\u00bb use_theme_fonts=\u00bbyes\u00bb][vc_row_inner][vc_column_inner width=\u00bb1\/5&#8243;][vc_single_image image=\u00bb14332&#8243; img_size=\u00bb300&#215;425&#8243; alignment=\u00bbcenter\u00bb style=\u00bbvc_box_border\u00bb border_color=\u00bbwhite\u00bb el_class=\u00bbcertificate\u00bb][\/vc_column_inner][vc_column_inner width=\u00bb1\/5&#8243;][vc_single_image image=\u00bb14329&#8243; img_size=\u00bb300&#215;425&#8243; alignment=\u00bbcenter\u00bb style=\u00bbvc_box_border\u00bb border_color=\u00bbwhite\u00bb][\/vc_column_inner][vc_column_inner width=\u00bb1\/5&#8243;][vc_single_image image=\u00bb14331&#8243; img_size=\u00bb300&#215;425&#8243; alignment=\u00bbcenter\u00bb style=\u00bbvc_box_border\u00bb border_color=\u00bbwhite\u00bb][\/vc_column_inner][vc_column_inner width=\u00bb1\/5&#8243;][vc_single_image image=\u00bb14430&#8243; img_size=\u00bb300&#215;425&#8243; alignment=\u00bbcenter\u00bb style=\u00bbvc_box_border\u00bb border_color=\u00bbwhite\u00bb][\/vc_column_inner][vc_column_inner width=\u00bb1\/5&#8243;][vc_single_image image=\u00bb14431&#8243; img_size=\u00bb300&#215;425&#8243; alignment=\u00bbcenter\u00bb style=\u00bbvc_box_border\u00bb border_color=\u00bbwhite\u00bb][\/vc_column_inner][\/vc_row_inner][\/vc_column][\/vc_row][vc_row disable_element=\u00bbyes\u00bb][vc_column][vc_custom_heading text=\u00bbOur Journey\u00bb font_container=\u00bbtag:h2|text_align:center\u00bb use_theme_fonts=\u00bbyes\u00bb][vc_column_text][cool-timeline layout=\u00bbdefault\u00bb skin=\u00bbdefault\u00bb date-format=\u00bbY\u00bb show-posts=\u00bb10&#8243; animation=\u00bbnone\u00bb icons=\u00bbYES\u00bb order=\u00bbDESC\u00bb story-content=\u00bbshort\u00bb][\/vc_column_text][\/vc_column][\/vc_row]<\/p>\n<\/section>","protected":false},"excerpt":{"rendered":"<p>[vc_row gap=\u00bb15&#8243; css=\u00bb.vc_custom_1536842181479{margin-bottom: 80px !important;}\u00bb][vc_column][vc_custom_heading text=\u00bbDe un vistazo (Acerca de la industria del papel Proton)\u00bb font_container=\u00bbtag:h2|text_align:center\u00bb use_theme_fonts=\u00bbyes\u00bb][vc_column_text]Somos un fabricante de PROTON PAPER INDUSTRY de cart\u00f3n d\u00faplex en varios GSM y variantes utilizadas principalmente para diversas aplicaciones de impresi\u00f3n y embalaje. Nuestro papel es una soluci\u00f3n sostenible y confiable para satisfacer las necesidades de embalaje de [&hellip;]<\/p>\n","protected":false},"author":1,"featured_media":13688,"parent":0,"menu_order":0,"comment_status":"closed","ping_status":"closed","template":"","meta":{"footnotes":""},"class_list":["post-7950","page","type-page","status-publish","has-post-thumbnail","hentry"],"acf":[],"_links":{"self":[{"href":"https:\/\/protonpaper.com\/es\/wp-json\/wp\/v2\/pages\/7950","targetHints":{"allow":["GET"]}}],"collection":[{"href":"https:\/\/protonpaper.com\/es\/wp-json\/wp\/v2\/pages"}],"about":[{"href":"https:\/\/protonpaper.com\/es\/wp-json\/wp\/v2\/types\/page"}],"author":[{"embeddable":true,"href":"https:\/\/protonpaper.com\/es\/wp-json\/wp\/v2\/users\/1"}],"replies":[{"embeddable":true,"href":"https:\/\/protonpaper.com\/es\/wp-json\/wp\/v2\/comments?post=7950"}],"version-history":[{"count":120,"href":"https:\/\/protonpaper.com\/es\/wp-json\/wp\/v2\/pages\/7950\/revisions"}],"predecessor-version":[{"id":17058,"href":"https:\/\/protonpaper.com\/es\/wp-json\/wp\/v2\/pages\/7950\/revisions\/17058"}],"wp:featuredmedia":[{"embeddable":true,"href":"https:\/\/protonpaper.com\/es\/wp-json\/wp\/v2\/media\/13688"}],"wp:attachment":[{"href":"https:\/\/protonpaper.com\/es\/wp-json\/wp\/v2\/media?parent=7950"}],"curies":[{"name":"wp","href":"https:\/\/api.w.org\/{rel}","templated":true}]}}