{"id":13487,"date":"2023-11-04T05:09:39","date_gmt":"2023-11-04T05:09:39","guid":{"rendered":"https:\/\/protonpaper.com\/?page_id=13487"},"modified":"2025-01-30T12:35:18","modified_gmt":"2025-01-30T07:05:18","slug":"pixel-classic","status":"publish","type":"page","link":"https:\/\/protonpaper.com\/fr\/products\/pixel-classic\/","title":{"rendered":"Carton duplex \u00e0 dos gris &#8211; Pixel Classique"},"content":{"rendered":"<section class=\"wpb-content-wrapper\"><p>[vc_row][vc_column width=\u00a0\u00bb1\/2&Prime;][vc_column_text][\/vc_column_text][\/vc_column][vc_column width=\u00a0\u00bb1\/2&Prime;][vc_custom_heading text=\u00a0\u00bbPixel Classique\u00a0\u00bb use_theme_fonts=\u00a0\u00bbyes\u00a0\u00bb][vc_column_text]El tablero Pixel Classique Duplex de Proton Paper con parte posterior gris de GSM 180 a 450 en varios tama\u00f1os seg\u00fan los requisitos del cliente. Pixel Classic tiene alta rigidez, alto brillo y una superficie lisa para obtener la mejor salida de impresi\u00f3n y para soluci\u00f3n de embalaje perfecta. El cart\u00f3n d\u00faplex es la opci\u00f3n preferida para una amplia gama de sectores debido a su durabilidad, resistencia y flexibilidad. Ya sea que se utilice en impresi\u00f3n, embalaje o aplicaciones variadas. El cart\u00f3n d\u00faplex es una opci\u00f3n econ\u00f3mica, ecol\u00f3gica y confiable que puede ayudarlo a lograr sus aspiraciones.<\/p>\n<h3><b>D\u00e9tails du produit\u00a0:<\/b><\/h3>\n<table>\n<tbody>\n<tr class=\"icoo\">\n<th>Nom du produit<\/th>\n<td>Carte Duplex Dos Gris<\/td>\n<\/tr>\n<tr class=\"icoo\">\n<th>GSM<\/th>\n<td>180 \u00e0 450 GSM<\/td>\n<\/tr>\n<tr class=\"icoo\">\n<th>Application<\/th>\n<td>1. Carton d&#8217;emballage<br \/>\n2. Travail d&rsquo;impression<\/td>\n<\/tr>\n<\/tbody>\n<\/table>\n<p>[\/vc_column_text]<p class=\"text-left\"><a href=\"#\" class=\"btn btn-primary arrow-right order_sample_kit\"><span>Solicitar kit de muestra<\/span><\/a><\/p>[\/vc_column][\/vc_row][vc_row][vc_column css=\u00a0\u00bb.vc_custom_1707542969686{margin-top: 60px !important ;}\u00a0\u00bb][vc_custom_heading text=\u00a0\u00bbHOJA DE ESPECIFICACIONES\u00a0\u00bb use_theme_fonts=\u00a0\u00bbyes\u00a0\u00bb][vc_row_inner][vc_column_inner width=\u00a0\u00bb2\/3&Prime;][vc_single_image image=\u00a0\u00bb14509&Prime;][\/vc_column_inner][vc_column_inner width=\u00a0\u00bb1\/3&Prime;][vc_single_image image=\u00a0\u00bb14502&Prime;][vc_media_grid element_width=\u00a0\u00bb6&Prime; gap=\u00a0\u00bb2&Prime; item=\u00a0\u00bb14532&Prime; grid_id=\u00a0\u00bbvc_gid:1713266350887-78261771-d573-9&Prime; include=\u00a0\u00bb14548 ,14551,14550,14554&Prime; el_class=\u00a0\u00bbproton-feature\u00a0\u00bb][\/vc_column_inner][\/vc_row_inner][\/vc_column][\/vc_row][vc_row][vc_column]<p class=\"text-center\"><a href=\"https:\/\/protonpaper.com\/wp-content\/uploads\/2024\/03\/Proton-Pixel-Classic.pdf\" target=\"_blank\" class=\"btn btn-primary arrow-none\"><span>Descargar<\/span><\/a><\/p>[\/vc_column][\/vc_row]<\/p>\n<\/section>","protected":false},"excerpt":{"rendered":"<p>[vc_row][vc_column width=\u00a0\u00bb1\/2&Prime;][vc_column_text][\/vc_column_text][\/vc_column][vc_column width=\u00a0\u00bb1\/2&Prime;][vc_custom_heading text=\u00a0\u00bbPixel Classique\u00a0\u00bb use_theme_fonts=\u00a0\u00bbyes\u00a0\u00bb][vc_column_text]El tablero Pixel Classique Duplex de Proton Paper con parte posterior gris de GSM 180 a 450 en varios tama\u00f1os seg\u00fan los requisitos del cliente. Pixel Classic tiene alta rigidez, alto brillo y una superficie lisa para obtener la mejor salida de impresi\u00f3n y para soluci\u00f3n de embalaje perfecta. El [&hellip;]<\/p>\n","protected":false},"author":1,"featured_media":15980,"parent":44,"menu_order":0,"comment_status":"closed","ping_status":"closed","template":"","meta":{"footnotes":""},"class_list":["post-13487","page","type-page","status-publish","has-post-thumbnail","hentry"],"acf":[],"_links":{"self":[{"href":"https:\/\/protonpaper.com\/fr\/wp-json\/wp\/v2\/pages\/13487","targetHints":{"allow":["GET"]}}],"collection":[{"href":"https:\/\/protonpaper.com\/fr\/wp-json\/wp\/v2\/pages"}],"about":[{"href":"https:\/\/protonpaper.com\/fr\/wp-json\/wp\/v2\/types\/page"}],"author":[{"embeddable":true,"href":"https:\/\/protonpaper.com\/fr\/wp-json\/wp\/v2\/users\/1"}],"replies":[{"embeddable":true,"href":"https:\/\/protonpaper.com\/fr\/wp-json\/wp\/v2\/comments?post=13487"}],"version-history":[{"count":43,"href":"https:\/\/protonpaper.com\/fr\/wp-json\/wp\/v2\/pages\/13487\/revisions"}],"predecessor-version":[{"id":16675,"href":"https:\/\/protonpaper.com\/fr\/wp-json\/wp\/v2\/pages\/13487\/revisions\/16675"}],"up":[{"embeddable":true,"href":"https:\/\/protonpaper.com\/fr\/wp-json\/wp\/v2\/pages\/44"}],"wp:featuredmedia":[{"embeddable":true,"href":"https:\/\/protonpaper.com\/fr\/wp-json\/wp\/v2\/media\/15980"}],"wp:attachment":[{"href":"https:\/\/protonpaper.com\/fr\/wp-json\/wp\/v2\/media?parent=13487"}],"curies":[{"name":"wp","href":"https:\/\/api.w.org\/{rel}","templated":true}]}}