{"id":14031,"date":"2024-02-06T02:33:34","date_gmt":"2024-02-06T02:33:34","guid":{"rendered":"https:\/\/protonpaper.com\/?page_id=14031"},"modified":"2024-10-03T10:54:00","modified_gmt":"2024-10-03T05:24:00","slug":"home","status":"publish","type":"page","link":"https:\/\/protonpaper.com\/fr\/","title":{"rendered":"Maison"},"content":{"rendered":"<section class=\"wpb-content-wrapper\"><p>[vc_row full_width=\u00a0\u00bbstretch_row\u00a0\u00bb css=\u00a0\u00bb.vc_custom_1707423368536{background-color: #24315e !important;background-position: 0 0 !important;background-repeat: repeat !important;}\u00a0\u00bb el_class=\u00a0\u00bbspaced about_us_home\u00a0\u00bb][vc_column css_animation=\u00a0\u00bbfadeInLeft\u00a0\u00bb width=\u00a0\u00bb1\/2&Prime; css=\u00a0\u00bb.vc_custom_1705564531647{margin-bottom: 20px !important;}\u00a0\u00bb el_class=\u00a0\u00bbanimate\u00a0\u00bb][vc_single_image image=\u00a0\u00bb14219&Prime; alignment=\u00a0\u00bbcenter\u00a0\u00bb style=\u00a0\u00bbvc_box_rounded\u00a0\u00bb][\/vc_column][vc_column css_animation=\u00a0\u00bbfadeInRight\u00a0\u00bb width=\u00a0\u00bb1\/2&Prime; el_class=\u00a0\u00bbanimate animate-1&Prime;][vc_custom_heading text=\u00a0\u00bb\u00c0 propos de Proton\u00a0\u00bb font_container=\u00a0\u00bbtag:h1|text_align:left|color:%23ffffff\u00a0\u00bb use_theme_fonts=\u00a0\u00bbyes\u00a0\u00bb][vc_column_text]<\/p>\n<div id=\"pgc-7788-1-1\" class=\"panel-grid-cell\" style=\"color: #f5f5f5;\">\n<div id=\"panel-7788-1-1-0\" class=\"so-panel widget widget_black-studio-tinymce widget_black_studio_tinymce panel-first-child panel-last-child\" data-index=\"5\">\n<div class=\"animate animate-2 panel-widget-style panel-widget-style-for-7788-1-1-0 visible\">\n<div class=\"textwidget\" style=\"text-align: justify;\">Depuis 2004, nous sommes le leader de la fabrication de carton duplex dans le Morbi. Nous servons notre papier Duplex partout en Inde et dans le monde. Notre objectif est de r\u00e9pondre aux exigences de chaque client gr\u00e2ce \u00e0 une solution fiable, cr\u00e9ative et \u00e9cologique. Avec une d\u00e9cennie d&rsquo;exp\u00e9rience dans le domaine de l&rsquo;industrie papeti\u00e8re, Proton Paper a \u00e9tabli sa cr\u00e9dibilit\u00e9 sur le march\u00e9. Notre groupe de personnes hautement qualifi\u00e9es se consacre \u00e0 offrir nos produits et services de premier ordre. Nos cartons Duplex sont fabriqu\u00e9s avec une technologie moderne et des processus de fabrication durables.<\/div>\n<\/div>\n<\/div>\n<\/div>\n<p>[\/vc_column_text]<p class=\"text-left\"><a href=\"https:\/\/protonpaper.com\/company-profile\/\" class=\"btn btn-regular arrow-right\"><span>En savoir plus<\/span><\/a><\/p>[\/vc_column][\/vc_row][vc_row full_width=\u00a0\u00bbstretch_row\u00a0\u00bb css=\u00a0\u00bb.vc_custom_1705566226397{background-position: 0 0 !important;background-repeat: repeat !important;}\u00a0\u00bb el_class=\u00a0\u00bbspaced\u00a0\u00bb][vc_column css_animation=\u00a0\u00bbfadeInUp\u00a0\u00bb css=\u00a0\u00bb.vc_custom_1705564550727{padding-top: 0px !important;}\u00a0\u00bb][vc_custom_heading text=\u00a0\u00bbNos produits\u00a0\u00bb font_container=\u00a0\u00bbtag:h2|text_align:center\u00a0\u00bb use_theme_fonts=\u00a0\u00bbyes\u00a0\u00bb]<div class=\"dash style-dark centered\"><\/div>[vc_row_inner el_class=\u00a0\u00bbhome_product_box\u00a0\u00bb][vc_column_inner width=\u00a0\u00bb1\/3&Prime;][vc_hoverbox image=\u00a0\u00bb14193&Prime; primary_title=\u00a0\u00bb\u00a0\u00bb hover_title=\u00a0\u00bb\u00a0\u00bb hover_align=\u00a0\u00bbleft\u00a0\u00bb hover_title_font_container=\u00a0\u00bbfont_size:20px\u00a0\u00bb hover_title_use_theme_fonts=\u00a0\u00bbyes\u00a0\u00bb shape=\u00a0\u00bbsquare\u00a0\u00bb hover_background_color=\u00a0\u00bbcustom\u00a0\u00bb hover_btn_title=\u00a0\u00bbEn savoir plus\u00a0\u00bb hover_btn_color=\u00a0\u00bbwarning\u00a0\u00bb hover_btn_align=\u00a0\u00bbleft\u00a0\u00bb use_custom_fonts_hover_title=\u00a0\u00bbtrue\u00a0\u00bb hover_add_button=\u00a0\u00bbtrue\u00a0\u00bb hover_custom_background=\u00a0\u00bb#24315e\u00a0\u00bb hover_btn_link=\u00a0\u00bburl:https%3A%2F%2Fprotonpaper.com%2Fproducts%2Fpixel-navvy%2F|title:Pixel%20Navvy\u00a0\u00bb]<\/p>\n<h2>Pixel Navvy<\/h2>\n<h3>Carte duplex avec dos gris<\/h3>\n<p>Disponible en<\/p>\n<h2>230 \u00e0 450 GSM<\/h2>\n<p>[\/vc_hoverbox][vc_custom_heading text=\u00a0\u00bbPixel Marine\u00a0\u00bb font_container=\u00a0\u00bbtag:h3|text_align:center\u00a0\u00bb use_theme_fonts=\u00a0\u00bbyes\u00a0\u00bb css=\u00a0\u00bb.vc_custom_1712987779636{padding-top: 30px !important;padding-bottom: 30px !important;}\u00a0\u00bb][\/vc_column_inner][vc_column_inner width=\u00a0\u00bb1\/3&Prime;][vc_hoverbox image=\u00a0\u00bb14192&Prime; primary_title=\u00a0\u00bb\u00a0\u00bb primary_align=\u00a0\u00bbjustify\u00a0\u00bb hover_title=\u00a0\u00bb\u00a0\u00bb hover_align=\u00a0\u00bbleft\u00a0\u00bb hover_title_font_container=\u00a0\u00bbfont_size:20px\u00a0\u00bb hover_title_use_theme_fonts=\u00a0\u00bbyes\u00a0\u00bb shape=\u00a0\u00bbsquare\u00a0\u00bb hover_background_color=\u00a0\u00bbcustom\u00a0\u00bb hover_btn_title=\u00a0\u00bbEn savoir plus\u00a0\u00bb hover_btn_color=\u00a0\u00bbwarning\u00a0\u00bb hover_btn_align=\u00a0\u00bbleft\u00a0\u00bb use_custom_fonts_hover_title=\u00a0\u00bbtrue\u00a0\u00bb hover_add_button=\u00a0\u00bbtrue\u00a0\u00bb hover_custom_background=\u00a0\u00bb#24315e\u00a0\u00bb hover_btn_link=\u00a0\u00bburl:https%3A%2F%2Fprotonpaper.com%2Fproducts%2Fpixel-classic%2F|title:Pixel%20Classic\u00a0\u00bb]<\/p>\n<h2>Pixel Classique<\/h2>\n<h3>Carte duplex avec dos gris<\/h3>\n<p>Disponible en<\/p>\n<h2>180 \u00e0 450 GSM<\/h2>\n<p>[\/vc_hoverbox][vc_custom_heading text=\u00a0\u00bbPixel Classique\u00a0\u00bb font_container=\u00a0\u00bbtag:h3|text_align:center\u00a0\u00bb use_theme_fonts=\u00a0\u00bbyes\u00a0\u00bb css=\u00a0\u00bb.vc_custom_1712987721005{padding-top: 30px !important;padding-bottom: 30px !important;}\u00a0\u00bb][\/vc_column_inner][vc_column_inner width=\u00a0\u00bb1\/3&Prime;][vc_hoverbox image=\u00a0\u00bb14195&Prime; primary_title=\u00a0\u00bb\u00a0\u00bb primary_align=\u00a0\u00bbjustify\u00a0\u00bb hover_title=\u00a0\u00bb\u00a0\u00bb hover_align=\u00a0\u00bbleft\u00a0\u00bb hover_title_font_container=\u00a0\u00bbfont_size:20&Prime; hover_title_use_theme_fonts=\u00a0\u00bbyes\u00a0\u00bb shape=\u00a0\u00bbsquare\u00a0\u00bb hover_background_color=\u00a0\u00bbcustom\u00a0\u00bb hover_btn_title=\u00a0\u00bbEn savoir plus\u00a0\u00bb hover_btn_color=\u00a0\u00bbwarning\u00a0\u00bb hover_btn_align=\u00a0\u00bbleft\u00a0\u00bb use_custom_fonts_hover_title=\u00a0\u00bbtrue\u00a0\u00bb hover_add_button=\u00a0\u00bbtrue\u00a0\u00bb hover_custom_background=\u00a0\u00bb#24315e\u00a0\u00bb hover_btn_link=\u00a0\u00bburl:https%3A%2F%2Fprotonpaper.com%2Fproducts%2Fpixel-prime%2F|title:Pixel%20Prime\u00a0\u00bb]<\/p>\n<h2>Pixel Prime<\/h2>\n<h3>Carte duplex avec dos gris<\/h3>\n<p>Disponible en<\/p>\n<h2>180 \u00e0 450 GSM<\/h2>\n<p>[\/vc_hoverbox][vc_custom_heading text=\u00a0\u00bbPixel\u00a0Premier\u00a0\u00bb font_container=\u00a0\u00bbtag:h3|text_align:center\u00a0\u00bb use_theme_fonts=\u00a0\u00bbyes\u00a0\u00bb css=\u00a0\u00bb.vc_custom_1712987682589{padding-top: 30px !important;padding-bottom: 30px !important;}\u00a0\u00bb][\/vc_column_inner][\/vc_row_inner][vc_row_inner css=\u00a0\u00bb.vc_custom_1707575745790{margin-top: 60px !important;}\u00a0\u00bb el_class=\u00a0\u00bbhome_product_box\u00a0\u00bb][vc_column_inner width=\u00a0\u00bb1\/6&Prime;][\/vc_column_inner][vc_column_inner width=\u00a0\u00bb1\/3&Prime;][vc_hoverbox image=\u00a0\u00bb14196&Prime; primary_title=\u00a0\u00bb\u00a0\u00bb primary_align=\u00a0\u00bbjustify\u00a0\u00bb hover_title=\u00a0\u00bb\u00a0\u00bb hover_align=\u00a0\u00bbleft\u00a0\u00bb hover_title_font_container=\u00a0\u00bbfont_size:20&Prime; hover_title_use_theme_fonts=\u00a0\u00bbyes\u00a0\u00bb shape=\u00a0\u00bbsquare\u00a0\u00bb hover_background_color=\u00a0\u00bbcustom\u00a0\u00bb hover_btn_title=\u00a0\u00bbEn savoir plus\u00a0\u00bb hover_btn_color=\u00a0\u00bbwarning\u00a0\u00bb hover_btn_align=\u00a0\u00bbleft\u00a0\u00bb use_custom_fonts_hover_title=\u00a0\u00bbtrue\u00a0\u00bb hover_add_button=\u00a0\u00bbtrue\u00a0\u00bb hover_custom_background=\u00a0\u00bb#24315e\u00a0\u00bb hover_btn_link=\u00a0\u00bburl:https%3A%2F%2Fprotonpaper.com%2Fproducts%2Fpixel-shield%2F|title:Pixel%20Shield\u00a0\u00bb]<\/p>\n<h2>Bouclier de pixels<\/h2>\n<h3>Carte recto verso avec dos blanc<\/h3>\n<p>Disponible en<\/p>\n<h2>200 \u00e0 450 GSM<\/h2>\n<p>[\/vc_hoverbox][vc_custom_heading text=\u00a0\u00bbBouclier de pixels\u00a0\u00bb font_container=\u00a0\u00bbtag:h3|text_align:center\u00a0\u00bb use_theme_fonts=\u00a0\u00bbyes\u00a0\u00bb css=\u00a0\u00bb.vc_custom_1712987658412{padding-top: 30px !important;padding-bottom: 30px !important;}\u00a0\u00bb][\/vc_column_inner][vc_column_inner width=\u00a0\u00bb1\/3&Prime;][vc_hoverbox image=\u00a0\u00bb14194&Prime; primary_title=\u00a0\u00bb\u00a0\u00bb primary_align=\u00a0\u00bbjustify\u00a0\u00bb hover_title=\u00a0\u00bb\u00a0\u00bb hover_align=\u00a0\u00bbleft\u00a0\u00bb hover_title_font_container=\u00a0\u00bbfont_size:20&Prime; hover_title_use_theme_fonts=\u00a0\u00bbyes\u00a0\u00bb shape=\u00a0\u00bbsquare\u00a0\u00bb hover_background_color=\u00a0\u00bbcustom\u00a0\u00bb hover_btn_title=\u00a0\u00bbEn savoir plus\u00a0\u00bb hover_btn_color=\u00a0\u00bbwarning\u00a0\u00bb hover_btn_align=\u00a0\u00bbleft\u00a0\u00bb use_custom_fonts_hover_title=\u00a0\u00bbtrue\u00a0\u00bb hover_add_button=\u00a0\u00bbtrue\u00a0\u00bb hover_custom_background=\u00a0\u00bb#24315e\u00a0\u00bb hover_btn_link=\u00a0\u00bburl:https%3A%2F%2Fprotonpaper.com%2Fproducts%2Fpixel-platinum%2F|title:Pixel%20Platinum\u00a0\u00bb]<\/p>\n<h2>Pixel Platine<\/h2>\n<h3>Carton duplex \u00e0 dos kraft<\/h3>\n<p>Disponible en<\/p>\n<h2>280 \u00e0 450 GSM<\/h2>\n<p>[\/vc_hoverbox][vc_custom_heading text=\u00a0\u00bbPixel Platine\u00a0\u00bb font_container=\u00a0\u00bbtag:h3|text_align:center\u00a0\u00bb use_theme_fonts=\u00a0\u00bbyes\u00a0\u00bb css=\u00a0\u00bb.vc_custom_1712987650868{padding-top: 30px !important;padding-bottom: 30px !important;}\u00a0\u00bb][\/vc_column_inner][vc_column_inner width=\u00a0\u00bb1\/6&Prime;][\/vc_column_inner][\/vc_row_inner][\/vc_column][\/vc_row][vc_row full_width=\u00a0\u00bbstretch_row\u00a0\u00bb css=\u00a0\u00bb.vc_custom_1707162401422{padding-top: 90px !important;padding-bottom: 90px !important;background-color: #24315e !important;}\u00a0\u00bb][vc_column css_animation=\u00a0\u00bbfadeIn\u00a0\u00bb][vc_custom_heading text=\u00a0\u00bbLes attributs\u00a0\u00bb font_container=\u00a0\u00bbtag:h2|text_align:center|color:%23ffffff\u00a0\u00bb use_theme_fonts=\u00a0\u00bbyes\u00a0\u00bb css_animation=\u00a0\u00bbfadeInUp\u00a0\u00bb]<div class=\"dash style-light centered\"><\/div>[vc_row_inner][vc_column_inner width=\u00a0\u00bb1\/4&Prime;][vc_single_image image=\u00a0\u00bb14001&Prime;][vc_custom_heading text=\u00a0\u00bbMeilleures qualit\u00e9s d&rsquo;impression\u00a0\u00bb font_container=\u00a0\u00bbtag:h3|text_align:center|color:%23ffffff\u00a0\u00bb use_theme_fonts=\u00a0\u00bbyes\u00a0\u00bb][\/vc_column_inner][vc_column_inner width=\u00a0\u00bb1\/4&Prime;][vc_single_image image=\u00a0\u00bb14009&Prime;][vc_custom_heading text=\u00a0\u00bbCouper gratuitement\u00a0\u00bb font_container=\u00a0\u00bbtag:h3|text_align:center|color:%23ffffff\u00a0\u00bb use_theme_fonts=\u00a0\u00bbyes\u00a0\u00bb][\/vc_column_inner][vc_column_inner width=\u00a0\u00bb1\/4&Prime;][vc_single_image image=\u00a0\u00bb14003&Prime;][vc_custom_heading text=\u00a0\u00bbPapier \u00e9cologique\u00a0\u00bb font_container=\u00a0\u00bbtag:h3|text_align:center|color:%23ffffff\u00a0\u00bb use_theme_fonts=\u00a0\u00bbyes\u00a0\u00bb][\/vc_column_inner][vc_column_inner width=\u00a0\u00bb1\/4&Prime;][vc_single_image image=\u00a0\u00bb14007&Prime;][vc_custom_heading text=\u00a0\u00bbFonctionne parfaitement sur une imprimante haute vitesse\u00a0\u00bb font_container=\u00a0\u00bbtag:h3|text_align:center|color:%23ffffff\u00a0\u00bb use_theme_fonts=\u00a0\u00bbyes\u00a0\u00bb][\/vc_column_inner][\/vc_row_inner][vc_row_inner][vc_column_inner width=\u00a0\u00bb1\/4&Prime;][vc_single_image image=\u00a0\u00bb14437&Prime;][vc_custom_heading text=\u00a0\u00bbHaute luminosit\u00e9\u00a0\u00bb font_container=\u00a0\u00bbtag:h3|text_align:center|color:%23ffffff\u00a0\u00bb use_theme_fonts=\u00a0\u00bbyes\u00a0\u00bb][\/vc_column_inner][vc_column_inner width=\u00a0\u00bb1\/4&Prime;][vc_single_image image=\u00a0\u00bb14226&Prime;][vc_custom_heading text=\u00a0\u00bbSans poussi\u00e8re\u00a0\u00bb font_container=\u00a0\u00bbtag:h3|text_align:center|color:%23ffffff\u00a0\u00bb use_theme_fonts=\u00a0\u00bbyes\u00a0\u00bb][\/vc_column_inner][vc_column_inner width=\u00a0\u00bb1\/4&Prime;][vc_single_image image=\u00a0\u00bb14228&Prime;][vc_custom_heading text=\u00a0\u00bbHaute r\u00e9sistance et haute rigidit\u00e9\u00a0\u00bb font_container=\u00a0\u00bbtag:h3|text_align:center|color:%23ffffff\u00a0\u00bb use_theme_fonts=\u00a0\u00bbyes\u00a0\u00bb][\/vc_column_inner][vc_column_inner width=\u00a0\u00bb1\/4&Prime;][vc_single_image image=\u00a0\u00bb14438&Prime;][vc_custom_heading text=\u00a0\u00bbSurface lisse\u00a0\u00bb font_container=\u00a0\u00bbtag:h3|text_align:center|color:%23ffffff\u00a0\u00bb use_theme_fonts=\u00a0\u00bbyes\u00a0\u00bb][\/vc_column_inner][\/vc_row_inner][\/vc_column][\/vc_row][vc_row full_width=\u00a0\u00bbstretch_row\u00a0\u00bb disable_element=\u00a0\u00bbyes\u00a0\u00bb css=\u00a0\u00bb.vc_custom_1707162410628{background: #24315e url(https:\/\/protonpaper.com\/wp-content\/uploads\/2018\/10\/vertical-grid-5.png?id=12972) !important;background-position: 0 0 !important;background-repeat: repeat !important;}\u00a0\u00bb el_class=\u00a0\u00bbspaced\u00a0\u00bb][vc_column css_animation=\u00a0\u00bbfadeInUp\u00a0\u00bb css=\u00a0\u00bb.vc_custom_1705564625071{margin-bottom: 20px !important;}\u00a0\u00bb el_class=\u00a0\u00bbanimate\u00a0\u00bb][vc_column_text]<\/p>\n<h2 style=\"text-align: center;\"><span style=\"color: #ffffff;\">Green Business Initiatives<\/span><\/h2>\n<p>[\/vc_column_text]<div class=\"dash style-light centered\"><\/div>[vc_column_text css=\u00a0\u00bb.vc_custom_1705522413717{padding-bottom: 40px !important;}\u00a0\u00bb]<\/p>\n<h3 style=\"text-align: center;\"><span style=\"color: #ffffff;\">At proton paper product, profit do not take a front seat at the cost of our environment<\/span><\/h3>\n<p>[\/vc_column_text][vc_row_inner][vc_column_inner width=\u00a0\u00bb1\/3&Prime;][vc_single_image image=\u00a0\u00bb13962&Prime; alignment=\u00a0\u00bbcenter\u00a0\u00bb][vc_custom_heading text=\u00a0\u00bb100% Reuse of water\u00a0\u00bb font_container=\u00a0\u00bbtag:h3|text_align:center|color:%23ffffff\u00a0\u00bb use_theme_fonts=\u00a0\u00bbyes\u00a0\u00bb][vc_column_text]<\/p>\n<p style=\"text-align: center; color: #fff;\">Paper mulls are often blamed for excessive water wastage. At Proton paper product, We recycle 100% of the water discharged from the factory<\/p>\n<p>[\/vc_column_text][\/vc_column_inner][vc_column_inner width=\u00a0\u00bb1\/3&Prime;][vc_single_image image=\u00a0\u00bb13957&Prime; alignment=\u00a0\u00bbcenter\u00a0\u00bb][vc_custom_heading text=\u00a0\u00bbReusing Recycled Materials\u00a0\u00bb font_container=\u00a0\u00bbtag:h3|text_align:center|color:%23ffffff\u00a0\u00bb use_theme_fonts=\u00a0\u00bbyes\u00a0\u00bb][vc_column_text]<\/p>\n<p style=\"text-align: center; color: #fff;\">All our products are made from recyclable material\/paper waste. Recycled Raw Material Put To Use<\/p>\n<p>[\/vc_column_text][\/vc_column_inner][vc_column_inner width=\u00a0\u00bb1\/3&Prime;][vc_single_image image=\u00a0\u00bb13958&Prime; alignment=\u00a0\u00bbcenter\u00a0\u00bb][vc_custom_heading text=\u00a0\u00bbSustainable Future\u00a0\u00bb font_container=\u00a0\u00bbtag:h3|text_align:center|color:%23ffffff\u00a0\u00bb use_theme_fonts=\u00a0\u00bbyes\u00a0\u00bb][vc_column_text]<\/p>\n<p style=\"text-align: center; color: #fff;\">Not only our products are made from Recyclable material, our products can be 100% recycled after use. Which makes it apt for a sustainable future<\/p>\n<p>[\/vc_column_text][\/vc_column_inner][\/vc_row_inner][\/vc_column][\/vc_row][vc_row full_width=\u00a0\u00bbstretch_row\u00a0\u00bb css=\u00a0\u00bb.vc_custom_1707576504178{background-position: 0 0 !important;background-repeat: repeat !important;}\u00a0\u00bb el_class=\u00a0\u00bbspaced\u00a0\u00bb][vc_column css_animation=\u00a0\u00bbfadeInUp\u00a0\u00bb css=\u00a0\u00bb.vc_custom_1705564625071{margin-bottom: 20px !important;}\u00a0\u00bb el_class=\u00a0\u00bbanimate\u00a0\u00bb][vc_column_text]<\/p>\n<h2 style=\"text-align: center;\"><span data-sheets-root=\"1\" data-sheets-value=\"{&quot;1&quot;:2,&quot;2&quot;:&quot;Processus de fabrication&quot;}\" data-sheets-formula=\"=GOOGLETRANSLATE(R[0]C[-4],&quot;en&quot;,&quot;fr&quot;)\">Processus de fabrication<\/span><\/h2>\n<p>[\/vc_column_text]<div class=\"dash style-light centered\"><\/div>[vc_row_inner][vc_column_inner][vc_single_image image=\u00a0\u00bb14318&Prime; alignment=\u00a0\u00bbcenter\u00a0\u00bb][\/vc_column_inner][\/vc_row_inner][\/vc_column][\/vc_row][vc_row full_width=\u00a0\u00bbstretch_row\u00a0\u00bb gap=\u00a0\u00bb30&Prime; content_placement=\u00a0\u00bbmiddle\u00a0\u00bb css=\u00a0\u00bb.vc_custom_1709752505953{background-position: 0 0 !important;background-repeat: repeat !important;}\u00a0\u00bb el_class=\u00a0\u00bbspaced\u00a0\u00bb][vc_column css_animation=\u00a0\u00bbfadeInLeft\u00a0\u00bb width=\u00a0\u00bb1\/2&Prime;]<span class=\"subtitle dash-false style-dark text-default\">CONTACTEZ-NOUS<\/span>[vc_column_text]<\/p>\n<h2><span data-sheets-root=\"1\" data-sheets-value=\"{&quot;1&quot;:2,&quot;2&quot;:&quot;Prenez contact avec nous&quot;}\" data-sheets-formula=\"=GOOGLETRANSLATE(R[0]C[-4],&quot;en&quot;,&quot;fr&quot;)\">Prenez contact avec nous<\/span><\/h2>\n<p>[\/vc_column_text]<div class=\"dash style-dark default\"><\/div>[vc_column_text]<span data-sheets-root=\"1\" data-sheets-value=\"{&quot;1&quot;:2,&quot;2&quot;:&quot;Nous appr\u00e9cions vos commentaires, vos demandes de renseignements et la possibilit\u00e9 de communiquer avec vous. N'h\u00e9sitez pas \u00e0 nous contacter en utilisant les coordonn\u00e9es&quot;}\" data-sheets-formula=\"=GOOGLETRANSLATE(R[0]C[-4],&quot;en&quot;,&quot;fr&quot;)\">Nous appr\u00e9cions vos commentaires, vos demandes de renseignements et la possibilit\u00e9 de communiquer avec vous. N&rsquo;h\u00e9sitez pas \u00e0 nous contacter en utilisant les coordonn\u00e9es<\/span>[\/vc_column_text][\/vc_column][vc_column css_animation=\u00a0\u00bbfadeInRight\u00a0\u00bb width=\u00a0\u00bb1\/2&Prime;][vc_row_inner][vc_column_inner el_class=\u00a0\u00bbshadow-box\u00a0\u00bb css=\u00a0\u00bb.vc_custom_1536751808789{margin-bottom: 30px !important;}\u00a0\u00bb]\n<div class=\"wpcf7 no-js\" id=\"wpcf7-f13434-o5\" lang=\"en-US\" dir=\"ltr\" data-wpcf7-id=\"13434\">\n<div class=\"screen-reader-response\"><p role=\"status\" aria-live=\"polite\" aria-atomic=\"true\"><\/p> <ul><\/ul><\/div>\n<form action=\"\/fr\/wp-json\/wp\/v2\/pages\/14031#wpcf7-f13434-o5\" method=\"post\" class=\"wpcf7-form init\" aria-label=\"Contact form\" novalidate=\"novalidate\" data-status=\"init\">\n<fieldset class=\"hidden-fields-container\"><input type=\"hidden\" name=\"_wpcf7\" value=\"13434\" \/><input type=\"hidden\" name=\"_wpcf7_version\" value=\"6.1.5\" \/><input type=\"hidden\" name=\"_wpcf7_locale\" value=\"en_US\" \/><input type=\"hidden\" name=\"_wpcf7_unit_tag\" value=\"wpcf7-f13434-o5\" \/><input type=\"hidden\" name=\"_wpcf7_container_post\" value=\"0\" \/><input type=\"hidden\" name=\"_wpcf7_posted_data_hash\" value=\"\" \/><input type=\"hidden\" name=\"_wpcf7_recaptcha_response\" value=\"\" \/>\n<\/fieldset>\n<p><label>Name<br \/>\n<span class=\"wpcf7-form-control-wrap\" data-name=\"your-name\"><input size=\"40\" maxlength=\"400\" class=\"wpcf7-form-control wpcf7-text wpcf7-validates-as-required\" autocomplete=\"name\" aria-required=\"true\" aria-invalid=\"false\" placeholder=\"Name\" value=\"\" type=\"text\" name=\"your-name\" \/><\/span> <\/label>\n<\/p>\n<p><label>Phone<br \/>\n<span class=\"wpcf7-form-control-wrap\" data-name=\"tel-341\"><input size=\"40\" maxlength=\"15\" minlength=\"7\" class=\"wpcf7-form-control wpcf7-tel wpcf7-validates-as-required wpcf7-text wpcf7-validates-as-tel\" aria-required=\"true\" aria-invalid=\"false\" placeholder=\"Phone Number\" value=\"\" type=\"tel\" name=\"tel-341\" \/><\/span> <\/label>\n<\/p>\n<p><label>Email<br \/>\n<span class=\"wpcf7-form-control-wrap\" data-name=\"your-email\"><input size=\"40\" maxlength=\"400\" class=\"wpcf7-form-control wpcf7-email wpcf7-validates-as-required wpcf7-text wpcf7-validates-as-email\" autocomplete=\"email\" aria-required=\"true\" aria-invalid=\"false\" placeholder=\"Email\" value=\"\" type=\"email\" name=\"your-email\" \/><\/span> <\/label>\n<\/p>\n<p><label>Message<br \/>\n<span class=\"wpcf7-form-control-wrap\" data-name=\"message\"><textarea cols=\"40\" rows=\"10\" maxlength=\"2000\" class=\"wpcf7-form-control wpcf7-textarea\" aria-invalid=\"false\" placeholder=\"Message\" name=\"message\"><\/textarea><\/span><\/label>\n<\/p>\n<p><input class=\"wpcf7-form-control wpcf7-submit has-spinner blue_back\" type=\"submit\" value=\"Send\" \/>\n<\/p><div class=\"wpcf7-response-output\" aria-hidden=\"true\"><\/div>\n<\/form>\n<\/div>\n[\/vc_column_inner][\/vc_row_inner][\/vc_column][\/vc_row]<\/p>\n<\/section>","protected":false},"excerpt":{"rendered":"<p>[vc_row full_width=\u00a0\u00bbstretch_row\u00a0\u00bb css=\u00a0\u00bb.vc_custom_1707423368536{background-color: #24315e !important;background-position: 0 0 !important;background-repeat: repeat !important;}\u00a0\u00bb el_class=\u00a0\u00bbspaced about_us_home\u00a0\u00bb][vc_column css_animation=\u00a0\u00bbfadeInLeft\u00a0\u00bb width=\u00a0\u00bb1\/2&Prime; css=\u00a0\u00bb.vc_custom_1705564531647{margin-bottom: 20px !important;}\u00a0\u00bb el_class=\u00a0\u00bbanimate\u00a0\u00bb][vc_single_image image=\u00a0\u00bb14219&Prime; alignment=\u00a0\u00bbcenter\u00a0\u00bb style=\u00a0\u00bbvc_box_rounded\u00a0\u00bb][\/vc_column][vc_column css_animation=\u00a0\u00bbfadeInRight\u00a0\u00bb width=\u00a0\u00bb1\/2&Prime; el_class=\u00a0\u00bbanimate animate-1&Prime;][vc_custom_heading text=\u00a0\u00bb\u00c0 propos de Proton\u00a0\u00bb font_container=\u00a0\u00bbtag:h1|text_align:left|color:%23ffffff\u00a0\u00bb use_theme_fonts=\u00a0\u00bbyes\u00a0\u00bb][vc_column_text] Depuis 2004, nous sommes le leader de la fabrication de carton duplex dans le Morbi. Nous servons notre papier Duplex partout en Inde et [&hellip;]<\/p>\n","protected":false},"author":1,"featured_media":0,"parent":0,"menu_order":0,"comment_status":"closed","ping_status":"closed","template":"page-slider.php","meta":{"footnotes":""},"class_list":["post-14031","page","type-page","status-publish","hentry"],"acf":[],"_links":{"self":[{"href":"https:\/\/protonpaper.com\/fr\/wp-json\/wp\/v2\/pages\/14031","targetHints":{"allow":["GET"]}}],"collection":[{"href":"https:\/\/protonpaper.com\/fr\/wp-json\/wp\/v2\/pages"}],"about":[{"href":"https:\/\/protonpaper.com\/fr\/wp-json\/wp\/v2\/types\/page"}],"author":[{"embeddable":true,"href":"https:\/\/protonpaper.com\/fr\/wp-json\/wp\/v2\/users\/1"}],"replies":[{"embeddable":true,"href":"https:\/\/protonpaper.com\/fr\/wp-json\/wp\/v2\/comments?post=14031"}],"version-history":[{"count":107,"href":"https:\/\/protonpaper.com\/fr\/wp-json\/wp\/v2\/pages\/14031\/revisions"}],"predecessor-version":[{"id":16254,"href":"https:\/\/protonpaper.com\/fr\/wp-json\/wp\/v2\/pages\/14031\/revisions\/16254"}],"wp:attachment":[{"href":"https:\/\/protonpaper.com\/fr\/wp-json\/wp\/v2\/media?parent=14031"}],"curies":[{"name":"wp","href":"https:\/\/api.w.org\/{rel}","templated":true}]}}