{"id":14180,"date":"2024-02-10T14:04:44","date_gmt":"2024-02-10T14:04:44","guid":{"rendered":"https:\/\/protonpaper.com\/?page_id=14180"},"modified":"2025-01-30T12:35:21","modified_gmt":"2025-01-30T07:05:21","slug":"pixel-navvy","status":"publish","type":"page","link":"https:\/\/protonpaper.com\/fr\/products\/pixel-navvy\/","title":{"rendered":"Carton duplex \u00e0 dos gris &#8211; Pixel Navvy"},"content":{"rendered":"<section class=\"wpb-content-wrapper\"><p>[vc_row][vc_column width=\u00a0\u00bb1\/2&Prime;][vc_column_text][\/vc_column_text][\/vc_column][vc_column width=\u00a0\u00bb1\/2&Prime;][vc_custom_heading text=\u00a0\u00bbPixel Navvy\u00a0\u00bb use_theme_fonts=\u00a0\u00bbyes\u00a0\u00bb][vc_column_text]Le panneau Pixel Navvy Duplex de Proton Paper avec dos gris de GSM 230 \u00e0 450 dans diff\u00e9rentes tailles selon les exigences du client Pixel Navvy est dot\u00e9 d&rsquo;une rigidit\u00e9 \u00e9lev\u00e9e, d&rsquo;une luminosit\u00e9 \u00e9lev\u00e9e, ainsi que d&rsquo;une surface lisse pour une sortie d&rsquo;impression la plus fine et pour solution d&#8217;emballage parfaite. Le carton duplex est un choix privil\u00e9gi\u00e9 pour un large \u00e9ventail de secteurs en raison de sa durabilit\u00e9, de sa r\u00e9sistance et de sa flexibilit\u00e9. Qu&rsquo;il soit utilis\u00e9 dans l&rsquo;impression, l&#8217;emballage ou des applications diverses. Le carton duplex est une option \u00e9conomique, \u00e9cologique et fiable qui peut vous aider \u00e0 r\u00e9aliser vos aspirations.<\/p>\n<h3><b>D\u00e9tails du produit\u00a0:<\/b><\/h3>\n<table>\n<tbody>\n<tr class=\"icoo\">\n<th>Nom du produit<\/th>\n<td>Carte Duplex Dos Gris<\/td>\n<\/tr>\n<tr class=\"icoo\">\n<th>GSM<\/th>\n<td>230-450\u00a0GSM<\/td>\n<\/tr>\n<tr class=\"icoo\">\n<th>Application<\/th>\n<td>1. Carton d&#8217;emballage<br \/>\n2. Travail d&rsquo;impression<\/td>\n<\/tr>\n<\/tbody>\n<\/table>\n<p>[\/vc_column_text]<p class=\"text-left\"><a href=\"#\" class=\"btn btn-primary arrow-right order_sample_kit\"><span>Commander un kit d&rsquo;\u00e9chantillons<\/span><\/a><\/p>[\/vc_column][\/vc_row][vc_row][vc_column css=\u00a0\u00bb.vc_custom_1707542969686{margin- top:60px!important;}\u00a0\u00bb][vc_custom_heading text=\u00a0\u00bbFICHE TECHNIQUE\u00a0\u00bb use_theme_fonts=\u00a0\u00bbyes\u00a0\u00bb][vc_row_inner][vc_column_inner width=\u00a0\u00bb2\/3&Prime;][vc_single_image image=\u00a0\u00bb14506&Prime; alignement=\u00a0\u00bbcenter\u00a0\u00bb][\/vc_column_inner][vc_column_inner width=\u00a0\u00bb1\/3&Prime;][vc_single_image image=\u00a0\u00bb14502&Prime; alignement=\u00a0\u00bbcenter\u00a0\u00bb][vc_media_grid element_width=\u00a0\u00bb6&Prime; gap=\u00a0\u00bb2&Prime; item=\u00a0\u00bb14532&Prime; grid_id=\u00a0\u00bbvc_gid:1713266629395-fce1f9e2-21ab-1&Prime; include=\u00a0\u00bb14548,14551,14550,14554&Prime; el_class=\u00a0\u00bbproton-feature\u00a0\u00bb][\/vc_column_inner][\/vc_row_inner][\/vc_column][\/vc_row][vc_row][vc_column width=\u00a0\u00bb1\/4&Prime;][\/vc_column][vc_column width=\u00a0\u00bb1\/2&Prime;]<p class=\"text-center\"><a href=\"https:\/\/protonpaper.com\/wp-content\/uploads\/2024\/03\/PIXEL-NAVVY.pdf\" target=\"_blank\" class=\"btn btn-primary arrow-right\"><span>T\u00e9l\u00e9charger<\/span><\/a><\/p>[\/vc_column][vc_column width=\u00a0\u00bb1\/4&Prime;][\/vc_column][\/vc_row]<\/p>\n<\/section>","protected":false},"excerpt":{"rendered":"<p>[vc_row][vc_column width=\u00a0\u00bb1\/2&Prime;][vc_column_text][\/vc_column_text][\/vc_column][vc_column width=\u00a0\u00bb1\/2&Prime;][vc_custom_heading text=\u00a0\u00bbPixel Navvy\u00a0\u00bb use_theme_fonts=\u00a0\u00bbyes\u00a0\u00bb][vc_column_text]Le panneau Pixel Navvy Duplex de Proton Paper avec dos gris de GSM 230 \u00e0 450 dans diff\u00e9rentes tailles selon les exigences du client Pixel Navvy est dot\u00e9 d&rsquo;une rigidit\u00e9 \u00e9lev\u00e9e, d&rsquo;une luminosit\u00e9 \u00e9lev\u00e9e, ainsi que d&rsquo;une surface lisse pour une sortie d&rsquo;impression la plus fine et pour solution d&#8217;emballage [&hellip;]<\/p>\n","protected":false},"author":1,"featured_media":14501,"parent":44,"menu_order":0,"comment_status":"closed","ping_status":"closed","template":"","meta":{"footnotes":""},"class_list":["post-14180","page","type-page","status-publish","has-post-thumbnail","hentry"],"acf":[],"_links":{"self":[{"href":"https:\/\/protonpaper.com\/fr\/wp-json\/wp\/v2\/pages\/14180","targetHints":{"allow":["GET"]}}],"collection":[{"href":"https:\/\/protonpaper.com\/fr\/wp-json\/wp\/v2\/pages"}],"about":[{"href":"https:\/\/protonpaper.com\/fr\/wp-json\/wp\/v2\/types\/page"}],"author":[{"embeddable":true,"href":"https:\/\/protonpaper.com\/fr\/wp-json\/wp\/v2\/users\/1"}],"replies":[{"embeddable":true,"href":"https:\/\/protonpaper.com\/fr\/wp-json\/wp\/v2\/comments?post=14180"}],"version-history":[{"count":46,"href":"https:\/\/protonpaper.com\/fr\/wp-json\/wp\/v2\/pages\/14180\/revisions"}],"predecessor-version":[{"id":16676,"href":"https:\/\/protonpaper.com\/fr\/wp-json\/wp\/v2\/pages\/14180\/revisions\/16676"}],"up":[{"embeddable":true,"href":"https:\/\/protonpaper.com\/fr\/wp-json\/wp\/v2\/pages\/44"}],"wp:featuredmedia":[{"embeddable":true,"href":"https:\/\/protonpaper.com\/fr\/wp-json\/wp\/v2\/media\/14501"}],"wp:attachment":[{"href":"https:\/\/protonpaper.com\/fr\/wp-json\/wp\/v2\/media?parent=14180"}],"curies":[{"name":"wp","href":"https:\/\/api.w.org\/{rel}","templated":true}]}}