{"id":14182,"date":"2024-02-10T14:05:21","date_gmt":"2024-02-10T14:05:21","guid":{"rendered":"https:\/\/protonpaper.com\/?page_id=14182"},"modified":"2025-01-30T12:35:16","modified_gmt":"2025-01-30T07:05:16","slug":"pixel-prime","status":"publish","type":"page","link":"https:\/\/protonpaper.com\/fr\/products\/pixel-prime\/","title":{"rendered":"Carton duplex \u00e0 dos gris &#8211; Pixel\u00a0Premier"},"content":{"rendered":"<section class=\"wpb-content-wrapper\"><p>[vc_row][vc_column width=\u00a0\u00bb1\/2&Prime;][vc_column_text][\/vc_column_text][\/vc_column][vc_column width=\u00a0\u00bb1\/2&Prime;][vc_custom_heading text=\u00a0\u00bbPixel Premier\u00a0\u00bb use_theme_fonts=\u00a0\u00bbyes\u00a0\u00bb][vc_column_text]Le panneau Pixel Premier Duplex de Proton Paper avec dos gris de GSM 180 \u00e0 450 dans diff\u00e9rentes tailles selon les exigences du client. Pixel Prime pr\u00e9sente une rigidit\u00e9 \u00e9lev\u00e9e, une luminosit\u00e9 \u00e9lev\u00e9e et un rev\u00eatement \u00e9lev\u00e9, ainsi qu&rsquo;une surface lisse pour une impression la plus fine. Sortie et pour une solution d&#8217;emballage parfaite. Le carton duplex est un choix privil\u00e9gi\u00e9 pour un large \u00e9ventail de secteurs en raison de sa durabilit\u00e9, de sa r\u00e9sistance et de sa flexibilit\u00e9. Qu&rsquo;il soit utilis\u00e9 dans l&rsquo;impression, l&#8217;emballage ou des applications diverses. Le carton duplex est une option \u00e9conomique, \u00e9cologique et fiable qui peut vous aider \u00e0 r\u00e9aliser vos aspirations.<\/p>\n<h3><b>D\u00e9tails du produit\u00a0:<\/b><\/h3>\n<table>\n<tbody>\n<tr class=\"icoo\">\n<th>Nom du produit<\/th>\n<td>Carte Duplex Dos Gris<\/td>\n<\/tr>\n<tr class=\"icoo\">\n<th>GSM<\/th>\n<td>180 \u00e0 450 GSM<\/td>\n<\/tr>\n<tr class=\"icoo\">\n<th>Application<\/th>\n<td>1. Carton d&#8217;emballage<br \/>\n2. Travail d&rsquo;impression<\/td>\n<\/tr>\n<\/tbody>\n<\/table>\n<p>[\/vc_column_text]<p class=\"text-left\"><a href=\"#\" class=\"btn btn-primary arrow-right order_sample_kit\"><span>Commander un kit d&rsquo;\u00e9chantillons<\/span><\/a><\/p>[\/vc_column][\/vc_row][vc_row][vc_column css=\u00a0\u00bb.vc_custom_1707542969686{margin-top : 60px !important ;}\u00a0\u00bb][vc_custom_heading text=\u00a0\u00bbFICHE TECHNIQUE\u00a0\u00bb use_theme_fonts=\u00a0\u00bbyes\u00a0\u00bb][vc_row_inner][vc_column_inner width=\u00a0\u00bb2\/3&Prime;][vc_single_image image=\u00a0\u00bb14511&Prime; alignment=\u00a0\u00bbcenter\u00a0\u00bb][\/vc_column_inner][vc_column_inner width=\u00a0\u00bb1\/3&Prime;][vc_single_image image=\u00a0\u00bb14502&Prime;][vc_media_grid element_width=\u00a0\u00bb6&Prime; gap=\u00a0\u00bb2&Prime; item=\u00a0\u00bb14532&Prime; grid_id=\u00a0\u00bbvc_gid:1713275284211-afe64b4f-a807-0&Prime; include=\u00a0\u00bb14548 ,14551,14550,14554&Prime; el_class=\u00a0\u00bbproton-feature\u00a0\u00bb][\/vc_column_inner][\/vc_row_inner][\/vc_column][\/vc_row][vc_row][vc_column]<p class=\"text-center\"><a href=\"https:\/\/protonpaper.com\/wp-content\/uploads\/2024\/03\/Proton-Pixel-Prime.pdf\" target=\"_blank\" class=\"btn btn-primary arrow-none\"><span>T\u00e9l\u00e9charger<\/span><\/a><\/p>[\/vc_column][\/vc_row]<\/p>\n<\/section>","protected":false},"excerpt":{"rendered":"<p>[vc_row][vc_column width=\u00a0\u00bb1\/2&Prime;][vc_column_text][\/vc_column_text][\/vc_column][vc_column width=\u00a0\u00bb1\/2&Prime;][vc_custom_heading text=\u00a0\u00bbPixel Premier\u00a0\u00bb use_theme_fonts=\u00a0\u00bbyes\u00a0\u00bb][vc_column_text]Le panneau Pixel Premier Duplex de Proton Paper avec dos gris de GSM 180 \u00e0 450 dans diff\u00e9rentes tailles selon les exigences du client. Pixel Prime pr\u00e9sente une rigidit\u00e9 \u00e9lev\u00e9e, une luminosit\u00e9 \u00e9lev\u00e9e et un rev\u00eatement \u00e9lev\u00e9, ainsi qu&rsquo;une surface lisse pour une impression la plus fine. Sortie et pour [&hellip;]<\/p>\n","protected":false},"author":1,"featured_media":11672,"parent":44,"menu_order":0,"comment_status":"closed","ping_status":"closed","template":"","meta":{"footnotes":""},"class_list":["post-14182","page","type-page","status-publish","has-post-thumbnail","hentry"],"acf":[],"_links":{"self":[{"href":"https:\/\/protonpaper.com\/fr\/wp-json\/wp\/v2\/pages\/14182","targetHints":{"allow":["GET"]}}],"collection":[{"href":"https:\/\/protonpaper.com\/fr\/wp-json\/wp\/v2\/pages"}],"about":[{"href":"https:\/\/protonpaper.com\/fr\/wp-json\/wp\/v2\/types\/page"}],"author":[{"embeddable":true,"href":"https:\/\/protonpaper.com\/fr\/wp-json\/wp\/v2\/users\/1"}],"replies":[{"embeddable":true,"href":"https:\/\/protonpaper.com\/fr\/wp-json\/wp\/v2\/comments?post=14182"}],"version-history":[{"count":19,"href":"https:\/\/protonpaper.com\/fr\/wp-json\/wp\/v2\/pages\/14182\/revisions"}],"predecessor-version":[{"id":16674,"href":"https:\/\/protonpaper.com\/fr\/wp-json\/wp\/v2\/pages\/14182\/revisions\/16674"}],"up":[{"embeddable":true,"href":"https:\/\/protonpaper.com\/fr\/wp-json\/wp\/v2\/pages\/44"}],"wp:featuredmedia":[{"embeddable":true,"href":"https:\/\/protonpaper.com\/fr\/wp-json\/wp\/v2\/media\/11672"}],"wp:attachment":[{"href":"https:\/\/protonpaper.com\/fr\/wp-json\/wp\/v2\/media?parent=14182"}],"curies":[{"name":"wp","href":"https:\/\/api.w.org\/{rel}","templated":true}]}}