{"id":14254,"date":"2024-02-10T17:46:30","date_gmt":"2024-02-10T17:46:30","guid":{"rendered":"https:\/\/protonpaper.com\/?page_id=14254"},"modified":"2025-07-08T09:43:14","modified_gmt":"2025-07-08T04:13:14","slug":"applications","status":"publish","type":"page","link":"https:\/\/protonpaper.com\/fr\/applications\/","title":{"rendered":"Applications"},"content":{"rendered":"<section class=\"wpb-content-wrapper\"><p>[vc_row][vc_column][vc_row_inner][vc_column_inner width=\u00a0\u00bb1\/3&Prime;][vc_single_image image=\u00a0\u00bb14268&Prime; alignement=\u00a0\u00bbcenter\u00a0\u00bb][vc_custom_heading text=\u00a0\u00bbImpression &#8211; Impression UV\u00a0\u00bb font_container=\u00a0\u00bbtag:h3|text_align:center\u00a0\u00bb use_theme_fonts=\u00a0\u00bbyes\u00a0\u00bb][vc_column_text]<\/p>\n<p style=\"text-align: center;\">Le papier recto verso est un excellent choix pour l&rsquo;impression UV car il offre une qualit\u00e9 d&rsquo;impression am\u00e9lior\u00e9e ainsi qu&rsquo;une r\u00e9sistance.<\/p>\n<p>[\/vc_column_text][\/vc_column_inner][vc_column_inner width=\u00a0\u00bb1\/3&Prime;][vc_single_image image=\u00a0\u00bb14264&Prime; alignement=\u00a0\u00bbcenter\u00a0\u00bb][vc_custom_heading text=\u00a0\u00bbImpression &#8211; Impression m\u00e9tallique\u00a0\u00bb font_container=\u00a0\u00bbtag:h3|text_align:center\u00a0\u00bb use_theme_fonts=\u00a0\u00bbyes\u00a0\u00bb][vc_column_text]<\/p>\n<p style=\"text-align: center;\">En mati\u00e8re d&rsquo;impression m\u00e9tallique, le papier recto verso est une excellente option car il constitue une base solide pour produire des articles visuellement saisissants.<\/p>\n<p>[\/vc_column_text][\/vc_column_inner][vc_column_inner width=\u00a0\u00bb1\/3&Prime;][vc_single_image image=\u00a0\u00bb14265&Prime; align=\u00a0\u00bbcenter\u00a0\u00bb][vc_custom_heading text=\u00a0\u00bbIndustrie de l&#8217;emballage\u00a0\u00bb font_container=\u00a0\u00bbtag:h3|text_align:center\u00a0\u00bb use_theme_fonts=\u00a0\u00bbyes\u00a0\u00bb][vc_column_text]<\/p>\n<p style=\"text-align: center;\">Proton Paper aide l&rsquo;industrie de l&#8217;emballage avec du papier d&#8217;emballage attrayant et de qualit\u00e9 pour am\u00e9liorer la satisfaction des clients. Quelle que soit l&rsquo;ampleur du besoin, nous pouvons le g\u00e9rer pour vous.<\/p>\n<p>[\/vc_column_text][\/vc_column_inner][\/vc_row_inner][\/vc_column][\/vc_row][vc_row][vc_column][vc_row_inner][vc_column_inner width=\u00a0\u00bb1\/3&Prime;][vc_single_image image=\u00a0\u00bb14262&Prime; alignement=\u00a0\u00bbcenter\u00a0\u00bb][vc_custom_heading text=\u00a0\u00bbEmballage &#8211; FMCG\u00a0\u00bb font_container=\u00a0\u00bbtag:h3|text_align:center\u00a0\u00bb use_theme_fonts=\u00a0\u00bbyes\u00a0\u00bb][vc_column_text]<\/p>\n<p style=\"text-align: center;\">Les papiers recycl\u00e9s\u00a0ne sont pas toujours de qualit\u00e9 inf\u00e9rieure chez\u00a0Proton\u00a0Papers\u00a0; Il convient \u00e0 toutes les entreprises FMCG \u00e0 l&rsquo;\u00e9chelle nationale.<\/p>\n<p>[\/vc_column_text][\/vc_column_inner][vc_column_inner width=\u00a0\u00bb1\/3&Prime;][vc_single_image image=\u00a0\u00bb14266&Prime; align=\u00a0\u00bbcenter\u00a0\u00bb][vc_custom_heading text=\u00a0\u00bbEmballage &#8211; Pharma\u00a0\u00bb font_container=\u00a0\u00bbtag:h3|text_align:center\u00a0\u00bb use_theme_fonts=\u00a0\u00bbyes\u00a0\u00bb][vc_column_text]<\/p>\n<p style=\"text-align: center;\">Chez Proton Paper, nous reconnaissons l&rsquo;importance de la m\u00e9decine et soutenons sa protection en raison de sa nature \u00e0 gu\u00e9rir les gens. Ainsi, nous fabriquons des cartons de qualit\u00e9 sup\u00e9rieure pour l&#8217;emballage.<\/p>\n<p>[\/vc_column_text][\/vc_column_inner][vc_column_inner width=\u00a0\u00bb1\/3&Prime;][vc_single_image image=\u00a0\u00bb14263&Prime; alignement=\u00a0\u00bbcenter\u00a0\u00bb][vc_custom_heading text=\u00a0\u00bbEmballage &#8211; \u00c9tiquettes de v\u00eatements\u00a0\u00bb font_container=\u00a0\u00bbtag:h3|text_align:center\u00a0\u00bb use_theme_fonts=\u00a0\u00bbyes\u00a0\u00bb][vc_column_text]<\/p>\n<p style=\"text-align: center;\">Proton Paper produit du papier de qualit\u00e9 sup\u00e9rieure pour les \u00e9tiquettes de v\u00eatements qui r\u00e9pondent au besoin d&rsquo;identification distinctive.<\/p>\n<p>[\/vc_column_text][\/vc_column_inner][\/vc_row_inner][\/vc_column][\/vc_row]<\/p>\n<\/section>","protected":false},"excerpt":{"rendered":"<p>[vc_row][vc_column][vc_row_inner][vc_column_inner width=\u00a0\u00bb1\/3&Prime;][vc_single_image image=\u00a0\u00bb14268&Prime; alignement=\u00a0\u00bbcenter\u00a0\u00bb][vc_custom_heading text=\u00a0\u00bbImpression &#8211; Impression UV\u00a0\u00bb font_container=\u00a0\u00bbtag:h3|text_align:center\u00a0\u00bb use_theme_fonts=\u00a0\u00bbyes\u00a0\u00bb][vc_column_text] Le papier recto verso est un excellent choix pour l&rsquo;impression UV car il offre une qualit\u00e9 d&rsquo;impression am\u00e9lior\u00e9e ainsi qu&rsquo;une r\u00e9sistance. [\/vc_column_text][\/vc_column_inner][vc_column_inner width=\u00a0\u00bb1\/3&Prime;][vc_single_image image=\u00a0\u00bb14264&Prime; alignement=\u00a0\u00bbcenter\u00a0\u00bb][vc_custom_heading text=\u00a0\u00bbImpression &#8211; Impression m\u00e9tallique\u00a0\u00bb font_container=\u00a0\u00bbtag:h3|text_align:center\u00a0\u00bb use_theme_fonts=\u00a0\u00bbyes\u00a0\u00bb][vc_column_text] En mati\u00e8re d&rsquo;impression m\u00e9tallique, le papier recto verso est une excellente option car il [&hellip;]<\/p>\n","protected":false},"author":1,"featured_media":0,"parent":0,"menu_order":0,"comment_status":"closed","ping_status":"closed","template":"","meta":{"footnotes":""},"class_list":["post-14254","page","type-page","status-publish","hentry"],"acf":[],"_links":{"self":[{"href":"https:\/\/protonpaper.com\/fr\/wp-json\/wp\/v2\/pages\/14254","targetHints":{"allow":["GET"]}}],"collection":[{"href":"https:\/\/protonpaper.com\/fr\/wp-json\/wp\/v2\/pages"}],"about":[{"href":"https:\/\/protonpaper.com\/fr\/wp-json\/wp\/v2\/types\/page"}],"author":[{"embeddable":true,"href":"https:\/\/protonpaper.com\/fr\/wp-json\/wp\/v2\/users\/1"}],"replies":[{"embeddable":true,"href":"https:\/\/protonpaper.com\/fr\/wp-json\/wp\/v2\/comments?post=14254"}],"version-history":[{"count":31,"href":"https:\/\/protonpaper.com\/fr\/wp-json\/wp\/v2\/pages\/14254\/revisions"}],"predecessor-version":[{"id":16991,"href":"https:\/\/protonpaper.com\/fr\/wp-json\/wp\/v2\/pages\/14254\/revisions\/16991"}],"wp:attachment":[{"href":"https:\/\/protonpaper.com\/fr\/wp-json\/wp\/v2\/media?parent=14254"}],"curies":[{"name":"wp","href":"https:\/\/api.w.org\/{rel}","templated":true}]}}