{"id":7950,"date":"2016-07-28T10:46:34","date_gmt":"2016-07-28T10:46:34","guid":{"rendered":"http:\/\/themicart.com\/interico-wp\/?page_id=15"},"modified":"2025-12-09T11:45:38","modified_gmt":"2025-12-09T06:15:38","slug":"company-profile","status":"publish","type":"page","link":"https:\/\/protonpaper.com\/fr\/company-profile\/","title":{"rendered":"\u00c0 propos de nous"},"content":{"rendered":"<section class=\"wpb-content-wrapper\"><p>[vc_row gap=\u00a0\u00bb15&Prime; css=\u00a0\u00bb.vc_custom_1536842181479{margin-bottom: 80px !important;}\u00a0\u00bb][vc_column][vc_custom_heading text=\u00a0\u00bbEn bref (\u00c0 propos de l&rsquo;industrie papeti\u00e8re Proton)\u00a0\u00bb font_container=\u00a0\u00bbtag:h2|text_align:center\u00a0\u00bb use_theme_fonts=\u00a0\u00bbyes\u00a0\u00bb][vc_column_text]<span data-sheets-root=\"1\" data-sheets-value=\"{&quot;1&quot;:2,&quot;2&quot;:&quot;Nous sommes un fabricant PROTON PAPER INDUSTRY de carton duplex dans divers GSM et variantes principalement utilis\u00e9s pour diverses applications d'impression et d'emballage. Notre papier constitue une solution durable et fiable pour r\u00e9pondre aux besoins d'emballage de nos clients.\\r\\n\\r\\nAvec des ann\u00e9es d'exp\u00e9rience dans l'industrie, nous nous sommes impos\u00e9s comme un fabricant de confiance sur le march\u00e9. Nous disposons d\u2019une \u00e9quipe d\u2019experts extr\u00eamement professionnels qui s\u2019engagent \u00e0 pr\u00e9senter \u00e0 nos clients le meilleur papier et les meilleurs services de haute qualit\u00e9. Nous utilisons une technologie moderne et des strat\u00e9gies de production durables pour produire du carton duplex.\\r\\n\\r\\nNotre papier est disponible en diff\u00e9rents g\/m\u00b2, qualit\u00e9s, tailles et grammages pour r\u00e9pondre aux besoins particuliers de nos clients. Nous proposons une grande vari\u00e9t\u00e9 de cartons duplex, notamment des dos gris, des dos blancs, des dos kraft,\\r\\n\\r\\nDans notre engagement envers la durabilit\u00e9 environnementale, nous sommes fiers de notre r\u00f4le de fabricant de papier 100 % recycl\u00e9. Au c\u0153ur de notre technique de fabrication se trouve la volont\u00e9 de minimiser notre empreinte \u00e9cologique. Chaque feuille que nous fabriquons refl\u00e8te notre engagement ind\u00e9fectible envers un destin plus vert, car nous utilisons enti\u00e8rement des substances recycl\u00e9es. En choisissant notre papier 100 % recycl\u00e9, vous choisissez non seulement un papier fabriqu\u00e9 \u00e0 partir de qualit\u00e9 sup\u00e9rieure, mais vous participez \u00e9galement activement au mouvement international plus proche d'une utilisation responsable de l'aide. Notre ligne de production adh\u00e8re aux normes d'un syst\u00e8me financier circulaire, favorisant la r\u00e9utilisation et le recyclage des mat\u00e9riaux. Avec chaque achat, vous contribuez \u00e0 r\u00e9duire les d\u00e9chets et \u00e0 favoriser les pratiques \u00e9cologiques. Notre papier 100 % recycl\u00e9 est une incarnation tangible de notre engagement d'entreprise, repr\u00e9sentant un d\u00e9sir durable pour les clients et la plan\u00e8te. Rejoignez-nous dans ce voyage vers un destin plus respectueux de l'environnement, dans lequel le simple fait d'utiliser du papier devient une affirmation efficace en faveur de la durabilit\u00e9. Faites l'exp\u00e9rience de la distinction avec notre papier 100 % recycl\u00e9, o\u00f9 qualit\u00e9, sens moral et respect de l'environnement convergent en toute transparence.\\r\\n\\r\\nNous nous engageons \u00e0 fournir \u00e0 nos clients le meilleur degr\u00e9 de transport, de la personnalisation du produit \u00e0 la livraison dans les meilleurs d\u00e9lais. Notre \u00e9quipe de support client est constamment disponible pour r\u00e9pondre \u00e0 toutes vos questions ou pr\u00e9occupations.\\r\\n\\r\\nMerci de nous avoir choisis comme PARTENAIRE en carton duplex. Nous sommes pr\u00eats \u00e0 courir avec vous et \u00e0 fournir des r\u00e9ponses exceptionnelles \u00e0 vos besoins d\u2019impression et d\u2019emballage.&quot;}\" data-sheets-formula=\"=GOOGLETRANSLATE(R[0]C[-4],&quot;en&quot;,&quot;fr&quot;)\">Nous sommes un fabricant PROTON PAPER INDUSTRY de carton duplex dans divers GSM et variantes principalement utilis\u00e9s pour diverses applications d&rsquo;impression et d&#8217;emballage. Notre papier constitue une solution durable et fiable pour r\u00e9pondre aux besoins d&#8217;emballage de nos clients.<\/span><\/p>\n<p>Avec des ann\u00e9es d&rsquo;exp\u00e9rience dans l&rsquo;industrie, nous nous sommes impos\u00e9s comme un fabricant de confiance sur le march\u00e9. Nous disposons d\u2019une \u00e9quipe d\u2019experts extr\u00eamement professionnels qui s\u2019engagent \u00e0 pr\u00e9senter \u00e0 nos clients le meilleur papier et les meilleurs services de haute qualit\u00e9. Nous utilisons une technologie moderne et des strat\u00e9gies de production durables pour produire du carton duplex.<\/p>\n<p>Notre papier est disponible en diff\u00e9rents g\/m\u00b2, qualit\u00e9s, tailles et grammages pour r\u00e9pondre aux besoins particuliers de nos clients. Nous proposons une grande vari\u00e9t\u00e9 de cartons duplex, notamment des dos gris, des dos blancs, des dos kraft,<\/p>\n<p>Dans notre engagement envers la durabilit\u00e9 environnementale, nous sommes fiers de notre r\u00f4le de fabricant de papier 100 % recycl\u00e9. Au c\u0153ur de notre technique de fabrication se trouve la volont\u00e9 de minimiser notre empreinte \u00e9cologique. Chaque feuille que nous fabriquons refl\u00e8te notre engagement ind\u00e9fectible envers un destin plus vert, car nous utilisons enti\u00e8rement des substances recycl\u00e9es. En choisissant notre papier 100 % recycl\u00e9, vous choisissez non seulement un papier fabriqu\u00e9 \u00e0 partir de qualit\u00e9 sup\u00e9rieure, mais vous participez \u00e9galement activement au mouvement international plus proche d&rsquo;une utilisation responsable de l&rsquo;aide. Notre ligne de production adh\u00e8re aux normes d&rsquo;un syst\u00e8me financier circulaire, favorisant la r\u00e9utilisation et le recyclage des mat\u00e9riaux. Avec chaque achat, vous contribuez \u00e0 r\u00e9duire les d\u00e9chets et \u00e0 favoriser les pratiques \u00e9cologiques. Notre papier 100 % recycl\u00e9 est une incarnation tangible de notre engagement d&rsquo;entreprise, repr\u00e9sentant un d\u00e9sir durable pour les clients et la plan\u00e8te. Rejoignez-nous dans ce voyage vers un destin plus respectueux de l&rsquo;environnement, dans lequel le simple fait d&rsquo;utiliser du papier devient une affirmation efficace en faveur de la durabilit\u00e9. Faites l&rsquo;exp\u00e9rience de la distinction avec notre papier 100 % recycl\u00e9, o\u00f9 qualit\u00e9, sens moral et respect de l&rsquo;environnement convergent en toute transparence.<\/p>\n<p>Nous nous engageons \u00e0 fournir \u00e0 nos clients le meilleur degr\u00e9 de transport, de la personnalisation du produit \u00e0 la livraison dans les meilleurs d\u00e9lais. Notre \u00e9quipe de support client est constamment disponible pour r\u00e9pondre \u00e0 toutes vos questions ou pr\u00e9occupations.<\/p>\n<p>Merci de nous avoir choisis comme PARTENAIRE en carton duplex. Nous sommes pr\u00eats \u00e0 courir avec vous et \u00e0 fournir des r\u00e9ponses exceptionnelles \u00e0 vos besoins d\u2019impression et d\u2019emballage.[\/vc_column_text][\/vc_column][\/vc_row][vc_row][vc_column width=\u00a0\u00bb1\/2&Prime;][vc_custom_heading text=\u00a0\u00bbNotre vision\u00a0\u00bb use_theme_fonts=\u00a0\u00bbyes\u00a0\u00bb][vc_column_text]<span data-sheets-root=\"1\" data-sheets-value=\"{&quot;1&quot;:2,&quot;2&quot;:&quot;S'imposer dans les secteurs de l'impression et de l'emballage en tant qu'\u00e9metteur de solutions de carton duplex modernes et durables. Notre objectif doit \u00eatre affirm\u00e9 par notre d\u00e9termination \u00e0 pr\u00eater attention \u00e0 l'environnement, \u00e0 un calibre de produit avanc\u00e9 et \u00e0 un support client exceptionnel. Notre objectif est d'embellir constamment nos m\u00e9thodes de production et notre gamme de marchandises pour r\u00e9pondre aux besoins de conversion de nos clients et du monde. En soutenant des strat\u00e9gies respectueuses de l'environnement et en aidant nos clients \u00e0 atteindre leurs objectifs de d\u00e9veloppement durable, nous esp\u00e9rons avoir un impact positif sur l'entreprise dans son ensemble. Notre objectif est de devenir un partenaire fiable et fiable au sein de l'industrie du carton duplex en donnant \u00e0 nos clients les ressources dont ils ont besoin pour g\u00e9rer correctement leurs op\u00e9rations et en ayant un impact consid\u00e9rable sur un avenir plus durable pour tous.&quot;}\" data-sheets-formula=\"=GOOGLETRANSLATE(R[0]C[-4],&quot;en&quot;,&quot;fr&quot;)\">S&rsquo;imposer dans les secteurs de l&rsquo;impression et de l&#8217;emballage en tant qu&rsquo;\u00e9metteur de solutions de carton duplex modernes et durables. Notre objectif doit \u00eatre affirm\u00e9 par notre d\u00e9termination \u00e0 pr\u00eater attention \u00e0 l&rsquo;environnement, \u00e0 un calibre de produit avanc\u00e9 et \u00e0 un support client exceptionnel. Notre objectif est d&#8217;embellir constamment nos m\u00e9thodes de production et notre gamme de marchandises pour r\u00e9pondre aux besoins de conversion de nos clients et du monde. En soutenant des strat\u00e9gies respectueuses de l&rsquo;environnement et en aidant nos clients \u00e0 atteindre leurs objectifs de d\u00e9veloppement durable, nous esp\u00e9rons avoir un impact positif sur l&rsquo;entreprise dans son ensemble. Notre objectif est de devenir un partenaire fiable et fiable au sein de l&rsquo;industrie du carton duplex en donnant \u00e0 nos clients les ressources dont ils ont besoin pour g\u00e9rer correctement leurs op\u00e9rations et en ayant un impact consid\u00e9rable sur un avenir plus durable pour tous.<\/span>[\/vc_column_text][\/vc_column][vc_column width=\u00a0\u00bb1\/2&Prime;][vc_single_image image=\u00a0\u00bb14017&Prime; img_size=\u00a0\u00bblarge\u00a0\u00bb alignment=\u00a0\u00bbcenter\u00a0\u00bb style=\u00a0\u00bbvc_box_rounded\u00a0\u00bb][\/vc_column][\/vc_row][vc_row css=\u00a0\u00bb.vc_custom_1707248344038{margin-top: 60px !important;}\u00a0\u00bb][vc_column width=\u00a0\u00bb1\/2&Prime;][vc_single_image image=\u00a0\u00bb14016&Prime; img_size=\u00a0\u00bblarge\u00a0\u00bb alignment=\u00a0\u00bbcenter\u00a0\u00bb style=\u00a0\u00bbvc_box_rounded\u00a0\u00bb][\/vc_column][vc_column width=\u00a0\u00bb1\/2&Prime;][vc_custom_heading text=\u00a0\u00bbNotre mission\u00a0\u00bb use_theme_fonts=\u00a0\u00bbyes\u00a0\u00bb][vc_column_text]<span data-sheets-root=\"1\" data-sheets-value=\"{&quot;1&quot;:2,&quot;2&quot;:&quot;NOTRE MISSION est de r\u00e9pondre aux demandes pr\u00e9cises de chaque client en fournissant des solutions de carton duplex fiables, de pointe et durables. En plus de respecter notre impact environnemental, nous nous engageons \u00e0 produire de merveilleux produits en carton duplex en utilisant une technologie moderne et des techniques de fabrication respectueuses de l'environnement. En offrant un support client exceptionnel, des r\u00e9ponses sp\u00e9cialis\u00e9es et un transport acc\u00e9l\u00e9r\u00e9, nous visons \u00e0 d\u00e9passer les attentes de nos clients. Notre objectif est de devenir l\u2019associ\u00e9 privil\u00e9gi\u00e9 de nos clients, en leur donnant les ressources dont ils ont besoin pour g\u00e9rer efficacement leur entreprise. Nous nous engageons \u00e0 cr\u00e9er une alternative appropri\u00e9e dans le secteur de l'impression et de l'emballage et \u00e0 contribuer \u00e0 garantir que chacun ait un destin plus durable.&quot;}\" data-sheets-formula=\"=GOOGLETRANSLATE(R[0]C[-4],&quot;en&quot;,&quot;fr&quot;)\">NOTRE MISSION est de r\u00e9pondre aux demandes pr\u00e9cises de chaque client en fournissant des solutions de carton duplex fiables, de pointe et durables. En plus de respecter notre impact environnemental, nous nous engageons \u00e0 produire de merveilleux produits en carton duplex en utilisant une technologie moderne et des techniques de fabrication respectueuses de l&rsquo;environnement. En offrant un support client exceptionnel, des r\u00e9ponses sp\u00e9cialis\u00e9es et un transport acc\u00e9l\u00e9r\u00e9, nous visons \u00e0 d\u00e9passer les attentes de nos clients. Notre objectif est de devenir l\u2019associ\u00e9 privil\u00e9gi\u00e9 de nos clients, en leur donnant les ressources dont ils ont besoin pour g\u00e9rer efficacement leur entreprise. Nous nous engageons \u00e0 cr\u00e9er une alternative appropri\u00e9e dans le secteur de l&rsquo;impression et de l&#8217;emballage et \u00e0 contribuer \u00e0 garantir que chacun ait un destin plus durable.<\/span>[\/vc_column_text][\/vc_column][\/vc_row][vc_row full_width=\u00a0\u00bbstretch_row_content_no_spaces\u00a0\u00bb css=\u00a0\u00bb.vc_custom_1707585079947{background-color: #24315e !important;}\u00a0\u00bb][vc_column width=\u00a0\u00bb1\/2&Prime;][vc_row_inner el_class=\u00a0\u00bboverlap-right\u00a0\u00bb css=\u00a0\u00bb.vc_custom_1707585109458{background-color: #24315e !important;}\u00a0\u00bb][vc_column_inner width=\u00a0\u00bb1\/4&Prime;][\/vc_column_inner][vc_column_inner el_class=\u00a0\u00bbshadow-box\u00a0\u00bb width=\u00a0\u00bb3\/4&Prime; css=\u00a0\u00bb.vc_custom_1707585127003{background-color: #24315e !important;}\u00a0\u00bb]<span style=\"color:#ffffff\" class=\"subtitle dash-false style-dark text-default\">PAPIER PROTON<\/span>[vc_column_text]<\/p>\n<h2><span data-sheets-root=\"1\" data-sheets-value=\"{&quot;1&quot;:2,&quot;2&quot;:&quot;\u00c0 L'INT\u00c9RIEUR DE L'INDUSTRIE DU PAPIER PROTON&quot;}\" data-sheets-formula=\"=GOOGLETRANSLATE(R[0]C[-4],&quot;en&quot;,&quot;fr&quot;)\">\u00c0 L&rsquo;INT\u00c9RIEUR DE L&rsquo;INDUSTRIE DU PAPIER PROTON<\/span><\/h2>\n<p>[\/vc_column_text][vc_column_text]<span data-sheets-root=\"1\" data-sheets-value=\"{&quot;1&quot;:2,&quot;2&quot;:&quot;D\u00e9couvrez PROTON PAPER INDUSTRY dans ce voyage vid\u00e9o captivant. Soyez t\u00e9moin de la production de papier avec une technologie moderne, nous transformons la PULP en un CARTON DE PAPIER DUPLEX exquis. D\u00e9couvrez l'essence de notre engagement envers la qualit\u00e9 et la durabilit\u00e9&quot;}\" data-sheets-formula=\"=GOOGLETRANSLATE(R[0]C[-4],&quot;en&quot;,&quot;fr&quot;)\">D\u00e9couvrez PROTON PAPER INDUSTRY dans ce voyage vid\u00e9o captivant. Soyez t\u00e9moin de la production de papier avec une technologie moderne, nous transformons la PULP en un CARTON DE PAPIER DUPLEX exquis. D\u00e9couvrez l&rsquo;essence de notre engagement envers la qualit\u00e9 et la durabilit\u00e9<\/span>[\/vc_column_text][\/vc_column_inner][\/vc_row_inner][\/vc_column][vc_column width=\u00a0\u00bb1\/2&Prime; el_class=\u00a0\u00bbcross_shape\u00a0\u00bb css=\u00a0\u00bb.vc_custom_1707585719517{margin-top: 0px !important;margin-bottom: 0px !important;}\u00a0\u00bb][vc_single_image image=\u00a0\u00bb14460&Prime; onclick=\u00a0\u00bbcustom_link\u00a0\u00bb img_link_target=\u00a0\u00bb_blank\u00a0\u00bb link=\u00a0\u00bbhttps:\/\/www.youtube.com\/watch?v=Ur6QSSkcf0M&amp;t=33s\u00a0\u00bb css=\u00a0\u00bb.vc_custom_1710915383551{margin-top: 0px !important;margin-bottom: 0px !important;}\u00a0\u00bb][\/vc_column][\/vc_row][vc_row full_width=\u00a0\u00bbstretch_row\u00a0\u00bb css=\u00a0\u00bb.vc_custom_1705566226397{background-position: 0 0 !important;background-repeat: repeat !important;}\u00a0\u00bb el_class=\u00a0\u00bbspaced\u00a0\u00bb][vc_column css_animation=\u00a0\u00bbfadeInUp\u00a0\u00bb css=\u00a0\u00bb.vc_custom_1705564550727{padding-top: 0px !important;}\u00a0\u00bb][vc_custom_heading text=\u00a0\u00bbNotre valeur\u00a0\u00bb font_container=\u00a0\u00bbtag:h2|text_align:center\u00a0\u00bb use_theme_fonts=\u00a0\u00bbyes\u00a0\u00bb]<div class=\"dash style-dark centered\"><\/div>[vc_row_inner][vc_column_inner width=\u00a0\u00bb1\/3&Prime;]<div class=\"feature-box icon-top-centered box-unboxed spacing-30 spacing-mob-30\" style=\"background-color:#24315e\"><i class=\"fa fa-hand-paper-o\" style=\"color:#ffffff\"><\/i><div class=\"content-wrapper\"><h3 class=\"feature-title\" style=\"color:#ffffff\">Respect<\/h3><p class=\"feature-text\" style=\"color:#ffffff\">Nous respectons nos clients, employ\u00e9s, partenaires et fournisseurs. Nous respectons l&#039;environnement, notre devoir social et la loi<\/p><\/div><\/div>[\/vc_column_inner][vc_column_inner width=\u00a0\u00bb1\/3&Prime;]<div class=\"feature-box icon-top-centered box-default spacing-30 spacing-mob-30\" style=\"background-color:#24315e\"><i class=\"fa fa-retweet\" style=\"color:#ffffff\"><\/i><div class=\"content-wrapper\"><h3 class=\"feature-title\" style=\"color:#ffffff\">Int\u00e9grit\u00e9<\/h3><p class=\"feature-text\" style=\"color:#ffffff\">Nous croyons en l&#039;int\u00e9grit\u00e9 dans les affaires et sommes convaincus que nos employ\u00e9s sont \u00e9thiques et honn\u00eates.<\/p><\/div><\/div>[\/vc_column_inner][vc_column_inner width=\u00a0\u00bb1\/3&Prime;]<div class=\"feature-box icon-top-centered box-default spacing-30 spacing-mob-30\" style=\"background-color:#24315e\"><i class=\"fa fa-balance-scale\" style=\"color:#ffffff\"><\/i><div class=\"content-wrapper\"><h3 class=\"feature-title\" style=\"color:#ffffff\">Justice<\/h3><p class=\"feature-text\" style=\"color:#ffffff\">Nous traitons tous nos employ\u00e9s de mani\u00e8re \u00e9gale, les d\u00e9veloppons et les promouvons avec \u00e9quit\u00e9.<\/p><\/div><\/div>[\/vc_column_inner][\/vc_row_inner][\/vc_column][\/vc_row][vc_row][vc_column][vc_custom_heading text=\u00a0\u00bbNotre voyage\u00a0\u00bb font_container=\u00a0\u00bbtag:h2|text_align:center\u00a0\u00bb use_theme_fonts=\u00a0\u00bbyes\u00a0\u00bb][vc_row_inner][vc_column_inner][vc_single_image image=\u00a0\u00bb14027&Prime; alignment=\u00a0\u00bbcenter\u00a0\u00bb][\/vc_column_inner][\/vc_row_inner][\/vc_column][\/vc_row][vc_row css=\u00a0\u00bb.vc_custom_1707248281671{margin-top: 60px !important;}\u00a0\u00bb][vc_column][vc_custom_heading text=\u00a0\u00bbCertificat\u00a0\u00bb font_container=\u00a0\u00bbtag:h2|text_align:center\u00a0\u00bb use_theme_fonts=\u00a0\u00bbyes\u00a0\u00bb][vc_row_inner][vc_column_inner width=\u00a0\u00bb1\/5&Prime;][vc_single_image image=\u00a0\u00bb14332&Prime; img_size=\u00a0\u00bb300&#215;425&Prime; alignment=\u00a0\u00bbcenter\u00a0\u00bb style=\u00a0\u00bbvc_box_border\u00a0\u00bb border_color=\u00a0\u00bbwhite\u00a0\u00bb el_class=\u00a0\u00bbcertificate\u00a0\u00bb][\/vc_column_inner][vc_column_inner width=\u00a0\u00bb1\/5&Prime;][vc_single_image image=\u00a0\u00bb14329&Prime; img_size=\u00a0\u00bb300&#215;425&Prime; alignment=\u00a0\u00bbcenter\u00a0\u00bb style=\u00a0\u00bbvc_box_border\u00a0\u00bb border_color=\u00a0\u00bbwhite\u00a0\u00bb][\/vc_column_inner][vc_column_inner width=\u00a0\u00bb1\/5&Prime;][vc_single_image image=\u00a0\u00bb14331&Prime; img_size=\u00a0\u00bb300&#215;425&Prime; alignment=\u00a0\u00bbcenter\u00a0\u00bb style=\u00a0\u00bbvc_box_border\u00a0\u00bb border_color=\u00a0\u00bbwhite\u00a0\u00bb][\/vc_column_inner][vc_column_inner width=\u00a0\u00bb1\/5&Prime;][vc_single_image image=\u00a0\u00bb14430&Prime; img_size=\u00a0\u00bb300&#215;425&Prime; alignment=\u00a0\u00bbcenter\u00a0\u00bb style=\u00a0\u00bbvc_box_border\u00a0\u00bb border_color=\u00a0\u00bbwhite\u00a0\u00bb][\/vc_column_inner][vc_column_inner width=\u00a0\u00bb1\/5&Prime;][vc_single_image image=\u00a0\u00bb14431&Prime; img_size=\u00a0\u00bb300&#215;425&Prime; alignment=\u00a0\u00bbcenter\u00a0\u00bb style=\u00a0\u00bbvc_box_border\u00a0\u00bb border_color=\u00a0\u00bbwhite\u00a0\u00bb][\/vc_column_inner][\/vc_row_inner][\/vc_column][\/vc_row][vc_row disable_element=\u00a0\u00bbyes\u00a0\u00bb][vc_column][vc_custom_heading text=\u00a0\u00bbOur Journey\u00a0\u00bb font_container=\u00a0\u00bbtag:h2|text_align:center\u00a0\u00bb use_theme_fonts=\u00a0\u00bbyes\u00a0\u00bb][vc_column_text][cool-timeline layout=\u00a0\u00bbdefault\u00a0\u00bb skin=\u00a0\u00bbdefault\u00a0\u00bb date-format=\u00a0\u00bbY\u00a0\u00bb show-posts=\u00a0\u00bb10&Prime; animation=\u00a0\u00bbnone\u00a0\u00bb icons=\u00a0\u00bbYES\u00a0\u00bb order=\u00a0\u00bbDESC\u00a0\u00bb story-content=\u00a0\u00bbshort\u00a0\u00bb][\/vc_column_text][\/vc_column][\/vc_row]<\/p>\n<\/section>","protected":false},"excerpt":{"rendered":"<p>[vc_row gap=\u00a0\u00bb15&Prime; css=\u00a0\u00bb.vc_custom_1536842181479{margin-bottom: 80px !important;}\u00a0\u00bb][vc_column][vc_custom_heading text=\u00a0\u00bbEn bref (\u00c0 propos de l&rsquo;industrie papeti\u00e8re Proton)\u00a0\u00bb font_container=\u00a0\u00bbtag:h2|text_align:center\u00a0\u00bb use_theme_fonts=\u00a0\u00bbyes\u00a0\u00bb][vc_column_text]Nous sommes un fabricant PROTON PAPER INDUSTRY de carton duplex dans divers GSM et variantes principalement utilis\u00e9s pour diverses applications d&rsquo;impression et d&#8217;emballage. Notre papier constitue une solution durable et fiable pour r\u00e9pondre aux besoins d&#8217;emballage de nos clients. Avec des [&hellip;]<\/p>\n","protected":false},"author":1,"featured_media":13688,"parent":0,"menu_order":0,"comment_status":"closed","ping_status":"closed","template":"","meta":{"footnotes":""},"class_list":["post-7950","page","type-page","status-publish","has-post-thumbnail","hentry"],"acf":[],"_links":{"self":[{"href":"https:\/\/protonpaper.com\/fr\/wp-json\/wp\/v2\/pages\/7950","targetHints":{"allow":["GET"]}}],"collection":[{"href":"https:\/\/protonpaper.com\/fr\/wp-json\/wp\/v2\/pages"}],"about":[{"href":"https:\/\/protonpaper.com\/fr\/wp-json\/wp\/v2\/types\/page"}],"author":[{"embeddable":true,"href":"https:\/\/protonpaper.com\/fr\/wp-json\/wp\/v2\/users\/1"}],"replies":[{"embeddable":true,"href":"https:\/\/protonpaper.com\/fr\/wp-json\/wp\/v2\/comments?post=7950"}],"version-history":[{"count":120,"href":"https:\/\/protonpaper.com\/fr\/wp-json\/wp\/v2\/pages\/7950\/revisions"}],"predecessor-version":[{"id":17058,"href":"https:\/\/protonpaper.com\/fr\/wp-json\/wp\/v2\/pages\/7950\/revisions\/17058"}],"wp:featuredmedia":[{"embeddable":true,"href":"https:\/\/protonpaper.com\/fr\/wp-json\/wp\/v2\/media\/13688"}],"wp:attachment":[{"href":"https:\/\/protonpaper.com\/fr\/wp-json\/wp\/v2\/media?parent=7950"}],"curies":[{"name":"wp","href":"https:\/\/api.w.org\/{rel}","templated":true}]}}