{"id":8552,"date":"2018-02-21T14:08:08","date_gmt":"2018-02-21T14:08:08","guid":{"rendered":"https:\/\/www.demo.themicart.com\/interico-wp\/?page_id=8552"},"modified":"2024-04-18T18:00:35","modified_gmt":"2024-04-18T12:30:35","slug":"duplex-board-paper-exporter","status":"publish","type":"page","link":"https:\/\/protonpaper.com\/fr\/duplex-board-paper-exporter\/","title":{"rendered":"Exportations"},"content":{"rendered":"<section class=\"wpb-content-wrapper\"><p>[vc_row full_width=\u00a0\u00bbstretch_row\u00a0\u00bb content_placement=\u00a0\u00bbmiddle\u00a0\u00bb el_class=\u00a0\u00bbspaced\u00a0\u00bb][vc_column width=\u00a0\u00bb7\/12&Prime;][vc_single_image image=\u00a0\u00bb14356&Prime; alignement=\u00a0\u00bbcenter\u00a0\u00bb][\/vc_column][vc_column width=\u00a0\u00bb5\/12&Prime;][vc_row_inner css=\u00a0\u00bb.vc_custom_1710174049486{margin-left: 0px !important;}\u00a0\u00bb][vc_column_inner el_class=\u00a0\u00bbshadow-box\u00a0\u00bb]<span style=\"color:# ffffff\" class=\"subtitle dash-false style-dark text-default\"><\/span>[vc_column_text]<\/p>\n<p>Papier protonique<\/p>\n<p>Proton Paper est un fabricant et exportateur bien connu de produits en papier de haute qualit\u00e9. Nos processus de fabrication, soutenus par une technologie de pointe et des professionnels qualifi\u00e9s, assurent la production d\u2019une grande vari\u00e9t\u00e9 de produits en papier pour diverses industries \u00e0 travers le monde.<\/p>\n<p>Nous adh\u00e9rons \u00e0 des mesures strictes de contr\u00f4le de qualit\u00e9 \u00e0 chaque \u00e9tape de la fabrication, de la s\u00e9lection des mati\u00e8res premi\u00e8res au produit final. Cet engagement envers la qualit\u00e9 nous a valu une excellente r\u00e9putation sur le march\u00e9 mondial.<\/p>\n<p>Nous disposons d&rsquo;un r\u00e9seau logistique bien d\u00e9velopp\u00e9 pour livrer nos produits rapidement et efficacement \u00e0 nos clients partout dans le monde. Nous nous conformons \u00e0 toutes les r\u00e9glementations et normes internationales d\u2019exportation pour garantir un processus d\u2019exportation fluide et sans tracas.<\/p>\n<p>Notre engagement envers la satisfaction de nos clients, combin\u00e9 \u00e0 notre expertise en mati\u00e8re de fabrication et d&rsquo;exportation, fait de nous votre partenaire de confiance pour tous vos besoins en produits papier.[\/vc_column_text][\/vc_column_inner][\/vc_row_inner][\/vc_column][\/vc_row][vc_row][vc_column][vc_column_text]<\/p>\n<h2 style=\"text-align: center;\">Normes d&#8217;emballage de classe mondiale<\/h2>\n<p>[\/vc_column_text][vc_column_text]<\/p>\n<p>Chez Proton Paper Products, nous sommes tr\u00e8s fiers de notre engagement \u00e0 respecter les normes d&#8217;emballage les plus \u00e9lev\u00e9es pour chacune de nos exp\u00e9ditions. Un \u00e9l\u00e9ment cl\u00e9 de notre strat\u00e9gie commerciale est notre engagement \u00e0 adh\u00e9rer aux normes internationales d\u2019emballage, ce qui garantit que nos produits arrivent en excellent \u00e9tat avec un impact minimal sur l\u2019environnement.<\/p>\n<p>[\/vc_column_text][\/vc_column][\/vc_row][vc_row][vc_column width=\u00a0\u00bb1\/4&Prime;][vc_single_image image=\u00a0\u00bb14057&Prime; css_animation=\u00a0\u00bbfadeInRightBig\u00a0\u00bb alignement=\u00a0\u00bbcenter\u00a0\u00bb][\/vc_column][vc_column width=\u00a0\u00bb1\/4&Prime;][vc_single_image image=\u00a0\u00bb14054&Prime; css_animation=\u00a0\u00bbfadeInRightBig\u00a0\u00bb alignement=\u00a0\u00bbcentre\u00a0\u00bb][\/vc_column][vc_column width=\u00a0\u00bb1\/4&Prime;][vc_single_image image=\u00a0\u00bb14055&Prime; css_animation=\u00a0\u00bbfadeInRightBig\u00a0\u00bb alignement=\u00a0\u00bbcentre\u00a0\u00bb][\/vc_column][vc_column width=\u00a0\u00bb1\/4&Prime;][vc_single_image image=\u00a0\u00bb14056&Prime; css_animation=\u00a0\u00bbfadeInRightBig\u00a0\u00bb alignement=\u00a0\u00bbcenter\u00a0\u00bb][\/vc_column][\/vc_row][vc_row][vc_column css=\u00a0\u00bb.vc_custom_1707245868818{margin-top : 60px !important;}\u00a0\u00bb][vc_column_text]<\/p>\n<h2 style=\"text-align: center;\">Papier recto verso dans le monde entier<\/h2>\n<p>[\/vc_column_text][vc_column_text]<\/p>\n<p style=\"text-align: center;\">Fournir du papier recto verso de haute qualit\u00e9 \u00e0 des clients du monde entier<\/p>\n<p>[\/vc_column_text][vc_basic_grid post_type=\u00a0\u00bbpost\u00a0\u00bb max_items=\u00a0\u00bb-1&Prime; grid_id=\u00a0\u00bbvc_gid:1713434977073-fd4085ad-31b2-1&Prime; taxonomies=\u00a0\u00bb68&Prime;][\/vc_column][\/vc_row]<\/p>\n<\/section>","protected":false},"excerpt":{"rendered":"<p>[vc_row full_width=\u00a0\u00bbstretch_row\u00a0\u00bb content_placement=\u00a0\u00bbmiddle\u00a0\u00bb el_class=\u00a0\u00bbspaced\u00a0\u00bb][vc_column width=\u00a0\u00bb7\/12&Prime;][vc_single_image image=\u00a0\u00bb14356&Prime; alignement=\u00a0\u00bbcenter\u00a0\u00bb][\/vc_column][vc_column width=\u00a0\u00bb5\/12&Prime;][vc_row_inner css=\u00a0\u00bb.vc_custom_1710174049486{margin-left: 0px !important;}\u00a0\u00bb][vc_column_inner el_class=\u00a0\u00bbshadow-box\u00a0\u00bb][vc_column_text] Papier protonique Proton Paper est un fabricant et exportateur bien connu de produits en papier de haute qualit\u00e9. Nos processus de fabrication, soutenus par une technologie de pointe et des professionnels qualifi\u00e9s, assurent la production d\u2019une grande vari\u00e9t\u00e9 de produits en papier pour [&hellip;]<\/p>\n","protected":false},"author":1,"featured_media":0,"parent":0,"menu_order":0,"comment_status":"closed","ping_status":"closed","template":"","meta":{"footnotes":""},"class_list":["post-8552","page","type-page","status-publish","hentry"],"acf":[],"_links":{"self":[{"href":"https:\/\/protonpaper.com\/fr\/wp-json\/wp\/v2\/pages\/8552","targetHints":{"allow":["GET"]}}],"collection":[{"href":"https:\/\/protonpaper.com\/fr\/wp-json\/wp\/v2\/pages"}],"about":[{"href":"https:\/\/protonpaper.com\/fr\/wp-json\/wp\/v2\/types\/page"}],"author":[{"embeddable":true,"href":"https:\/\/protonpaper.com\/fr\/wp-json\/wp\/v2\/users\/1"}],"replies":[{"embeddable":true,"href":"https:\/\/protonpaper.com\/fr\/wp-json\/wp\/v2\/comments?post=8552"}],"version-history":[{"count":68,"href":"https:\/\/protonpaper.com\/fr\/wp-json\/wp\/v2\/pages\/8552\/revisions"}],"predecessor-version":[{"id":14821,"href":"https:\/\/protonpaper.com\/fr\/wp-json\/wp\/v2\/pages\/8552\/revisions\/14821"}],"wp:attachment":[{"href":"https:\/\/protonpaper.com\/fr\/wp-json\/wp\/v2\/media?parent=8552"}],"curies":[{"name":"wp","href":"https:\/\/api.w.org\/{rel}","templated":true}]}}