{"id":14031,"date":"2024-02-06T02:33:34","date_gmt":"2024-02-06T02:33:34","guid":{"rendered":"https:\/\/protonpaper.com\/?page_id=14031"},"modified":"2024-10-03T10:54:00","modified_gmt":"2024-10-03T05:24:00","slug":"home","status":"publish","type":"page","link":"https:\/\/protonpaper.com\/pt\/","title":{"rendered":"Lar"},"content":{"rendered":"<section class=\"wpb-content-wrapper\"><p>[vc_row full_width=&#8221;stretch_row&#8221; css=&#8221;.vc_custom_1707423368536{background-color: #24315e !important;background-position: 0 0 !important;background-repeat: repeat !important;}&#8221; el_class=&#8221;spaced about_us_home&#8221;][vc_column css_animation=&#8221;fadeInLeft&#8221; width=&#8221;1\/2&#8243; css=&#8221;.vc_custom_1705564531647{margin-bottom: 20px !important;}&#8221; el_class=&#8221;animate&#8221;][vc_single_image image=&#8221;14219&#8243; alignment=&#8221;center&#8221; style=&#8221;vc_box_rounded&#8221;][\/vc_column][vc_column css_animation=&#8221;fadeInRight&#8221; width=&#8221;1\/2&#8243; el_class=&#8221;animate animate-1&#8243;][vc_custom_heading text=&#8221;Sobre pr\u00f3ton&#8221; font_container=&#8221;tag:h1|text_align:left|color:%23ffffff&#8221; use_theme_fonts=&#8221;yes&#8221;][vc_column_text]<\/p>\n<div id=\"pgc-7788-1-1\" class=\"panel-grid-cell\" style=\"color: #f5f5f5;\">\n<div id=\"panel-7788-1-1-0\" class=\"so-panel widget widget_black-studio-tinymce widget_black_studio_tinymce panel-first-child panel-last-child\" data-index=\"5\">\n<div class=\"animate animate-2 panel-widget-style panel-widget-style-for-7788-1-1-0 visible\">\n<div class=\"textwidget\" style=\"text-align: justify;\">Desde 2004, somos l\u00edderes na fabrica\u00e7\u00e3o de cart\u00e3o Duplex em Morbi. Servimos nosso papel Duplex em toda a \u00cdndia e em todo o mundo. Nosso objetivo \u00e9 atender \u00e0s necessidades de cada cliente por meio de solu\u00e7\u00f5es confi\u00e1veis, criativas e ecol\u00f3gicas. Com uma d\u00e9cada de experi\u00eancia na \u00e1rea da ind\u00fastria papeleira, o papel Proton estabeleceu credibilidade no mercado. Nosso grupo de pessoas altamente qualificadas se dedica a oferecer nossos produtos e servi\u00e7os de primeira linha. Nossos cart\u00f5es Duplex s\u00e3o fabricados com tecnologia moderna e processos de fabrica\u00e7\u00e3o sustent\u00e1veis.<\/div>\n<\/div>\n<\/div>\n<\/div>\n<p>[\/vc_column_text]<p class=\"text-left\"><a href=\"https:\/\/protonpaper.com\/company-profile\/\" class=\"btn btn-regular arrow-right\"><span>consulte Mais informa\u00e7\u00e3o<\/span><\/a><\/p>[\/vc_column][\/vc_row][vc_row full_width=&#8221;stretch_row&#8221; css=&#8221;.vc_custom_1705566226397{background-position: 0 0 !important;background-repeat: repeat !important;}&#8221; el_class=&#8221;spaced&#8221;][vc_column css_animation=&#8221;fadeInUp&#8221; css=&#8221;.vc_custom_1705564550727{padding-top: 0px !important;}&#8221;][vc_custom_heading text=&#8221;Nossos produtos&#8221; font_container=&#8221;tag:h2|text_align:center&#8221; use_theme_fonts=&#8221;yes&#8221;]<div class=\"dash style-dark centered\"><\/div>[vc_row_inner el_class=&#8221;home_product_box&#8221;][vc_column_inner width=&#8221;1\/3&#8243;][vc_hoverbox image=&#8221;14193&#8243; primary_title=&#8221;&#8221; hover_title=&#8221;&#8221; hover_align=&#8221;left&#8221; hover_title_font_container=&#8221;font_size:20px&#8221; hover_title_use_theme_fonts=&#8221;yes&#8221; shape=&#8221;square&#8221; hover_background_color=&#8221;custom&#8221; hover_btn_title=&#8221;consulte Mais informa\u00e7\u00e3o&#8221; hover_btn_color=&#8221;warning&#8221; hover_btn_align=&#8221;left&#8221; use_custom_fonts_hover_title=&#8221;true&#8221; hover_add_button=&#8221;true&#8221; hover_custom_background=&#8221;#24315e&#8221; hover_btn_link=&#8221;url:https%3A%2F%2Fprotonpaper.com%2Fproducts%2Fpixel-navvy%2F|title:Pixel%20Navvy&#8221;]<\/p>\n<h2>Navega\u00e7\u00e3o de pixels<\/h2>\n<h3>Placa duplex cinza verso<\/h3>\n<p>Dispon\u00edvel em<\/p>\n<h2>230 a 450 GSM<\/h2>\n<p>[\/vc_hoverbox][vc_custom_heading text=&#8221;Marinha Pixel&#8221; font_container=&#8221;tag:h3|text_align:center&#8221; use_theme_fonts=&#8221;yes&#8221; css=&#8221;.vc_custom_1712987466844{padding-top: 30px !important;padding-bottom: 30px !important;}&#8221;][\/vc_column_inner][vc_column_inner width=&#8221;1\/3&#8243;][vc_hoverbox image=&#8221;14192&#8243; primary_title=&#8221;&#8221; primary_align=&#8221;justify&#8221; hover_title=&#8221;&#8221; hover_align=&#8221;left&#8221; hover_title_font_container=&#8221;font_size:20px&#8221; hover_title_use_theme_fonts=&#8221;yes&#8221; shape=&#8221;square&#8221; hover_background_color=&#8221;custom&#8221; hover_btn_title=&#8221;consulte Mais informa\u00e7\u00e3o&#8221; hover_btn_color=&#8221;warning&#8221; hover_btn_align=&#8221;left&#8221; use_custom_fonts_hover_title=&#8221;true&#8221; hover_add_button=&#8221;true&#8221; hover_custom_background=&#8221;#24315e&#8221; hover_btn_link=&#8221;url:https%3A%2F%2Fprotonpaper.com%2Fproducts%2Fpixel-classic%2F|title:Pixel%20Classic&#8221;]<\/p>\n<h2>Pixel Cl\u00e1ssico<\/h2>\n<h3>Placa duplex cinza verso<\/h3>\n<p>Dispon\u00edvel em<\/p>\n<h2>180 a 450 GSM<\/h2>\n<p>[\/vc_hoverbox][vc_custom_heading text=&#8221;Pixel cl\u00e1ssico&#8221; font_container=&#8221;tag:h3|text_align:center&#8221; use_theme_fonts=&#8221;yes&#8221; css=&#8221;.vc_custom_1712987518709{padding-top: 30px !important;padding-bottom: 30px !important;}&#8221;][\/vc_column_inner][vc_column_inner width=&#8221;1\/3&#8243;][vc_hoverbox image=&#8221;14195&#8243; primary_title=&#8221;&#8221; primary_align=&#8221;justify&#8221; hover_title=&#8221;&#8221; hover_align=&#8221;left&#8221; hover_title_font_container=&#8221;font_size:20&#8243; hover_title_use_theme_fonts=&#8221;yes&#8221; shape=&#8221;square&#8221; hover_background_color=&#8221;custom&#8221; hover_btn_title=&#8221;consulte Mais informa\u00e7\u00e3o&#8221; hover_btn_color=&#8221;warning&#8221; hover_btn_align=&#8221;left&#8221; use_custom_fonts_hover_title=&#8221;true&#8221; hover_add_button=&#8221;true&#8221; hover_custom_background=&#8221;#24315e&#8221; hover_btn_link=&#8221;url:https%3A%2F%2Fprotonpaper.com%2Fproducts%2Fpixel-prime%2F|title:Pixel%20Prime&#8221;]<\/p>\n<h2>Pixel Prime<\/h2>\n<h3>Placa duplex cinza verso<\/h3>\n<p>Dispon\u00edvel em<\/p>\n<h2>180 a 450 GSM<\/h2>\n<p>[\/vc_hoverbox][vc_custom_heading text=&#8221;Pixel Prime&#8221; font_container=&#8221;tag:h3|text_align:center&#8221; use_theme_fonts=&#8221;yes&#8221; css=&#8221;.vc_custom_1712987553420{padding-top: 30px !important;padding-bottom: 30px !important;}&#8221;][\/vc_column_inner][\/vc_row_inner][vc_row_inner css=&#8221;.vc_custom_1707575745790{margin-top: 60px !important;}&#8221; el_class=&#8221;home_product_box&#8221;][vc_column_inner width=&#8221;1\/6&#8243;][\/vc_column_inner][vc_column_inner width=&#8221;1\/3&#8243;][vc_hoverbox image=&#8221;14196&#8243; primary_title=&#8221;&#8221; primary_align=&#8221;justify&#8221; hover_title=&#8221;&#8221; hover_align=&#8221;left&#8221; hover_title_font_container=&#8221;font_size:20&#8243; hover_title_use_theme_fonts=&#8221;yes&#8221; shape=&#8221;square&#8221; hover_background_color=&#8221;custom&#8221; hover_btn_title=&#8221;consulte Mais informa\u00e7\u00e3o&#8221; hover_btn_color=&#8221;warning&#8221; hover_btn_align=&#8221;left&#8221; use_custom_fonts_hover_title=&#8221;true&#8221; hover_add_button=&#8221;true&#8221; hover_custom_background=&#8221;#24315e&#8221; hover_btn_link=&#8221;url:https%3A%2F%2Fprotonpaper.com%2Fproducts%2Fpixel-shield%2F|title:Pixel%20Shield&#8221;]<\/p>\n<h2>Escudo de pixels<\/h2>\n<h3>Quadro duplex branco verso<\/h3>\n<p>Dispon\u00edvel em<\/p>\n<h2>200 a 450 GSM<\/h2>\n<p>[\/vc_hoverbox][vc_custom_heading text=&#8221;Escudo de pixels&#8221; font_container=&#8221;tag:h3|text_align:center&#8221; use_theme_fonts=&#8221;yes&#8221; css=&#8221;.vc_custom_1712987584324{padding-top: 30px !important;padding-bottom: 30px !important;}&#8221;][\/vc_column_inner][vc_column_inner width=&#8221;1\/3&#8243;][vc_hoverbox image=&#8221;14194&#8243; primary_title=&#8221;&#8221; primary_align=&#8221;justify&#8221; hover_title=&#8221;&#8221; hover_align=&#8221;left&#8221; hover_title_font_container=&#8221;font_size:20&#8243; hover_title_use_theme_fonts=&#8221;yes&#8221; shape=&#8221;square&#8221; hover_background_color=&#8221;custom&#8221; hover_btn_title=&#8221;consulte Mais informa\u00e7\u00e3o&#8221; hover_btn_color=&#8221;warning&#8221; hover_btn_align=&#8221;left&#8221; use_custom_fonts_hover_title=&#8221;true&#8221; hover_add_button=&#8221;true&#8221; hover_custom_background=&#8221;#24315e&#8221; hover_btn_link=&#8221;url:https%3A%2F%2Fprotonpaper.com%2Fproducts%2Fpixel-platinum%2F|title:Pixel%20Platinum&#8221;]<\/p>\n<h2>Pixel Platina<\/h2>\n<h3>Placa Duplex Kraft Voltar<\/h3>\n<p>Dispon\u00edvel em<\/p>\n<h2>280 a 450 GSM<\/h2>\n<p>[\/vc_hoverbox][vc_custom_heading text=&#8221;Pixel Platina&#8221; font_container=&#8221;tag:h3|text_align:center&#8221; use_theme_fonts=&#8221;yes&#8221; css=&#8221;.vc_custom_1712987612508{padding-top: 30px !important;padding-bottom: 30px !important;}&#8221;][\/vc_column_inner][vc_column_inner width=&#8221;1\/6&#8243;][\/vc_column_inner][\/vc_row_inner][\/vc_column][\/vc_row][vc_row full_width=&#8221;stretch_row&#8221; css=&#8221;.vc_custom_1707162401422{padding-top: 90px !important;padding-bottom: 90px !important;background-color: #24315e !important;}&#8221;][vc_column css_animation=&#8221;fadeIn&#8221;][vc_custom_heading text=&#8221;Atributos&#8221; font_container=&#8221;tag:h2|text_align:center|color:%23ffffff&#8221; use_theme_fonts=&#8221;yes&#8221; css_animation=&#8221;fadeInUp&#8221;]<div class=\"dash style-light centered\"><\/div>[vc_row_inner][vc_column_inner width=&#8221;1\/4&#8243;][vc_single_image image=&#8221;14001&#8243;][vc_custom_heading text=&#8221;Melhores qualidades de impress\u00e3o&#8221; font_container=&#8221;tag:h3|text_align:center|color:%23ffffff&#8221; use_theme_fonts=&#8221;yes&#8221;][\/vc_column_inner][vc_column_inner width=&#8221;1\/4&#8243;][vc_single_image image=&#8221;14009&#8243;][vc_custom_heading text=&#8221;Aparar gratuitamente&#8221; font_container=&#8221;tag:h3|text_align:center|color:%23ffffff&#8221; use_theme_fonts=&#8221;yes&#8221;][\/vc_column_inner][vc_column_inner width=&#8221;1\/4&#8243;][vc_single_image image=&#8221;14003&#8243;][vc_custom_heading text=&#8221;Papel ecol\u00f3gico&#8221; font_container=&#8221;tag:h3|text_align:center|color:%23ffffff&#8221; use_theme_fonts=&#8221;yes&#8221;][\/vc_column_inner][vc_column_inner width=&#8221;1\/4&#8243;][vc_single_image image=&#8221;14007&#8243;][vc_custom_heading text=&#8221;Execute perfeitamente em impressora de alta velocidade&#8221; font_container=&#8221;tag:h3|text_align:center|color:%23ffffff&#8221; use_theme_fonts=&#8221;yes&#8221;][\/vc_column_inner][\/vc_row_inner][vc_row_inner][vc_column_inner width=&#8221;1\/4&#8243;][vc_single_image image=&#8221;14437&#8243;][vc_custom_heading text=&#8221;Claridade alta&#8221; font_container=&#8221;tag:h3|text_align:center|color:%23ffffff&#8221; use_theme_fonts=&#8221;yes&#8221;][\/vc_column_inner][vc_column_inner width=&#8221;1\/4&#8243;][vc_single_image image=&#8221;14226&#8243;][vc_custom_heading text=&#8221;Livre de poeira&#8221; font_container=&#8221;tag:h3|text_align:center|color:%23ffffff&#8221; use_theme_fonts=&#8221;yes&#8221;][\/vc_column_inner][vc_column_inner width=&#8221;1\/4&#8243;][vc_single_image image=&#8221;14228&#8243;][vc_custom_heading text=&#8221;Alta resist\u00eancia e alta rigidez&#8221; font_container=&#8221;tag:h3|text_align:center|color:%23ffffff&#8221; use_theme_fonts=&#8221;yes&#8221;][\/vc_column_inner][vc_column_inner width=&#8221;1\/4&#8243;][vc_single_image image=&#8221;14438&#8243;][vc_custom_heading text=&#8221;Superf\u00edcie lisa&#8221; font_container=&#8221;tag:h3|text_align:center|color:%23ffffff&#8221; use_theme_fonts=&#8221;yes&#8221;][\/vc_column_inner][\/vc_row_inner][\/vc_column][\/vc_row][vc_row full_width=&#8221;stretch_row&#8221; disable_element=&#8221;yes&#8221; css=&#8221;.vc_custom_1707162410628{background: #24315e url(https:\/\/protonpaper.com\/wp-content\/uploads\/2018\/10\/vertical-grid-5.png?id=12972) !important;background-position: 0 0 !important;background-repeat: repeat !important;}&#8221; el_class=&#8221;spaced&#8221;][vc_column css_animation=&#8221;fadeInUp&#8221; css=&#8221;.vc_custom_1705564625071{margin-bottom: 20px !important;}&#8221; el_class=&#8221;animate&#8221;][vc_column_text]<\/p>\n<p>Green Business Initiatives<\/p>\n<p>[\/vc_column_text]<div class=\"dash style-light centered\"><\/div>[vc_column_text css=&#8221;.vc_custom_1705522413717{padding-bottom: 40px !important;}&#8221;]<\/p>\n<p>At proton paper product, profit do not take a front seat at the cost of our environment<\/p>\n<p>[\/vc_column_text][vc_row_inner][vc_column_inner width=&#8221;1\/3&#8243;][vc_single_image image=&#8221;13962&#8243; alignment=&#8221;center&#8221;][vc_custom_heading text=&#8221;100% Reuse of water&#8221; font_container=&#8221;tag:h3|text_align:center|color:%23ffffff&#8221; use_theme_fonts=&#8221;yes&#8221;][vc_column_text]<\/p>\n<p>Paper mulls are often blamed for excessive water wastage. At Proton paper product, We recycle 100% of the water discharged from the factory<\/p>\n<p>[\/vc_column_text][\/vc_column_inner][vc_column_inner width=&#8221;1\/3&#8243;][vc_single_image image=&#8221;13957&#8243; alignment=&#8221;center&#8221;][vc_custom_heading text=&#8221;Reusing Recycled Materials&#8221; font_container=&#8221;tag:h3|text_align:center|color:%23ffffff&#8221; use_theme_fonts=&#8221;yes&#8221;][vc_column_text]<\/p>\n<p>All our products are made from recyclable material\/paper waste. Recycled Raw Material Put To Use<\/p>\n<p>[\/vc_column_text][\/vc_column_inner][vc_column_inner width=&#8221;1\/3&#8243;][vc_single_image image=&#8221;13958&#8243; alignment=&#8221;center&#8221;][vc_custom_heading text=&#8221;Sustainable Future&#8221; font_container=&#8221;tag:h3|text_align:center|color:%23ffffff&#8221; use_theme_fonts=&#8221;yes&#8221;][vc_column_text]<\/p>\n<p>Not only our products are made from Recyclable material, our products can be 100% recycled after use. Which makes it apt for a sustainable future<\/p>\n<p>[\/vc_column_text][\/vc_column_inner][\/vc_row_inner][\/vc_column][\/vc_row][vc_row full_width=&#8221;stretch_row&#8221; css=&#8221;.vc_custom_1707576504178{background-position: 0 0 !important;background-repeat: repeat !important;}&#8221; el_class=&#8221;spaced&#8221;][vc_column css_animation=&#8221;fadeInUp&#8221; css=&#8221;.vc_custom_1705564625071{margin-bottom: 20px !important;}&#8221; el_class=&#8221;animate&#8221;][vc_column_text]<\/p>\n<h2 style=\"text-align: center;\"><span data-sheets-root=\"1\" data-sheets-value=\"{&quot;1&quot;:2,&quot;2&quot;:&quot;Processo de manufatura&quot;}\" data-sheets-formula=\"=GOOGLETRANSLATE(R[0]C[-3],&quot;en&quot;,&quot;pt&quot;)\">Processo de manufatura<\/span><\/h2>\n<p>[\/vc_column_text]<div class=\"dash style-light centered\"><\/div>[vc_row_inner][vc_column_inner][vc_single_image image=&#8221;14318&#8243; alignment=&#8221;center&#8221;][\/vc_column_inner][\/vc_row_inner][\/vc_column][\/vc_row][vc_row full_width=&#8221;stretch_row&#8221; gap=&#8221;30&#8243; content_placement=&#8221;middle&#8221; css=&#8221;.vc_custom_1709752505953{background-position: 0 0 !important;background-repeat: repeat !important;}&#8221; el_class=&#8221;spaced&#8221;][vc_column css_animation=&#8221;fadeInLeft&#8221; width=&#8221;1\/2&#8243;]<span class=\"subtitle dash-false style-dark text-default\">CONTATE-NOS<\/span>[vc_column_text]<span data-sheets-root=\"1\" data-sheets-value=\"{&quot;1&quot;:2,&quot;2&quot;:&quot;Entre em contato conosco&quot;}\" data-sheets-formula=\"=GOOGLETRANSLATE(R[0]C[-3],&quot;en&quot;,&quot;pt&quot;)\">Entre em contato conosco<\/span>[\/vc_column_text]<div class=\"dash style-dark default\"><\/div>[vc_column_text]<span data-sheets-root=\"1\" data-sheets-value=\"{&quot;1&quot;:2,&quot;2&quot;:&quot;Valorizamos seus coment\u00e1rios, d\u00favidas e a oportunidade de nos conectarmos com voc\u00ea. Sinta-se \u00e0 vontade para entrar em contato conosco usando as informa\u00e7\u00f5es de contato&quot;}\" data-sheets-formula=\"=GOOGLETRANSLATE(R[0]C[-3],&quot;en&quot;,&quot;pt&quot;)\">Valorizamos seus coment\u00e1rios, d\u00favidas e a oportunidade de nos conectarmos com voc\u00ea. Sinta-se \u00e0 vontade para entrar em contato conosco usando as informa\u00e7\u00f5es de contato<\/span>[\/vc_column_text][\/vc_column][vc_column css_animation=&#8221;fadeInRight&#8221; width=&#8221;1\/2&#8243;][vc_row_inner][vc_column_inner el_class=&#8221;shadow-box&#8221; css=&#8221;.vc_custom_1536751808789{margin-bottom: 30px !important;}&#8221;]\n<div class=\"wpcf7 no-js\" id=\"wpcf7-f13434-o4\" lang=\"en-US\" dir=\"ltr\" data-wpcf7-id=\"13434\">\n<div class=\"screen-reader-response\"><p role=\"status\" aria-live=\"polite\" aria-atomic=\"true\"><\/p> <ul><\/ul><\/div>\n<form action=\"\/pt\/wp-json\/wp\/v2\/pages\/14031#wpcf7-f13434-o4\" method=\"post\" class=\"wpcf7-form init\" aria-label=\"Contact form\" novalidate=\"novalidate\" data-status=\"init\">\n<fieldset class=\"hidden-fields-container\"><input type=\"hidden\" name=\"_wpcf7\" value=\"13434\" \/><input type=\"hidden\" name=\"_wpcf7_version\" value=\"6.1.5\" \/><input type=\"hidden\" name=\"_wpcf7_locale\" value=\"en_US\" \/><input type=\"hidden\" name=\"_wpcf7_unit_tag\" value=\"wpcf7-f13434-o4\" \/><input type=\"hidden\" name=\"_wpcf7_container_post\" value=\"0\" \/><input type=\"hidden\" name=\"_wpcf7_posted_data_hash\" value=\"\" \/><input type=\"hidden\" name=\"_wpcf7_recaptcha_response\" value=\"\" \/>\n<\/fieldset>\n<p><label>Name<br \/>\n<span class=\"wpcf7-form-control-wrap\" data-name=\"your-name\"><input size=\"40\" maxlength=\"400\" class=\"wpcf7-form-control wpcf7-text wpcf7-validates-as-required\" autocomplete=\"name\" aria-required=\"true\" aria-invalid=\"false\" placeholder=\"Name\" value=\"\" type=\"text\" name=\"your-name\" \/><\/span> <\/label>\n<\/p>\n<p><label>Phone<br \/>\n<span class=\"wpcf7-form-control-wrap\" data-name=\"tel-341\"><input size=\"40\" maxlength=\"15\" minlength=\"7\" class=\"wpcf7-form-control wpcf7-tel wpcf7-validates-as-required wpcf7-text wpcf7-validates-as-tel\" aria-required=\"true\" aria-invalid=\"false\" placeholder=\"Phone Number\" value=\"\" type=\"tel\" name=\"tel-341\" \/><\/span> <\/label>\n<\/p>\n<p><label>Email<br \/>\n<span class=\"wpcf7-form-control-wrap\" data-name=\"your-email\"><input size=\"40\" maxlength=\"400\" class=\"wpcf7-form-control wpcf7-email wpcf7-validates-as-required wpcf7-text wpcf7-validates-as-email\" autocomplete=\"email\" aria-required=\"true\" aria-invalid=\"false\" placeholder=\"Email\" value=\"\" type=\"email\" name=\"your-email\" \/><\/span> <\/label>\n<\/p>\n<p><label>Message<br \/>\n<span class=\"wpcf7-form-control-wrap\" data-name=\"message\"><textarea cols=\"40\" rows=\"10\" maxlength=\"2000\" class=\"wpcf7-form-control wpcf7-textarea\" aria-invalid=\"false\" placeholder=\"Message\" name=\"message\"><\/textarea><\/span><\/label>\n<\/p>\n<p><input class=\"wpcf7-form-control wpcf7-submit has-spinner blue_back\" type=\"submit\" value=\"Send\" \/>\n<\/p><div class=\"wpcf7-response-output\" aria-hidden=\"true\"><\/div>\n<\/form>\n<\/div>\n[\/vc_column_inner][\/vc_row_inner][\/vc_column][\/vc_row]<\/p>\n<\/section>","protected":false},"excerpt":{"rendered":"<p>[vc_row full_width=&#8221;stretch_row&#8221; css=&#8221;.vc_custom_1707423368536{background-color: #24315e !important;background-position: 0 0 !important;background-repeat: repeat !important;}&#8221; el_class=&#8221;spaced about_us_home&#8221;][vc_column css_animation=&#8221;fadeInLeft&#8221; width=&#8221;1\/2&#8243; css=&#8221;.vc_custom_1705564531647{margin-bottom: 20px !important;}&#8221; el_class=&#8221;animate&#8221;][vc_single_image image=&#8221;14219&#8243; alignment=&#8221;center&#8221; style=&#8221;vc_box_rounded&#8221;][\/vc_column][vc_column css_animation=&#8221;fadeInRight&#8221; width=&#8221;1\/2&#8243; el_class=&#8221;animate animate-1&#8243;][vc_custom_heading text=&#8221;Sobre pr\u00f3ton&#8221; font_container=&#8221;tag:h1|text_align:left|color:%23ffffff&#8221; use_theme_fonts=&#8221;yes&#8221;][vc_column_text] Desde 2004, somos l\u00edderes na fabrica\u00e7\u00e3o de cart\u00e3o Duplex em Morbi. Servimos nosso papel Duplex em toda a \u00cdndia e em todo o mundo. Nosso objetivo [&hellip;]<\/p>\n","protected":false},"author":1,"featured_media":0,"parent":0,"menu_order":0,"comment_status":"closed","ping_status":"closed","template":"page-slider.php","meta":{"footnotes":""},"class_list":["post-14031","page","type-page","status-publish","hentry"],"acf":[],"_links":{"self":[{"href":"https:\/\/protonpaper.com\/pt\/wp-json\/wp\/v2\/pages\/14031","targetHints":{"allow":["GET"]}}],"collection":[{"href":"https:\/\/protonpaper.com\/pt\/wp-json\/wp\/v2\/pages"}],"about":[{"href":"https:\/\/protonpaper.com\/pt\/wp-json\/wp\/v2\/types\/page"}],"author":[{"embeddable":true,"href":"https:\/\/protonpaper.com\/pt\/wp-json\/wp\/v2\/users\/1"}],"replies":[{"embeddable":true,"href":"https:\/\/protonpaper.com\/pt\/wp-json\/wp\/v2\/comments?post=14031"}],"version-history":[{"count":107,"href":"https:\/\/protonpaper.com\/pt\/wp-json\/wp\/v2\/pages\/14031\/revisions"}],"predecessor-version":[{"id":16254,"href":"https:\/\/protonpaper.com\/pt\/wp-json\/wp\/v2\/pages\/14031\/revisions\/16254"}],"wp:attachment":[{"href":"https:\/\/protonpaper.com\/pt\/wp-json\/wp\/v2\/media?parent=14031"}],"curies":[{"name":"wp","href":"https:\/\/api.w.org\/{rel}","templated":true}]}}