{"id":14182,"date":"2024-02-10T14:05:21","date_gmt":"2024-02-10T14:05:21","guid":{"rendered":"https:\/\/protonpaper.com\/?page_id=14182"},"modified":"2025-01-30T12:35:16","modified_gmt":"2025-01-30T07:05:16","slug":"pixel-prime","status":"publish","type":"page","link":"https:\/\/protonpaper.com\/pt\/products\/pixel-prime\/","title":{"rendered":"Placa de papel duplex cinza com verso &#8211; Pixel Prime"},"content":{"rendered":"<section class=\"wpb-content-wrapper\"><p>[vc_row][vc_column width=&#8221;1\/2&#8243;][vc_column_text][\/vc_column_text][\/vc_column][vc_column width=&#8221;1\/2&#8243;][vc_custom_heading text=&#8221;Pixel Prime&#8221; use_theme_fonts=&#8221;yes&#8221;][vc_column_text]Papel Proton Pixel Prime Duplex com verso cinza GSM 180 a 450 em v\u00e1rios tamanhos de acordo com as necessidades do cliente Pixel Prime possui alta rigidez, alto brilho e alto revestimento, junto com superf\u00edcie lisa para impress\u00e3o mais fina sa\u00edda e para uma solu\u00e7\u00e3o de embalagem perfeita. O cart\u00e3o de papel duplex \u00e9 a escolha preferida para uma ampla variedade de setores devido \u00e0 sua durabilidade, resist\u00eancia e flexibilidade duradouras. Quer seja utilizado em impress\u00e3o, embalagem ou aplica\u00e7\u00f5es diversas. O cart\u00e3o de papel duplex \u00e9 uma op\u00e7\u00e3o econ\u00f4mica, ecologicamente correta e confi\u00e1vel que pode ajud\u00e1-lo a realizar suas aspira\u00e7\u00f5es.<\/p>\n<h3><b>Detalhes do produto:<\/b><\/h3>\n<table>\n<tbody>\n<tr class=\"icoo\">\n<th>Nome do produto<\/th>\n<td>Placa duplex cinza traseira<\/td>\n<\/tr>\n<tr class=\"icoo\">\n<th>GSM<\/th>\n<td>180 a 450 GSM<\/td>\n<\/tr>\n<tr class=\"icoo\">\n<th>Aplicativo<\/th>\n<td>1. Cart\u00e3o de embalagem<br \/>\n2. Trabalho de impress\u00e3o<\/td>\n<\/tr>\n<\/tbody>\n<\/table>\n<p>[\/vc_column_text]<p class=\"text-left\"><a href=\"#\" class=\"btn btn-primary arrow-right order_sample_kit\"><span>Solicitar kit de amostra<\/span><\/a><\/p>[\/vc_column][\/vc_row][vc_row][vc_column css=&#8221;.vc_custom_1707542969686{margem superior: 60px !importante ;}&#8221;][vc_custom_heading text=&#8221;FOLHA DE ESPECIFICA\u00c7\u00d5ES&#8221; use_theme_fonts=&#8221;yes&#8221;][vc_row_inner][vc_column_inner width=&#8221;2\/3&#8243;][vc_single_image image=&#8221;14511&#8243; alignment=&#8221;center&#8221;][\/vc_column_inner][vc_column_inner width=&#8221;1\/3&#8243;][vc_single_image image=&#8221;14502&#8243;][vc_media_grid element_width=&#8221;6&#8243; gap=&#8221;2&#8243; item=&#8221;14532&#8243; grid_id=&#8221;vc_gid:1713266425711-25ce7b06-ea03-6&#8243; include=&#8221;14548 ,14551,14550,14554&#8243; el_class=&#8221;proton-feature&#8221;][\/vc_column_inner][\/vc_row_inner][\/vc_column][\/vc_row][vc_row][vc_column]<p class=\"text-center\"><a href=\"https:\/\/protonpaper.com\/wp-content\/uploads\/2024\/03\/Proton-Pixel-Prime.pdf\" target=\"_blank\" class=\"btn btn-primary arrow-none\"><span>Baixar<\/span><\/a><\/p>[\/vc_column][\/vc_row]<\/p>\n<\/section>","protected":false},"excerpt":{"rendered":"<p>[vc_row][vc_column width=&#8221;1\/2&#8243;][vc_column_text][\/vc_column_text][\/vc_column][vc_column width=&#8221;1\/2&#8243;][vc_custom_heading text=&#8221;Pixel Prime&#8221; use_theme_fonts=&#8221;yes&#8221;][vc_column_text]Papel Proton Pixel Prime Duplex com verso cinza GSM 180 a 450 em v\u00e1rios tamanhos de acordo com as necessidades do cliente Pixel Prime possui alta rigidez, alto brilho e alto revestimento, junto com superf\u00edcie lisa para impress\u00e3o mais fina sa\u00edda e para uma solu\u00e7\u00e3o de embalagem perfeita. O cart\u00e3o [&hellip;]<\/p>\n","protected":false},"author":1,"featured_media":11672,"parent":44,"menu_order":0,"comment_status":"closed","ping_status":"closed","template":"","meta":{"footnotes":""},"class_list":["post-14182","page","type-page","status-publish","has-post-thumbnail","hentry"],"acf":[],"_links":{"self":[{"href":"https:\/\/protonpaper.com\/pt\/wp-json\/wp\/v2\/pages\/14182","targetHints":{"allow":["GET"]}}],"collection":[{"href":"https:\/\/protonpaper.com\/pt\/wp-json\/wp\/v2\/pages"}],"about":[{"href":"https:\/\/protonpaper.com\/pt\/wp-json\/wp\/v2\/types\/page"}],"author":[{"embeddable":true,"href":"https:\/\/protonpaper.com\/pt\/wp-json\/wp\/v2\/users\/1"}],"replies":[{"embeddable":true,"href":"https:\/\/protonpaper.com\/pt\/wp-json\/wp\/v2\/comments?post=14182"}],"version-history":[{"count":19,"href":"https:\/\/protonpaper.com\/pt\/wp-json\/wp\/v2\/pages\/14182\/revisions"}],"predecessor-version":[{"id":16674,"href":"https:\/\/protonpaper.com\/pt\/wp-json\/wp\/v2\/pages\/14182\/revisions\/16674"}],"up":[{"embeddable":true,"href":"https:\/\/protonpaper.com\/pt\/wp-json\/wp\/v2\/pages\/44"}],"wp:featuredmedia":[{"embeddable":true,"href":"https:\/\/protonpaper.com\/pt\/wp-json\/wp\/v2\/media\/11672"}],"wp:attachment":[{"href":"https:\/\/protonpaper.com\/pt\/wp-json\/wp\/v2\/media?parent=14182"}],"curies":[{"name":"wp","href":"https:\/\/api.w.org\/{rel}","templated":true}]}}