{"id":14254,"date":"2024-02-10T17:46:30","date_gmt":"2024-02-10T17:46:30","guid":{"rendered":"https:\/\/protonpaper.com\/?page_id=14254"},"modified":"2025-07-08T09:43:14","modified_gmt":"2025-07-08T04:13:14","slug":"applications","status":"publish","type":"page","link":"https:\/\/protonpaper.com\/pt\/applications\/","title":{"rendered":"Formul\u00e1rios"},"content":{"rendered":"<section class=\"wpb-content-wrapper\"><p>[vc_row][vc_column][vc_row_inner][vc_column_inner width=&#8221;1\/3&#8243;][vc_single_image image=&#8221;14268&#8243; alignment=&#8221;center&#8221;][vc_custom_heading text=&#8221;Impress\u00e3o &#8211; Impress\u00e3o UV&#8221; font_container=&#8221;tag:h3|text_align :center&#8221; use_theme_fonts=&#8221;yes&#8221;][vc_column_text]<\/p>\n<p style=\"text-align: center;\">O papel duplex \u00e9 uma \u00f3tima op\u00e7\u00e3o para impress\u00e3o UV porque oferece melhor qualidade de impress\u00e3o e resist\u00eancia.<\/p>\n<p>[\/vc_column_text][\/vc_column_inner][vc_column_inner width=&#8221;1\/3&#8243;][vc_single_image image=&#8221;14264&#8243; alignment=&#8221;center&#8221;][vc_custom_heading text=&#8221;Impress\u00e3o &#8211; Impress\u00e3o met\u00e1lica&#8221; font_container=&#8221;tag:h3|text_align: centro&#8221; use_theme_fonts=&#8221;yes&#8221;][vc_column_text]<\/p>\n<p style=\"text-align: center;\">Quando se trata de impress\u00e3o met\u00e1lica, o papel duplex \u00e9 uma \u00f3tima op\u00e7\u00e3o, pois fornece uma base robusta para a produ\u00e7\u00e3o de itens visualmente marcantes.<\/p>\n<p>[\/vc_column_text][\/vc_column_inner][vc_column_inner width=&#8221;1\/3&#8243;][vc_single_image image=&#8221;14265&#8243; alignment=&#8221;center&#8221;][vc_custom_heading text=&#8221;Ind\u00fastria de embalagens&#8221; font_container=&#8221;tag:h3|text_align:center&#8221; use_theme_fonts=&#8221;yes&#8221;][vc_column_text]<\/p>\n<p style=\"text-align: center;\">A Proton Paper ajuda a ind\u00fastria de embalagens com pap\u00e9is de embalagem atraentes e de qualidade para aumentar a satisfa\u00e7\u00e3o do cliente. Independentemente do tamanho da necessidade, n\u00f3s podemos cuidar disso para voc\u00ea<\/p>\n<p>[\/vc_column_text][\/vc_column_inner][\/vc_row_inner][\/vc_column][\/vc_row][vc_row][vc_column][vc_row_inner][vc_column_inner width=&#8221;1\/3&#8243;][vc_single_image image=&#8221;14262&#8243; alignment=&#8221;center&#8221;][vc_custom_heading text=&#8221;Embalagem &#8211; FMCG&#8221; font_container=&#8221;tag:h3|text_align:center&#8221; use_theme_fonts=&#8221;yes&#8221;][vc_column_text]<\/p>\n<p style=\"text-align: center;\">Os pap\u00e9is reciclados\u00a0nem sempre s\u00e3o de qualidade inferior na \u00a0Proton\u00a0Papers; \u00c9 adequado para todas as empresas FMCG em n\u00edvel nacional.<\/p>\n<p>[\/vc_column_text][\/vc_column_inner][vc_column_inner width=&#8221;1\/3&#8243;][vc_single_image image=&#8221;14266&#8243; alignment=&#8221;center&#8221;][vc_custom_heading text=&#8221;Embalagem &#8211; Farmac\u00eautica&#8221; font_container=&#8221;tag:h3|text_align:center&#8221; use_theme_fonts=&#8221;yes&#8221;][vc_column_text]<\/p>\n<p style=\"text-align: center;\">N\u00f3s da Proton Paper reconhecemos a import\u00e2ncia da medicina e apoiamos sua prote\u00e7\u00e3o devido \u00e0 sua natureza de curar pessoas. Assim, fabricamos cart\u00f5es de papel Superior para embalagens.<\/p>\n<p>[\/vc_column_text][\/vc_column_inner][vc_column_inner width=&#8221;1\/3&#8243;][vc_single_image image=&#8221;14263&#8243; alignment=&#8221;center&#8221;][vc_custom_heading text=&#8221;Embalagem &#8211; Etiquetas de vestu\u00e1rio&#8221; font_container=&#8221;tag:h3|text_align: centro&#8221; use_theme_fonts=&#8221;yes&#8221;][vc_column_text]<\/p>\n<p style=\"text-align: center;\">A Proton Paper produz papel de alta qualidade para etiquetas de roupas que atendem \u00e0 necessidade de identifica\u00e7\u00e3o distinta.<\/p>\n<p>[\/vc_column_text][\/vc_column_inner][\/vc_row_inner][\/vc_column][\/vc_row]<\/p>\n<\/section>","protected":false},"excerpt":{"rendered":"<p>[vc_row][vc_column][vc_row_inner][vc_column_inner width=&#8221;1\/3&#8243;][vc_single_image image=&#8221;14268&#8243; alignment=&#8221;center&#8221;][vc_custom_heading text=&#8221;Impress\u00e3o &#8211; Impress\u00e3o UV&#8221; font_container=&#8221;tag:h3|text_align :center&#8221; use_theme_fonts=&#8221;yes&#8221;][vc_column_text] O papel duplex \u00e9 uma \u00f3tima op\u00e7\u00e3o para impress\u00e3o UV porque oferece melhor qualidade de impress\u00e3o e resist\u00eancia. [\/vc_column_text][\/vc_column_inner][vc_column_inner width=&#8221;1\/3&#8243;][vc_single_image image=&#8221;14264&#8243; alignment=&#8221;center&#8221;][vc_custom_heading text=&#8221;Impress\u00e3o &#8211; Impress\u00e3o met\u00e1lica&#8221; font_container=&#8221;tag:h3|text_align: centro&#8221; use_theme_fonts=&#8221;yes&#8221;][vc_column_text] Quando se trata de impress\u00e3o met\u00e1lica, o papel duplex \u00e9 uma \u00f3tima op\u00e7\u00e3o, pois fornece [&hellip;]<\/p>\n","protected":false},"author":1,"featured_media":0,"parent":0,"menu_order":0,"comment_status":"closed","ping_status":"closed","template":"","meta":{"footnotes":""},"class_list":["post-14254","page","type-page","status-publish","hentry"],"acf":[],"_links":{"self":[{"href":"https:\/\/protonpaper.com\/pt\/wp-json\/wp\/v2\/pages\/14254","targetHints":{"allow":["GET"]}}],"collection":[{"href":"https:\/\/protonpaper.com\/pt\/wp-json\/wp\/v2\/pages"}],"about":[{"href":"https:\/\/protonpaper.com\/pt\/wp-json\/wp\/v2\/types\/page"}],"author":[{"embeddable":true,"href":"https:\/\/protonpaper.com\/pt\/wp-json\/wp\/v2\/users\/1"}],"replies":[{"embeddable":true,"href":"https:\/\/protonpaper.com\/pt\/wp-json\/wp\/v2\/comments?post=14254"}],"version-history":[{"count":31,"href":"https:\/\/protonpaper.com\/pt\/wp-json\/wp\/v2\/pages\/14254\/revisions"}],"predecessor-version":[{"id":16991,"href":"https:\/\/protonpaper.com\/pt\/wp-json\/wp\/v2\/pages\/14254\/revisions\/16991"}],"wp:attachment":[{"href":"https:\/\/protonpaper.com\/pt\/wp-json\/wp\/v2\/media?parent=14254"}],"curies":[{"name":"wp","href":"https:\/\/api.w.org\/{rel}","templated":true}]}}