{"id":7950,"date":"2016-07-28T10:46:34","date_gmt":"2016-07-28T10:46:34","guid":{"rendered":"http:\/\/themicart.com\/interico-wp\/?page_id=15"},"modified":"2025-12-09T11:45:38","modified_gmt":"2025-12-09T06:15:38","slug":"company-profile","status":"publish","type":"page","link":"https:\/\/protonpaper.com\/pt\/company-profile\/","title":{"rendered":"Sobre n\u00f3s"},"content":{"rendered":"<section class=\"wpb-content-wrapper\"><p>[vc_row gap=&#8221;15&#8243; css=&#8221;.vc_custom_1536842181479{margin-bottom: 80px !important;}&#8221;][vc_column][vc_custom_heading text=&#8221;Resumo (Sobre a ind\u00fastria de papel Proton)&#8221; font_container=&#8221;tag:h2|text_align:center&#8221; use_theme_fonts=&#8221;yes&#8221;][vc_column_text]<span data-sheets-root=\"1\" data-sheets-value=\"{&quot;1&quot;:2,&quot;2&quot;:&quot;N\u00f3s somos um fabricante da PROTON PAPER INDUSTRY de cart\u00e3o de papel duplex em v\u00e1rios GSM e variantes usados \u200b\u200b\u200b\u200bprincipalmente para diversas aplica\u00e7\u00f5es de impress\u00e3o e embalagem. Nosso papel \u00e9 uma solu\u00e7\u00e3o sustent\u00e1vel e confi\u00e1vel para atender \u00e0s necessidades de embalagem de nossos clientes.\\r\\n\\r\\nCom anos de experi\u00eancia no setor, nos estabelecemos como um fabricante confi\u00e1vel no mercado. Contamos com uma equipe de especialistas extremamente profissionais, comprometidos em apresentar pap\u00e9is e servi\u00e7os da melhor qualidade aos nossos clientes. Utilizamos tecnologia moderna e estrat\u00e9gias de produ\u00e7\u00e3o sustent\u00e1veis \u200b\u200bpara produzir cart\u00e3o duplex\\r\\n\\r\\nNossos pap\u00e9is est\u00e3o em v\u00e1rios gsm, qualidades, tamanhos e gramaturas para atender \u00e0s necessidades espec\u00edficas de nossos clientes. Oferecemos uma ampla variedade de cart\u00e3o duplex, incluindo verso cinza, verso branco, verso kraft,\\r\\n\\r\\nNa nossa dedica\u00e7\u00e3o \u00e0 sustentabilidade ambiental, orgulhamo-nos do nosso papel como fabricantes de papel 100% reciclado. No cerne da nossa t\u00e9cnica de fabrica\u00e7\u00e3o est\u00e1 a for\u00e7a de vontade para minimizar a nossa pegada ecol\u00f3gica. Cada folha que elaboramos reflete nosso compromisso inabal\u00e1vel com um destino mais verde, j\u00e1 que utilizamos totalmente subst\u00e2ncias recicladas. Ao escolher nosso papel 100% reciclado, voc\u00ea n\u00e3o est\u00e1 apenas selecionando um produto fabricado com qualidade superior, mas tamb\u00e9m participando ativamente do movimento internacional mais pr\u00f3ximo do uso respons\u00e1vel de ajuda. Nossa linha de produ\u00e7\u00e3o segue os padr\u00f5es de um sistema financeiro circular, promovendo a reutiliza\u00e7\u00e3o e reciclagem de materiais. Com cada compra, voc\u00ea contribui para reduzir o desperd\u00edcio e ajudar nas pr\u00e1ticas verdes. Nosso papel 100% reciclado \u00e9 uma personifica\u00e7\u00e3o tang\u00edvel de nossa obriga\u00e7\u00e3o corporativa, representando um desejo sustent\u00e1vel tanto para os clientes quanto para o planeta. Junte-se a n\u00f3s nesta jornada para mais perto de um destino mais ambientalmente consciente, onde a facilidade do uso do papel se torna uma afirma\u00e7\u00e3o eficaz de sustentabilidade. Experimente a distin\u00e7\u00e3o com o nosso papel 100% reciclado, onde qualidade, sentido moral e respeito pelo ambiente convergem perfeitamente.\\r\\n\\r\\nDedicamo-nos a fornecer aos nossos clientes o melhor grau de transporte, desde a personaliza\u00e7\u00e3o do produto at\u00e9 a entrega no prazo. Nossa equipe de suporte ao cliente est\u00e1 constantemente dispon\u00edvel para responder a quaisquer d\u00favidas ou preocupa\u00e7\u00f5es que voc\u00ea possa ter.\\r\\n\\r\\nObrigado por nos escolher como seu PARCEIRO de cart\u00e3o duplex. Estamos prontos para trabalhar com voc\u00ea e fornecer respostas excepcionais para suas necessidades de impress\u00e3o e embalagem.&quot;}\" data-sheets-formula=\"=GOOGLETRANSLATE(R[0]C[-3],&quot;en&quot;,&quot;pt&quot;)\">N\u00f3s somos um fabricante da PROTON PAPER INDUSTRY de cart\u00e3o de papel duplex em v\u00e1rios GSM e variantes usados \u200b\u200b\u200b\u200bprincipalmente para diversas aplica\u00e7\u00f5es de impress\u00e3o e embalagem. Nosso papel \u00e9 uma solu\u00e7\u00e3o sustent\u00e1vel e confi\u00e1vel para atender \u00e0s necessidades de embalagem de nossos clientes.<\/span><\/p>\n<p>Com anos de experi\u00eancia no setor, nos estabelecemos como um fabricante confi\u00e1vel no mercado. Contamos com uma equipe de especialistas extremamente profissionais, comprometidos em apresentar pap\u00e9is e servi\u00e7os da melhor qualidade aos nossos clientes. Utilizamos tecnologia moderna e estrat\u00e9gias de produ\u00e7\u00e3o sustent\u00e1veis \u200b\u200bpara produzir cart\u00e3o duplex<\/p>\n<p>Nossos pap\u00e9is est\u00e3o em v\u00e1rios gsm, qualidades, tamanhos e gramaturas para atender \u00e0s necessidades espec\u00edficas de nossos clientes. Oferecemos uma ampla variedade de cart\u00e3o duplex, incluindo verso cinza, verso branco, verso kraft,<\/p>\n<p>Na nossa dedica\u00e7\u00e3o \u00e0 sustentabilidade ambiental, orgulhamo-nos do nosso papel como fabricantes de papel 100% reciclado. No cerne da nossa t\u00e9cnica de fabrica\u00e7\u00e3o est\u00e1 a for\u00e7a de vontade para minimizar a nossa pegada ecol\u00f3gica. Cada folha que elaboramos reflete nosso compromisso inabal\u00e1vel com um destino mais verde, j\u00e1 que utilizamos totalmente subst\u00e2ncias recicladas. Ao escolher nosso papel 100% reciclado, voc\u00ea n\u00e3o est\u00e1 apenas selecionando um produto fabricado com qualidade superior, mas tamb\u00e9m participando ativamente do movimento internacional mais pr\u00f3ximo do uso respons\u00e1vel de ajuda. Nossa linha de produ\u00e7\u00e3o segue os padr\u00f5es de um sistema financeiro circular, promovendo a reutiliza\u00e7\u00e3o e reciclagem de materiais. Com cada compra, voc\u00ea contribui para reduzir o desperd\u00edcio e ajudar nas pr\u00e1ticas verdes. Nosso papel 100% reciclado \u00e9 uma personifica\u00e7\u00e3o tang\u00edvel de nossa obriga\u00e7\u00e3o corporativa, representando um desejo sustent\u00e1vel tanto para os clientes quanto para o planeta. Junte-se a n\u00f3s nesta jornada para mais perto de um destino mais ambientalmente consciente, onde a facilidade do uso do papel se torna uma afirma\u00e7\u00e3o eficaz de sustentabilidade. Experimente a distin\u00e7\u00e3o com o nosso papel 100% reciclado, onde qualidade, sentido moral e respeito pelo ambiente convergem perfeitamente.<\/p>\n<p>Dedicamo-nos a fornecer aos nossos clientes o melhor grau de transporte, desde a personaliza\u00e7\u00e3o do produto at\u00e9 a entrega no prazo. Nossa equipe de suporte ao cliente est\u00e1 constantemente dispon\u00edvel para responder a quaisquer d\u00favidas ou preocupa\u00e7\u00f5es que voc\u00ea possa ter.<\/p>\n<p>Obrigado por nos escolher como seu PARCEIRO de cart\u00e3o duplex. Estamos prontos para trabalhar com voc\u00ea e fornecer respostas excepcionais para suas necessidades de impress\u00e3o e embalagem.[\/vc_column_text][\/vc_column][\/vc_row][vc_row][vc_column width=&#8221;1\/2&#8243;][vc_custom_heading text=&#8221;Nossa vis\u00e3o&#8221; use_theme_fonts=&#8221;yes&#8221;][vc_column_text]<span data-sheets-root=\"1\" data-sheets-value=\"{&quot;1&quot;:2,&quot;2&quot;:&quot;Prevalecer nas ind\u00fastrias de impress\u00e3o e embalagem como emissor de solu\u00e7\u00f5es modernas e sustent\u00e1veis \u200b\u200bde papel cart\u00e3o duplex. Nosso objetivo deve ser declarado por nossa determina\u00e7\u00e3o em aten\u00e7\u00e3o ambiental, calibre avan\u00e7ado de produtos e incr\u00edvel suporte ao cliente. Nosso objetivo \u00e9 embelezar consistentemente nossos m\u00e9todos de produ\u00e7\u00e3o e variedade de mercadorias para atender \u00e0s necessidades de convers\u00e3o de nossos clientes e do mundo. Ao ajudar estrat\u00e9gias ambientalmente agrad\u00e1veis \u200b\u200be apoiar nossos clientes no alcance de seus objetivos de sustentabilidade, esperamos impactar positivamente o empreendimento como um todo. Nosso objetivo \u00e9 nos tornarmos um parceiro confi\u00e1vel e confi\u00e1vel no neg\u00f3cio de cart\u00e3o duplex, fornecendo aos nossos clientes os recursos necess\u00e1rios para executar suas opera\u00e7\u00f5es corretamente e causando um impacto excelente em um destino mais sustent\u00e1vel para todos.&quot;}\" data-sheets-formula=\"=GOOGLETRANSLATE(R[0]C[-3],&quot;en&quot;,&quot;pt&quot;)\">Prevalecer nas ind\u00fastrias de impress\u00e3o e embalagem como emissor de solu\u00e7\u00f5es modernas e sustent\u00e1veis \u200b\u200bde papel cart\u00e3o duplex. Nosso objetivo deve ser declarado por nossa determina\u00e7\u00e3o em aten\u00e7\u00e3o ambiental, calibre avan\u00e7ado de produtos e incr\u00edvel suporte ao cliente. Nosso objetivo \u00e9 embelezar consistentemente nossos m\u00e9todos de produ\u00e7\u00e3o e variedade de mercadorias para atender \u00e0s necessidades de convers\u00e3o de nossos clientes e do mundo. Ao ajudar estrat\u00e9gias ambientalmente agrad\u00e1veis \u200b\u200be apoiar nossos clientes no alcance de seus objetivos de sustentabilidade, esperamos impactar positivamente o empreendimento como um todo. Nosso objetivo \u00e9 nos tornarmos um parceiro confi\u00e1vel e confi\u00e1vel no neg\u00f3cio de cart\u00e3o duplex, fornecendo aos nossos clientes os recursos necess\u00e1rios para executar suas opera\u00e7\u00f5es corretamente e causando um impacto excelente em um destino mais sustent\u00e1vel para todos.<\/span>[\/vc_column_text][\/vc_column][vc_column width=&#8221;1\/2&#8243;][vc_single_image image=&#8221;14017&#8243; img_size=&#8221;large&#8221; alignment=&#8221;center&#8221; style=&#8221;vc_box_rounded&#8221;][\/vc_column][\/vc_row][vc_row css=&#8221;.vc_custom_1707248344038{margin-top: 60px !important;}&#8221;][vc_column width=&#8221;1\/2&#8243;][vc_single_image image=&#8221;14016&#8243; img_size=&#8221;large&#8221; alignment=&#8221;center&#8221; style=&#8221;vc_box_rounded&#8221;][\/vc_column][vc_column width=&#8221;1\/2&#8243;][vc_custom_heading text=&#8221;Nossa miss\u00e3o&#8221; use_theme_fonts=&#8221;yes&#8221;][vc_column_text]<span data-sheets-root=\"1\" data-sheets-value=\"{&quot;1&quot;:2,&quot;2&quot;:&quot;NOSSA MISS\u00c3O \u00e9 atender \u00e0s demandas precisas de cada cliente com o aux\u00edlio do fornecimento de solu\u00e7\u00f5es de cart\u00e3o duplex confi\u00e1veis, de ponta e sustent\u00e1veis. Al\u00e9m de nos responsabilizarmos pelo nosso impacto ambiental, nos dedicamos a produzir maravilhosos produtos de cart\u00e3o duplex usando tecnologia moderna e t\u00e9cnicas de fabrica\u00e7\u00e3o ambientalmente excelentes. Ao oferecer um excelente suporte ao cliente, respostas especializadas e transporte r\u00e1pido, pretendemos superar as expectativas dos nossos clientes. Nosso compromisso \u00e9 nos tornarmos associados m\u00f3veis de nossos clientes, fornecendo-lhes as fontes de que necessitam para administrar suas empresas de maneira eficaz. Estamos empenhados em criar alternativas adequadas no setor de impress\u00e3o e embalagem e ajudar a garantir que todos tenham um destino mais sustent\u00e1vel.&quot;}\" data-sheets-formula=\"=GOOGLETRANSLATE(R[0]C[-3],&quot;en&quot;,&quot;pt&quot;)\">NOSSA MISS\u00c3O \u00e9 atender \u00e0s demandas precisas de cada cliente com o aux\u00edlio do fornecimento de solu\u00e7\u00f5es de cart\u00e3o duplex confi\u00e1veis, de ponta e sustent\u00e1veis. Al\u00e9m de nos responsabilizarmos pelo nosso impacto ambiental, nos dedicamos a produzir maravilhosos produtos de cart\u00e3o duplex usando tecnologia moderna e t\u00e9cnicas de fabrica\u00e7\u00e3o ambientalmente excelentes. Ao oferecer um excelente suporte ao cliente, respostas especializadas e transporte r\u00e1pido, pretendemos superar as expectativas dos nossos clientes. Nosso compromisso \u00e9 nos tornarmos associados m\u00f3veis de nossos clientes, fornecendo-lhes as fontes de que necessitam para administrar suas empresas de maneira eficaz. Estamos empenhados em criar alternativas adequadas no setor de impress\u00e3o e embalagem e ajudar a garantir que todos tenham um destino mais sustent\u00e1vel.<\/span>[\/vc_column_text][\/vc_column][\/vc_row][vc_row full_width=&#8221;stretch_row_content_no_spaces&#8221; css=&#8221;.vc_custom_1707585079947{background-color: #24315e !important;}&#8221;][vc_column width=&#8221;1\/2&#8243;][vc_row_inner el_class=&#8221;overlap-right&#8221; css=&#8221;.vc_custom_1707585109458{background-color: #24315e !important;}&#8221;][vc_column_inner width=&#8221;1\/4&#8243;][\/vc_column_inner][vc_column_inner el_class=&#8221;shadow-box&#8221; width=&#8221;3\/4&#8243; css=&#8221;.vc_custom_1707585127003{background-color: #24315e !important;}&#8221;]<span style=\"color:#ffffff\" class=\"subtitle dash-false style-dark text-default\">PAPEL PR\u00d3TON<\/span>[vc_column_text]<\/p>\n<h2><span data-sheets-root=\"1\" data-sheets-value=\"{&quot;1&quot;:2,&quot;2&quot;:&quot;POR DENTRO DA IND\u00daSTRIA DE PAPEL PROTON&quot;}\" data-sheets-formula=\"=GOOGLETRANSLATE(R[0]C[-3],&quot;en&quot;,&quot;pt&quot;)\">POR DENTRO DA IND\u00daSTRIA DE PAPEL PROTON<\/span><\/h2>\n<p>[\/vc_column_text][vc_column_text]<span data-sheets-root=\"1\" data-sheets-value=\"{&quot;1&quot;:2,&quot;2&quot;:&quot;Descubra PROTON PAPER INDUSTRY nesta cativante jornada de v\u00eddeo. Testemunhe a produ\u00e7\u00e3o de papel com tecnologia moderna, transformamos a PULP em um requintado PAPEL DUPLEX. Experimente a ess\u00eancia da nossa dedica\u00e7\u00e3o \u00e0 qualidade e sustentabilidade&quot;}\" data-sheets-formula=\"=GOOGLETRANSLATE(R[0]C[-3],&quot;en&quot;,&quot;pt&quot;)\">Descubra PROTON PAPER INDUSTRY nesta cativante jornada de v\u00eddeo. Testemunhe a produ\u00e7\u00e3o de papel com tecnologia moderna, transformamos a PULP em um requintado PAPEL DUPLEX. Experimente a ess\u00eancia da nossa dedica\u00e7\u00e3o \u00e0 qualidade e sustentabilidade<\/span>[\/vc_column_text][\/vc_column_inner][\/vc_row_inner][\/vc_column][vc_column width=&#8221;1\/2&#8243; el_class=&#8221;cross_shape&#8221; css=&#8221;.vc_custom_1707585719517{margin-top: 0px !important;margin-bottom: 0px !important;}&#8221;][vc_single_image image=&#8221;14460&#8243; onclick=&#8221;custom_link&#8221; img_link_target=&#8221;_blank&#8221; link=&#8221;https:\/\/www.youtube.com\/watch?v=Ur6QSSkcf0M&amp;t=33s&#8221; css=&#8221;.vc_custom_1710915383551{margin-top: 0px !important;margin-bottom: 0px !important;}&#8221;][\/vc_column][\/vc_row][vc_row full_width=&#8221;stretch_row&#8221; css=&#8221;.vc_custom_1705566226397{background-position: 0 0 !important;background-repeat: repeat !important;}&#8221; el_class=&#8221;spaced&#8221;][vc_column css_animation=&#8221;fadeInUp&#8221; css=&#8221;.vc_custom_1705564550727{padding-top: 0px !important;}&#8221;][vc_custom_heading text=&#8221;Nosso valor&#8221; font_container=&#8221;tag:h2|text_align:center&#8221; use_theme_fonts=&#8221;yes&#8221;]<div class=\"dash style-dark centered\"><\/div>[vc_row_inner][vc_column_inner width=&#8221;1\/3&#8243;]<div class=\"feature-box icon-top-centered box-unboxed spacing-30 spacing-mob-30\" style=\"background-color:#24315e\"><i class=\"fa fa-hand-paper-o\" style=\"color:#ffffff\"><\/i><div class=\"content-wrapper\"><h3 class=\"feature-title\" style=\"color:#ffffff\">Respeito<\/h3><p class=\"feature-text\" style=\"color:#ffffff\">Respeitamos nossos clientes, colaboradores, parceiros e fornecedores. Respeitamos o meio ambiente, nosso dever social e legal<\/p><\/div><\/div>[\/vc_column_inner][vc_column_inner width=&#8221;1\/3&#8243;]<div class=\"feature-box icon-top-centered box-default spacing-30 spacing-mob-30\" style=\"background-color:#24315e\"><i class=\"fa fa-retweet\" style=\"color:#ffffff\"><\/i><div class=\"content-wrapper\"><h3 class=\"feature-title\" style=\"color:#ffffff\">Integridade<\/h3><p class=\"feature-text\" style=\"color:#ffffff\">Acreditamos na integridade nos neg\u00f3cios e confiamos que nossos funcion\u00e1rios s\u00e3o \u00e9ticos e honestos<\/p><\/div><\/div>[\/vc_column_inner][vc_column_inner width=&#8221;1\/3&#8243;]<div class=\"feature-box icon-top-centered box-default spacing-30 spacing-mob-30\" style=\"background-color:#24315e\"><i class=\"fa fa-balance-scale\" style=\"color:#ffffff\"><\/i><div class=\"content-wrapper\"><h3 class=\"feature-title\" style=\"color:#ffffff\">Justi\u00e7a<\/h3><p class=\"feature-text\" style=\"color:#ffffff\">Tratamos todos os nossos funcion\u00e1rios igualmente e os desenvolvemos e promovemos com justi\u00e7a<\/p><\/div><\/div>[\/vc_column_inner][\/vc_row_inner][\/vc_column][\/vc_row][vc_row][vc_column][vc_custom_heading text=&#8221;Nossa jornada&#8221; font_container=&#8221;tag:h2|text_align:center&#8221; use_theme_fonts=&#8221;yes&#8221;][vc_row_inner][vc_column_inner][vc_single_image image=&#8221;14027&#8243; alignment=&#8221;center&#8221;][\/vc_column_inner][\/vc_row_inner][\/vc_column][\/vc_row][vc_row css=&#8221;.vc_custom_1707248281671{margin-top: 60px !important;}&#8221;][vc_column][vc_custom_heading text=&#8221;Certificado&#8221; font_container=&#8221;tag:h2|text_align:center&#8221; use_theme_fonts=&#8221;yes&#8221;][vc_row_inner][vc_column_inner width=&#8221;1\/5&#8243;][vc_single_image image=&#8221;14332&#8243; img_size=&#8221;300&#215;425&#8243; alignment=&#8221;center&#8221; style=&#8221;vc_box_border&#8221; border_color=&#8221;white&#8221; el_class=&#8221;certificate&#8221;][\/vc_column_inner][vc_column_inner width=&#8221;1\/5&#8243;][vc_single_image image=&#8221;14329&#8243; img_size=&#8221;300&#215;425&#8243; alignment=&#8221;center&#8221; style=&#8221;vc_box_border&#8221; border_color=&#8221;white&#8221;][\/vc_column_inner][vc_column_inner width=&#8221;1\/5&#8243;][vc_single_image image=&#8221;14331&#8243; img_size=&#8221;300&#215;425&#8243; alignment=&#8221;center&#8221; style=&#8221;vc_box_border&#8221; border_color=&#8221;white&#8221;][\/vc_column_inner][vc_column_inner width=&#8221;1\/5&#8243;][vc_single_image image=&#8221;14430&#8243; img_size=&#8221;300&#215;425&#8243; alignment=&#8221;center&#8221; style=&#8221;vc_box_border&#8221; border_color=&#8221;white&#8221;][\/vc_column_inner][vc_column_inner width=&#8221;1\/5&#8243;][vc_single_image image=&#8221;14431&#8243; img_size=&#8221;300&#215;425&#8243; alignment=&#8221;center&#8221; style=&#8221;vc_box_border&#8221; border_color=&#8221;white&#8221;][\/vc_column_inner][\/vc_row_inner][\/vc_column][\/vc_row][vc_row disable_element=&#8221;yes&#8221;][vc_column][vc_custom_heading text=&#8221;Our Journey&#8221; font_container=&#8221;tag:h2|text_align:center&#8221; use_theme_fonts=&#8221;yes&#8221;][vc_column_text][cool-timeline layout=&#8221;default&#8221; skin=&#8221;default&#8221; date-format=&#8221;Y&#8221; show-posts=&#8221;10&#8243; animation=&#8221;none&#8221; icons=&#8221;YES&#8221; order=&#8221;DESC&#8221; story-content=&#8221;short&#8221;][\/vc_column_text][\/vc_column][\/vc_row]<\/p>\n<\/section>","protected":false},"excerpt":{"rendered":"<p>[vc_row gap=&#8221;15&#8243; css=&#8221;.vc_custom_1536842181479{margin-bottom: 80px !important;}&#8221;][vc_column][vc_custom_heading text=&#8221;Resumo (Sobre a ind\u00fastria de papel Proton)&#8221; font_container=&#8221;tag:h2|text_align:center&#8221; use_theme_fonts=&#8221;yes&#8221;][vc_column_text]N\u00f3s somos um fabricante da PROTON PAPER INDUSTRY de cart\u00e3o de papel duplex em v\u00e1rios GSM e variantes usados \u200b\u200b\u200b\u200bprincipalmente para diversas aplica\u00e7\u00f5es de impress\u00e3o e embalagem. Nosso papel \u00e9 uma solu\u00e7\u00e3o sustent\u00e1vel e confi\u00e1vel para atender \u00e0s necessidades de embalagem de [&hellip;]<\/p>\n","protected":false},"author":1,"featured_media":13688,"parent":0,"menu_order":0,"comment_status":"closed","ping_status":"closed","template":"","meta":{"footnotes":""},"class_list":["post-7950","page","type-page","status-publish","has-post-thumbnail","hentry"],"acf":[],"_links":{"self":[{"href":"https:\/\/protonpaper.com\/pt\/wp-json\/wp\/v2\/pages\/7950","targetHints":{"allow":["GET"]}}],"collection":[{"href":"https:\/\/protonpaper.com\/pt\/wp-json\/wp\/v2\/pages"}],"about":[{"href":"https:\/\/protonpaper.com\/pt\/wp-json\/wp\/v2\/types\/page"}],"author":[{"embeddable":true,"href":"https:\/\/protonpaper.com\/pt\/wp-json\/wp\/v2\/users\/1"}],"replies":[{"embeddable":true,"href":"https:\/\/protonpaper.com\/pt\/wp-json\/wp\/v2\/comments?post=7950"}],"version-history":[{"count":120,"href":"https:\/\/protonpaper.com\/pt\/wp-json\/wp\/v2\/pages\/7950\/revisions"}],"predecessor-version":[{"id":17058,"href":"https:\/\/protonpaper.com\/pt\/wp-json\/wp\/v2\/pages\/7950\/revisions\/17058"}],"wp:featuredmedia":[{"embeddable":true,"href":"https:\/\/protonpaper.com\/pt\/wp-json\/wp\/v2\/media\/13688"}],"wp:attachment":[{"href":"https:\/\/protonpaper.com\/pt\/wp-json\/wp\/v2\/media?parent=7950"}],"curies":[{"name":"wp","href":"https:\/\/api.w.org\/{rel}","templated":true}]}}