{"id":8552,"date":"2018-02-21T14:08:08","date_gmt":"2018-02-21T14:08:08","guid":{"rendered":"https:\/\/www.demo.themicart.com\/interico-wp\/?page_id=8552"},"modified":"2024-04-18T18:00:35","modified_gmt":"2024-04-18T12:30:35","slug":"duplex-board-paper-exporter","status":"publish","type":"page","link":"https:\/\/protonpaper.com\/pt\/duplex-board-paper-exporter\/","title":{"rendered":"Exporta\u00e7\u00f5es"},"content":{"rendered":"<section class=\"wpb-content-wrapper\"><p>[vc_row full_width=&#8221;stretch_row&#8221; equal_height=&#8221;yes&#8221; content_placement=&#8221;middle&#8221; el_class=&#8221;spaced&#8221;][vc_column width=&#8221;7\/12&#8243;][vc_single_image image=&#8221;14356&#8243; alignment=&#8221;center&#8221;][\/vc_column][vc_column width=&#8221;5\/12&#8243;][vc_row_inner css=&#8221;.vc_custom_1710174049486{margem esquerda: 0px !important;}&#8221;][vc_column_inner el_class=&#8221;shadow-box&#8221;]<span style=\"color:# ffffff\" class=\"subtitle dash-false style-dark text-default\"><\/span>[vc_column_text]<\/p>\n<p>Papel pr\u00f3ton<\/p>\n<p>A Proton Paper \u00e9 um conhecido fabricante e exportador de produtos de papel de alta qualidade. Nossos processos de fabrica\u00e7\u00e3o, apoiados em tecnologia avan\u00e7ada e profissionais qualificados, garantem a produ\u00e7\u00e3o de uma ampla variedade de produtos de papel para diversas ind\u00fastrias ao redor do mundo.<\/p>\n<p>Aderimos a rigorosas medidas de controle de qualidade em todas as etapas da fabrica\u00e7\u00e3o, desde a sele\u00e7\u00e3o da mat\u00e9ria-prima at\u00e9 o produto final. Este compromisso com a qualidade nos rendeu uma excelente reputa\u00e7\u00e3o no mercado global.<\/p>\n<p>Temos uma rede log\u00edstica bem desenvolvida para entregar nossos produtos de forma r\u00e1pida e eficiente aos nossos clientes em todo o mundo. Cumprimos todos os regulamentos e padr\u00f5es internacionais de exporta\u00e7\u00e3o para garantir um processo de exporta\u00e7\u00e3o tranquilo e sem complica\u00e7\u00f5es.<\/p>\n<p>Nosso compromisso com a satisfa\u00e7\u00e3o do cliente, combinado com nossa experi\u00eancia em fabrica\u00e7\u00e3o e exporta\u00e7\u00e3o, nos torna seu parceiro confi\u00e1vel para todas as suas necessidades de produtos de papel.[\/vc_column_text][\/vc_column_inner][\/vc_row_inner][\/vc_column][\/vc_row][vc_row][vc_column][vc_column_text]<\/p>\n<h2 style=\"text-align: center;\">Padr\u00f5es de embalagem de classe mundial<\/h2>\n<p>[\/vc_column_text][vc_column_text]<\/p>\n<p>Na Proton Paper Products, temos muito orgulho de nossa dedica\u00e7\u00e3o em manter os mais altos padr\u00f5es de embalagem para cada uma de nossas remessas. Um componente-chave da nossa estrat\u00e9gia de neg\u00f3cios \u00e9 o nosso compromisso de aderir aos padr\u00f5es internacionais de embalagem, o que garante que os nossos produtos cheguem em excelentes condi\u00e7\u00f5es com o m\u00ednimo impacto ambiental.<\/p>\n<p>[\/vc_column_text][\/vc_column][\/vc_row][vc_row][vc_column width=&#8221;1\/4&#8243;][vc_single_image image=&#8221;14057&#8243; alignment=&#8221;center&#8221; css_animation=&#8221;fadeInRightBig&#8221;][\/vc_column][vc_column width=&#8221;1\/4&#8243;][vc_single_image image=&#8221;14054&#8243; alignment=&#8221;center&#8221; css_animation=&#8221;fadeInRightBig&#8221;][\/vc_column][vc_column width=&#8221;1\/4&#8243;][vc_single_image image=&#8221;14055&#8243; alignment=&#8221;center&#8221; css_animation=&#8221;fadeInRightBig&#8221;][\/vc_column][vc_column width=&#8221;1\/4&#8243;][vc_single_image image=&#8221;14056&#8243; alignment=&#8221;center&#8221; css_animation=&#8221;fadeInRightBig&#8221;][\/vc_column][\/vc_row][vc_row][vc_column css=&#8221;.vc_custom_1707245868818{margem superior: 60px !important;}&#8221;][vc_column_text]<\/p>\n<h2 style=\"text-align: center;\">Papel duplex em todo o mundo<\/h2>\n<p>[\/vc_column_text][vc_column_text]<\/p>\n<p style=\"text-align: center;\">Fornecimento de papel duplex de alta qualidade para clientes em todo o mundo<\/p>\n<p>[\/vc_column_text][vc_basic_grid post_type=&#8221;post&#8221; max_items=&#8221;-1&#8243; grid_id=&#8221;vc_gid:1713434977073-fd4085ad-31b2-1&#8243; taxonomies=&#8221;68&#8243;][\/vc_column][\/vc_row]<\/p>\n<\/section>","protected":false},"excerpt":{"rendered":"<p>[vc_row full_width=&#8221;stretch_row&#8221; equal_height=&#8221;yes&#8221; content_placement=&#8221;middle&#8221; el_class=&#8221;spaced&#8221;][vc_column width=&#8221;7\/12&#8243;][vc_single_image image=&#8221;14356&#8243; alignment=&#8221;center&#8221;][\/vc_column][vc_column width=&#8221;5\/12&#8243;][vc_row_inner css=&#8221;.vc_custom_1710174049486{margem esquerda: 0px !important;}&#8221;][vc_column_inner el_class=&#8221;shadow-box&#8221;][vc_column_text] Papel pr\u00f3ton A Proton Paper \u00e9 um conhecido fabricante e exportador de produtos de papel de alta qualidade. Nossos processos de fabrica\u00e7\u00e3o, apoiados em tecnologia avan\u00e7ada e profissionais qualificados, garantem a produ\u00e7\u00e3o de uma ampla variedade de produtos de papel para [&hellip;]<\/p>\n","protected":false},"author":1,"featured_media":0,"parent":0,"menu_order":0,"comment_status":"closed","ping_status":"closed","template":"","meta":{"footnotes":""},"class_list":["post-8552","page","type-page","status-publish","hentry"],"acf":[],"_links":{"self":[{"href":"https:\/\/protonpaper.com\/pt\/wp-json\/wp\/v2\/pages\/8552","targetHints":{"allow":["GET"]}}],"collection":[{"href":"https:\/\/protonpaper.com\/pt\/wp-json\/wp\/v2\/pages"}],"about":[{"href":"https:\/\/protonpaper.com\/pt\/wp-json\/wp\/v2\/types\/page"}],"author":[{"embeddable":true,"href":"https:\/\/protonpaper.com\/pt\/wp-json\/wp\/v2\/users\/1"}],"replies":[{"embeddable":true,"href":"https:\/\/protonpaper.com\/pt\/wp-json\/wp\/v2\/comments?post=8552"}],"version-history":[{"count":68,"href":"https:\/\/protonpaper.com\/pt\/wp-json\/wp\/v2\/pages\/8552\/revisions"}],"predecessor-version":[{"id":14821,"href":"https:\/\/protonpaper.com\/pt\/wp-json\/wp\/v2\/pages\/8552\/revisions\/14821"}],"wp:attachment":[{"href":"https:\/\/protonpaper.com\/pt\/wp-json\/wp\/v2\/media?parent=8552"}],"curies":[{"name":"wp","href":"https:\/\/api.w.org\/{rel}","templated":true}]}}